{"id":1003,"date":"2018-06-29T19:55:46","date_gmt":"2018-06-29T22:55:46","guid":{"rendered":"https:\/\/ifdgomez-crr.infd.edu.ar\/sitio\/enlaces-de-interes\/"},"modified":"2023-04-16T18:42:09","modified_gmt":"2023-04-16T21:42:09","slug":"enlaces-de-interes","status":"publish","type":"page","link":"https:\/\/ifdgomez-crr.infd.edu.ar\/sitio\/enlaces-de-interes\/","title":{"rendered":"Enlaces de Inter\u00e9s"},"content":{"rendered":"<p style=\"text-align: center;\"><span style=\"text-decoration: underline; font-size: 12pt; font-family: verdana, geneva; color: #008000;\"><strong>Enlaces de Inter\u00e9s<\/strong><\/span><span style=\"font-size: 12pt; font-family: verdana, geneva; color: #008000;\"><strong>\u00a0 \u00a0 \u00a0 \u00a0 \u00a0 \u00a0 \u00a0 \u00a0 \u00a0 \u00a0 \u00a0<\/strong><\/span><span style=\"font-size: 12pt; font-family: verdana, geneva; color: #008000;\"><strong>\u00a0<\/strong><\/span><span style=\"text-decoration: underline; font-size: 12pt; font-family: verdana, geneva; color: #008000;\"><strong><strong><strong><img decoding=\"async\" loading=\"lazy\" src=\"https:\/\/ifdgomez-crr.infd.edu.ar\/sitio\/wp-content\/uploads\/2018\/06\/2dJTIinVXJMRiimagen_incrustada1.jpg\" width=\"240\" height=\"69\" border=\"0\" \/><\/strong><\/strong><br \/>\n<\/strong><\/span><\/p>\n<p><a style=\"font-family: verdana, geneva; font-size: 12pt; text-align: justify;\" title=\"Direcci\u00f3n de Educaci\u00f3n Superior de la Provincia de Corrientes\" href=\"https:\/\/www.mec.gob.ar\/\" target=\"_blank\" rel=\"noopener\"><img decoding=\"async\" title=\"accept\" src=\"https:\/\/ifdgomez-crr.infd.edu.ar\/sitio\/wp-content\/uploads\/2018\/06\/accept_1.png\" alt=\"accept\" border=\"0\" \/>Ministerio de Educaci\u00f3n de Corrientes<\/a><\/p>\n<p><a style=\"font-family: verdana, geneva; font-size: 12pt; text-align: justify;\" title=\"Direcci\u00f3n de Educaci\u00f3n Superior de la Provincia de Corrientes\" href=\"https:\/\/www.mec.gob.ar\/\" target=\"_blank\" rel=\"noopener\"><img decoding=\"async\" title=\"accept\" src=\"https:\/\/ifdgomez-crr.infd.edu.ar\/sitio\/wp-content\/uploads\/2018\/06\/accept_1.png\" alt=\"accept\" border=\"0\" \/><\/a><a style=\"font-family: verdana, geneva; font-size: 12pt; text-align: justify;\" title=\"Direcci\u00f3n de Educaci\u00f3n Superior de la Provincia de Corrientes\" href=\"http:\/\/www.dgescorrientes.net\/\" target=\"_blank\" rel=\"noopener\">Direcci\u00f3n de Educaci\u00f3n Superior de la Provincia de Corrientes<\/a><\/p>\n<p><a style=\"font-family: verdana, geneva; font-size: 12pt; text-align: justify;\" title=\"Direcci\u00f3n de Educaci\u00f3n Superior de la Provincia de Corrientes\" href=\"https:\/\/www.mec.gob.ar\/\" target=\"_blank\" rel=\"noopener\"><img decoding=\"async\" title=\"accept\" src=\"https:\/\/ifdgomez-crr.infd.edu.ar\/sitio\/wp-content\/uploads\/2018\/06\/accept_1.png\" alt=\"accept\" border=\"0\" \/><\/a><a href=\"https:\/\/simaeducativa.mec.gob.ar\/\" target=\"_blank\" rel=\"noopener\">SIMA Educativa<\/a><\/p>\n<p><a style=\"font-family: verdana, geneva; font-size: 12pt; text-align: justify;\" title=\"Direcci\u00f3n de Educaci\u00f3n Superior de la Provincia de Corrientes\" href=\"https:\/\/www.mec.gob.ar\/\" target=\"_blank\" rel=\"noopener\"><img decoding=\"async\" title=\"accept\" src=\"https:\/\/ifdgomez-crr.infd.edu.ar\/sitio\/wp-content\/uploads\/2018\/06\/accept_1.png\" alt=\"accept\" border=\"0\" \/><\/a><a href=\"https:\/\/red.infd.edu.ar\/\" target=\"_blank\" rel=\"noopener\">Instituto Nacional de Formaci\u00f3n Docente<\/a><\/p>\n<p><a style=\"font-family: verdana, geneva; font-size: 12pt; text-align: justify;\" title=\"Direcci\u00f3n de Educaci\u00f3n Superior de la Provincia de Corrientes\" href=\"https:\/\/www.mec.gob.ar\/\" target=\"_blank\" rel=\"noopener\"><img decoding=\"async\" title=\"accept\" src=\"https:\/\/ifdgomez-crr.infd.edu.ar\/sitio\/wp-content\/uploads\/2018\/06\/accept_1.png\" alt=\"accept\" border=\"0\" \/><\/a><a href=\"https:\/\/infod.educacion.gob.ar\/cursos\" target=\"_blank\" rel=\"noopener\">INFoD-Programa Nacional de Formaci\u00f3n Permanente<\/a><\/p>\n<p><a title=\"Direcci\u00f3n de Educaci\u00f3n Superior de la Provincia de Corrientes\" href=\"http:\/\/www.dgescorrientes.net\/\" target=\"_blank\" rel=\"noopener\"><img decoding=\"async\" title=\"accept\" src=\"https:\/\/ifdgomez-crr.infd.edu.ar\/sitio\/wp-content\/uploads\/2018\/06\/accept_1.png\" alt=\"accept\" border=\"0\" \/><\/a><span style=\"font-size: 12pt; font-family: verdana, geneva;\"><a title=\"inet\" href=\"http:\/\/www.inet.edu.ar\/\" target=\"_blank\" rel=\"noopener\">Instituto Nacional de Educaci\u00f3n Tecnol\u00f3gica<\/a><\/span><\/p>\n<p><span style=\"font-family: verdana, geneva; font-size: 12pt;\"><a title=\"Direcci\u00f3n de Educaci\u00f3n Superior de la Provincia de Corrientes\" href=\"http:\/\/www.dgescorrientes.net\/\" target=\"_blank\" rel=\"noopener\"><img decoding=\"async\" title=\"accept\" src=\"https:\/\/ifdgomez-crr.infd.edu.ar\/sitio\/wp-content\/uploads\/2018\/06\/accept_1.png\" alt=\"accept\" border=\"0\" \/><\/a><a title=\"Ministerio de educaci\u00f3n de Naci\u00f3n\" href=\"https:\/\/www.argentina.gob.ar\/educacion\" target=\"_blank\" rel=\"noopener\">Ministerio de Educaci\u00f3n y Deportes de la Naci\u00f3n<\/a><\/span><\/p>\n","protected":false},"excerpt":{"rendered":"<p>Enlaces de Inter\u00e9s\u00a0 \u00a0 \u00a0 \u00a0 \u00a0 \u00a0 \u00a0 \u00a0 \u00a0 \u00a0 \u00a0\u00a0 Ministerio de Educaci\u00f3n de Corrientes Direcci\u00f3n de Educaci\u00f3n Superior de la Provincia de Corrientes SIMA Educativa Instituto Nacional de Formaci\u00f3n Docente INFoD-Programa Nacional de Formaci\u00f3n Permanente Instituto Nacional de Educaci\u00f3n Tecnol\u00f3gica Ministerio de Educaci\u00f3n y Deportes de la Naci\u00f3n<\/p>\n","protected":false},"author":748,"featured_media":0,"parent":0,"menu_order":0,"comment_status":"closed","ping_status":"closed","template":"","meta":[],"acf":[],"_links":{"self":[{"href":"https:\/\/ifdgomez-crr.infd.edu.ar\/sitio\/wp-json\/wp\/v2\/pages\/1003"}],"collection":[{"href":"https:\/\/ifdgomez-crr.infd.edu.ar\/sitio\/wp-json\/wp\/v2\/pages"}],"about":[{"href":"https:\/\/ifdgomez-crr.infd.edu.ar\/sitio\/wp-json\/wp\/v2\/types\/page"}],"author":[{"embeddable":true,"href":"https:\/\/ifdgomez-crr.infd.edu.ar\/sitio\/wp-json\/wp\/v2\/users\/748"}],"replies":[{"embeddable":true,"href":"https:\/\/ifdgomez-crr.infd.edu.ar\/sitio\/wp-json\/wp\/v2\/comments?post=1003"}],"version-history":[{"count":2,"href":"https:\/\/ifdgomez-crr.infd.edu.ar\/sitio\/wp-json\/wp\/v2\/pages\/1003\/revisions"}],"predecessor-version":[{"id":3438,"href":"https:\/\/ifdgomez-crr.infd.edu.ar\/sitio\/wp-json\/wp\/v2\/pages\/1003\/revisions\/3438"}],"wp:attachment":[{"href":"https:\/\/ifdgomez-crr.infd.edu.ar\/sitio\/wp-json\/wp\/v2\/media?parent=1003"}],"curies":[{"name":"wp","href":"https:\/\/api.w.org\/{rel}","templated":true}]}}