{"id":1011,"date":"2018-06-29T19:55:48","date_gmt":"2018-06-29T22:55:48","guid":{"rendered":"https:\/\/ifdgomez-crr.infd.edu.ar\/sitio\/sub-sede-yapeyu\/"},"modified":"2022-02-22T17:54:23","modified_gmt":"2022-02-22T20:54:23","slug":"sub-sede-yapeyu","status":"publish","type":"page","link":"https:\/\/ifdgomez-crr.infd.edu.ar\/sitio\/sub-sede-yapeyu\/","title":{"rendered":"Sub-Sede Yapey\u00fa"},"content":{"rendered":"<p><img decoding=\"async\" loading=\"lazy\" class=\"alignleft\" title=\"\" src=\"https:\/\/ifdgomez-crr.infd.edu.ar\/sitio\/wp-content\/uploads\/2018\/06\/SUBSEDE_YAPEYU.jpg\" alt=\"\" width=\"296\" height=\"182\" border=\"0\" \/><\/p>\n<p style=\"text-align: justify;\"><span style=\"font-size: 10pt; color: #515151;\">El 21 de Mayo de 2010 se crea por RESOLUCI\u00d3N MINISTERIAL N\u00ba 1073 la Sub Sede Yapey\u00fa, del Institutito Superior de Formaci\u00f3n Docente Profesor Agust\u00edn G\u00f3mez. En forma conjunta se realiza la apertura de la \u201c<strong>Tecnicatura Superior en Turismo con Orientaci\u00f3n en Turismo Rural\u201d<\/strong><\/span><\/p>\n<p style=\"text-align: justify;\"><span style=\"font-size: 10pt; color: #515151;\">En el a\u00f1o 2012 a trav\u00e9s de la resoluci\u00f3n Ministerial 553\/12 se aprueba la \u00a0<strong>Tecnicatura Superior en Infraestructura Inform\u00e1tica.<\/strong><\/span><\/p>\n<p style=\"text-align: justify;\"><em style=\"color: #515151; font-size: 10pt;\"><strong>Fundadores<\/strong><\/em><span style=\"color: #515151; font-size: 10pt;\">\u00a0<\/span><\/p>\n<ul>\n<li style=\"text-align: justify;\"><span style=\"color: #515151;\"><span style=\"font-size: 10pt;\"><em>Gobernador de la Provincia de Corrientes: Ricardo Colombi.<\/em><\/span><\/span><\/li>\n<li style=\"text-align: justify;\"><span style=\"font-size: 10pt; color: #515151;\"><em>Ministro de Educaci\u00f3n y Cultura: Orlando \u00c1ngel Macci\u00f3 \u00a0\u00a0\u00a0\u00a0\u00a0\u00a0\u00a0\u00a0\u00a0 <\/em><\/span><\/li>\n<li style=\"text-align: justify;\"><span style=\"font-size: 10pt; color: #515151;\"><em>Secretario General:\u00a0 Norberto Argentino Sanabria\u00a0 <\/em><\/span><\/li>\n<li style=\"text-align: justify;\"><span style=\"font-size: 10pt; color: #515151;\"><em>Directora General de Educaci\u00f3n Superior: Susana Graciela Nugara<\/em><\/span><\/li>\n<li style=\"text-align: justify;\"><span style=\"font-size: 10pt; color: #515151;\"><em>Supervisora: Griselda Monticelli<\/em><\/span><\/li>\n<li style=\"text-align: justify;\"><span style=\"font-size: 10pt; color: #515151;\"><em>Rectora IFD PAG: Isabel Pitura <\/em><\/span><\/li>\n<li style=\"text-align: justify;\"><span style=\"font-size: 10pt; color: #515151;\"><em>Intendente Municipal de Yapey\u00fa: Gustavo Adan\u00a0 Gaya.<\/em><\/span><\/li>\n<li style=\"text-align: justify;\"><span style=\"font-size: 10pt; color: #515151;\"><em>Coordinador Generarla de Carreara :Marcelo Alejandro Delari<\/em><\/span><\/li>\n<\/ul>\n<p><span style=\"font-size: 10pt; color: #515151;\"><img decoding=\"async\" loading=\"lazy\" title=\"\" src=\"https:\/\/ifdgomez-crr.infd.edu.ar\/sitio\/wp-content\/uploads\/2018\/06\/domicilio.png\" alt=\"\" width=\"22\" height=\"22\" border=\"0\" \/>\u00a0OBISPO ROMERO s\/n\u00ba. Yapey\u00fa. Corrientes.<\/span><\/p>\n<p><span style=\"font-size: 10pt; color: #515151;\"><img decoding=\"async\" loading=\"lazy\" title=\"\" src=\"https:\/\/ifdgomez-crr.infd.edu.ar\/sitio\/wp-content\/uploads\/2018\/06\/telefonos.png\" alt=\"\" width=\"26\" height=\"26\" border=\"0\" \/>\u00a0<span style=\"font-size: 12pt;\">03772-15431970<\/span><\/span><\/p>\n<p><em>.<\/em>\u00a0<img decoding=\"async\" loading=\"lazy\" style=\"display: block; margin-left: auto; margin-right: auto;\" title=\"\" src=\"https:\/\/ifdgomez-crr.infd.edu.ar\/sitio\/wp-content\/uploads\/2018\/06\/Colegio_Yapeyu.jpg\" alt=\"\" width=\"532\" height=\"399\" border=\"0\" \/><\/p>\n<p style=\"text-align: center;\"><span style=\"font-size: 10pt;\"><strong>Rectora<\/strong>: Prof. Elena Pikarski<\/span><\/p>\n<p style=\"text-align: center;\"><span style=\"font-size: 10pt;\"><strong>Vice Rectora<\/strong>: Prof. Beatriz Tartaglino<\/span><\/p>\n<p style=\"text-align: center;\"><span style=\"font-size: 10pt;\"><strong>Coordinador de subsede<\/strong>: Prof: Vanesa Fagundez<\/span><\/p>\n","protected":false},"excerpt":{"rendered":"<p>El 21 de Mayo de 2010 se crea por RESOLUCI\u00d3N MINISTERIAL N\u00ba 1073 la Sub Sede Yapey\u00fa, del Institutito Superior de Formaci\u00f3n Docente Profesor Agust\u00edn G\u00f3mez. En forma conjunta se realiza la apertura de la \u201cTecnicatura Superior en Turismo con Orientaci\u00f3n en Turismo Rural\u201d En el a\u00f1o 2012 a trav\u00e9s de la resoluci\u00f3n Ministerial 553\/12 &#8230; <a title=\"Sub-Sede Yapey\u00fa\" class=\"read-more\" href=\"https:\/\/ifdgomez-crr.infd.edu.ar\/sitio\/sub-sede-yapeyu\/\" aria-label=\"More on Sub-Sede Yapey\u00fa\">[+]<\/a><\/p>\n","protected":false},"author":748,"featured_media":0,"parent":0,"menu_order":0,"comment_status":"closed","ping_status":"closed","template":"","meta":[],"acf":[],"_links":{"self":[{"href":"https:\/\/ifdgomez-crr.infd.edu.ar\/sitio\/wp-json\/wp\/v2\/pages\/1011"}],"collection":[{"href":"https:\/\/ifdgomez-crr.infd.edu.ar\/sitio\/wp-json\/wp\/v2\/pages"}],"about":[{"href":"https:\/\/ifdgomez-crr.infd.edu.ar\/sitio\/wp-json\/wp\/v2\/types\/page"}],"author":[{"embeddable":true,"href":"https:\/\/ifdgomez-crr.infd.edu.ar\/sitio\/wp-json\/wp\/v2\/users\/748"}],"replies":[{"embeddable":true,"href":"https:\/\/ifdgomez-crr.infd.edu.ar\/sitio\/wp-json\/wp\/v2\/comments?post=1011"}],"version-history":[{"count":4,"href":"https:\/\/ifdgomez-crr.infd.edu.ar\/sitio\/wp-json\/wp\/v2\/pages\/1011\/revisions"}],"predecessor-version":[{"id":3421,"href":"https:\/\/ifdgomez-crr.infd.edu.ar\/sitio\/wp-json\/wp\/v2\/pages\/1011\/revisions\/3421"}],"wp:attachment":[{"href":"https:\/\/ifdgomez-crr.infd.edu.ar\/sitio\/wp-json\/wp\/v2\/media?parent=1011"}],"curies":[{"name":"wp","href":"https:\/\/api.w.org\/{rel}","templated":true}]}}