{"id":1026,"date":"2018-06-29T19:55:53","date_gmt":"2018-06-29T22:55:53","guid":{"rendered":"https:\/\/ifdgomez-crr.infd.edu.ar\/sitio\/profesorado-de-educacion-secundaria-en-biologia\/"},"modified":"2025-06-11T18:52:04","modified_gmt":"2025-06-11T21:52:04","slug":"profesorado-de-educacion-secundaria-en-biologia","status":"publish","type":"page","link":"https:\/\/ifdgomez-crr.infd.edu.ar\/sitio\/profesorado-de-educacion-secundaria-en-biologia\/","title":{"rendered":"Profesorado de Educaci\u00f3n Secundaria en Biolog\u00eda"},"content":{"rendered":"<p style=\"text-align: justify;\"><span style=\"font-size: 12pt;\"><strong style=\"font-size: 10px;\"><img decoding=\"async\" loading=\"lazy\" style=\"display: block; border: 0; float: right; margin: 10px;\" title=\"biolog\u00eda\" src=\"https:\/\/desarrollosustentable403.files.wordpress.com\/2015\/02\/mundo-ecologico.jpg\" alt=\"biolog\u00eda\" width=\"261\" height=\"196\" border=\"0\" \/><span style=\"font-family: verdana, geneva;\"><strong style=\"font-size: 10px;\"><strong style=\"font-size: 10px;\"><span style=\"text-decoration: underline;\"><span style=\"font-family: verdana, geneva; font-size: 12pt;\"><strong><span style=\"font-family: verdana, geneva;\">Objetivos<\/span><\/strong><\/span><\/span><\/strong><\/strong><\/span><\/strong><\/span><\/p>\n<p style=\"text-align: justify;\"><span style=\"font-family: verdana, geneva; font-size: 12pt; text-align: justify;\"><img decoding=\"async\" title=\"accept\" src=\"https:\/\/ifdgomez-crr.infd.edu.ar\/sitio\/wp-content\/uploads\/2018\/06\/accept_1.png\" alt=\"accept\" border=\"0\" \/><span style=\"color: #000000;\">Contribuir al fortalecimiento de la Educaci\u00f3n Secundaria Provincial, entendida \u00e9sta como una Unidad Pedag\u00f3gica y como un factor estrat\u00e9gico para garantizar la equidad y la inclusi\u00f3n social, a trav\u00e9s de la Formaci\u00f3n Inicial de Profesores de Educaci\u00f3n Secundaria en Biolog\u00eda, dentro del marco general que plantean las Pol\u00edticas Educativas Nacionales y Provinciales.<\/span><\/span><\/p>\n<p style=\"text-align: justify;\"><span style=\"font-family: verdana, geneva; font-size: 12pt; text-align: justify;\"><img decoding=\"async\" title=\"accept\" src=\"https:\/\/ifdgomez-crr.infd.edu.ar\/sitio\/wp-content\/uploads\/2018\/06\/accept_1.png\" alt=\"accept\" border=\"0\" \/><span style=\"color: #000000;\">Formar docentes capaces de asumirse como educadores comprometidos y s\u00f3lidamente formados con quienes se vinculan los adolescentes, j\u00f3venes y adultos\u00a0de modo sistem\u00e1tico, y de desplegar pr\u00e1cticas educativas contextualizadas, desde claros posicionamientos te\u00f3ricos, con creatividad, esp\u00edritu de innovaci\u00f3n, compromiso social y respeto por la diversidad.<\/span><\/span><\/p>\n<p style=\"text-align: justify;\"><span style=\"font-family: verdana, geneva; font-size: 12pt; text-align: justify;\"><img decoding=\"async\" title=\"accept\" src=\"https:\/\/ifdgomez-crr.infd.edu.ar\/sitio\/wp-content\/uploads\/2018\/06\/accept_1.png\" alt=\"accept\" border=\"0\" \/><span style=\"color: #000000;\">Garantizar una formaci\u00f3n docente inicial integral, a trav\u00e9s del desarrollo equilibrado de los campos de formaci\u00f3n pedag\u00f3gica, espec\u00edfica y de la pr\u00e1ctica profesional docente, con los aportes de las diferentes \u00e1reas del conocimiento.<\/span><\/span><\/p>\n<p style=\"text-align: justify;\"><span style=\"font-family: verdana, geneva; font-size: 12pt; text-align: justify;\"><img decoding=\"async\" title=\"accept\" src=\"https:\/\/ifdgomez-crr.infd.edu.ar\/sitio\/wp-content\/uploads\/2018\/06\/accept_1.png\" alt=\"accept\" border=\"0\" \/><span style=\"color: #000000;\">Promover el desarrollo de habilidades y actitudes para el ejercicio \u00e9tico, racional, reflexivo, cr\u00edtico y eficiente de la docencia, entendiendo que la Educaci\u00f3n Secundaria es un derecho y un deber social, y que los adolescentes, j\u00f3venes y adultos son sujetos de derecho, seres sociales, integrantes de una familia y de una comunidad, que poseen caracter\u00edsticas personales, sociales, culturales y ling\u00fc\u00edsticas particulares y que aprenden en un proceso constructivo y relacional con su ambiente.<\/span><\/span><\/p>\n<p style=\"text-align: justify;\"><span style=\"font-family: verdana, geneva; font-size: 12pt; text-align: justify;\"><img decoding=\"async\" title=\"accept\" src=\"https:\/\/ifdgomez-crr.infd.edu.ar\/sitio\/wp-content\/uploads\/2018\/06\/accept_1.png\" alt=\"accept\" border=\"0\" \/><span style=\"color: #000000;\">Estimular procesos que impulsen la cooperaci\u00f3n y la conformaci\u00f3n de redes interinstitucionales, el trabajo en grupo y la responsabilidad, propiciando la formaci\u00f3n de ciudadanos y profesionales conscientes de sus deberes y derechos, dispuestos y capacitados para participar y liderar en la detecci\u00f3n y soluci\u00f3n de los problemas \u00e1ulicos, institucionales y comunitarios diversos.<\/span><\/span><\/p>\n<p style=\"text-align: justify;\"><span style=\"font-size: 12pt; color: #008000;\"><span style=\"font-family: verdana, geneva;\"><span style=\"font-family: verdana, geneva;\"><span style=\"font-family: verdana, geneva;\"><strong><span style=\"font-family: verdana, geneva;\"><span style=\"text-decoration: underline;\"><span style=\"font-family: verdana, geneva;\"><img decoding=\"async\" loading=\"lazy\" class=\"alignleft\" src=\"https:\/\/ifdgomez-crr.infd.edu.ar\/sitio\/wp-content\/uploads\/2018\/06\/IEGauIOV3Nauimagen_incrustada1.png\" alt=\"Resultado de imagen para reloj\" width=\"28\" height=\"34\" border=\"0\" \/><\/span><\/span><\/span><\/strong><\/span><\/span><\/span><\/span><span style=\"font-size: 12pt;\"><span style=\"font-family: verdana, geneva;\"><span style=\"font-family: verdana, geneva;\"><span style=\"font-family: verdana, geneva;\"><strong><span style=\"font-family: verdana, geneva;\"><span style=\"text-decoration: underline;\"><span style=\"font-family: verdana, geneva;\">Duraci\u00f3n de la Carrera<\/span><\/span><\/span><\/strong><\/span><\/span><\/span><\/span><\/p>\n<p style=\"text-align: justify;\"><span style=\"font-size: 12pt;\"><span style=\"font-family: verdana, geneva; color: #000000;\">2.624 hs horas reloj (3.936 horas c\u00e1tedra), a lo largo de 4 a\u00f1os de\u00a0<\/span><span style=\"font-family: verdana, geneva;\"><span style=\"color: #000000;\">estudio.<\/span>\u00a0<\/span><\/span><\/p>\n<p style=\"text-align: justify;\"><span style=\"font-family: verdana, geneva; font-size: 12pt; color: #000000;\">Ocho semestres, que incluyen observaciones, pr\u00e1ctica profesional intensiva, talleres complementarios\u00a0 y examen final.<\/span><\/p>\n<p><span style=\"font-size: 12pt; font-family: verdana, geneva;\"><strong><span style=\"text-decoration: underline;\">Horario de cursado:<\/span><\/strong><\/span><\/p>\n<p><span style=\"font-size: 12pt; font-family: verdana, geneva; color: #000000;\">Turno noche<\/span><\/p>\n<p><span style=\"font-size: 12pt; font-family: verdana, geneva;\"><strong><span style=\"text-decoration: underline;\">Cursos habilitados:<\/span><\/strong><\/span><\/p>\n<p><span style=\"font-size: 12pt; font-family: verdana, geneva; color: #000000;\">2\u00ba a\u00f1o, 3\u00ba a\u00f1o y 4\u00ba a\u00f1o<\/span><\/p>\n<p><span style=\"font-size: 12pt; color: #008000;\"><span style=\"font-family: verdana, geneva;\"><span style=\"font-family: verdana, geneva;\"><strong><img decoding=\"async\" loading=\"lazy\" class=\" wp-image-3292 alignleft\" src=\"https:\/\/ifdgomez-crr.infd.edu.ar\/sitio\/wp-content\/uploads\/2023\/04\/graduation-hat-with-diploma.png\" alt=\"\" width=\"38\" height=\"38\" srcset=\"https:\/\/ifdgomez-crr.infd.edu.ar\/sitio\/wp-content\/uploads\/2023\/04\/graduation-hat-with-diploma.png 512w, https:\/\/ifdgomez-crr.infd.edu.ar\/sitio\/wp-content\/uploads\/2023\/04\/graduation-hat-with-diploma-500x500.png 500w\" sizes=\"(max-width: 38px) 100vw, 38px\" \/>\u00a0<\/strong><\/span><\/span><\/span><span style=\"text-decoration: underline; font-size: 12pt;\"><span style=\"font-family: verdana, geneva;\"><span style=\"font-family: verdana, geneva;\"><strong>Titulaci\u00f3n<\/strong><\/span><\/span><\/span><\/p>\n<p style=\"text-align: justify;\"><span style=\"font-family: verdana, geneva; font-size: 12pt; color: #000000;\">Profesor\/a de Educaci\u00f3n Secundaria en Biologia.<\/span><\/p>\n<p style=\"text-align: justify;\"><span style=\"font-family: verdana, geneva; font-size: 12pt; color: #000000;\">Con validez en todo el territorio nacional.<\/span><\/p>\n<p style=\"text-align: justify;\"><span style=\"font-family: verdana, geneva; font-size: 12pt;\"><strong><strong><img decoding=\"async\" loading=\"lazy\" class=\"wp-image-3296 alignleft\" src=\"https:\/\/ifdgomez-crr.infd.edu.ar\/sitio\/wp-content\/uploads\/2023\/04\/166088.png\" alt=\"\" width=\"38\" height=\"38\" srcset=\"https:\/\/ifdgomez-crr.infd.edu.ar\/sitio\/wp-content\/uploads\/2023\/04\/166088.png 512w, https:\/\/ifdgomez-crr.infd.edu.ar\/sitio\/wp-content\/uploads\/2023\/04\/166088-500x500.png 500w\" sizes=\"(max-width: 38px) 100vw, 38px\" \/> <\/strong><span style=\"text-decoration: underline;\"><span style=\"text-decoration: underline;\"><a href=\"http:\/\/dgescorrientes.net\/curriculares-pdf\/profesorado\/biologia-rm.4173-2016.pdf\" target=\"_blank\" rel=\"noopener\">Dise\u00f1o Curricular Completo<\/a><\/span><\/span><\/strong><\/span><span style=\"text-decoration: underline;\"><span style=\"text-decoration: underline;\"><a href=\"http:\/\/www.dgescorrientes.net\/discur2017\/DC-Biologia-2017-Res4173-16.pdf\" target=\"_blank\" rel=\"noopener\">.<\/a><\/span><\/span>\u00a0<span style=\"font-size: 10pt; color: #000000;\">(Plan de Estudio en las p\u00e1ginas 30 y 31 del pdf)<\/span><\/p>\n","protected":false},"excerpt":{"rendered":"<p>Objetivos Contribuir al fortalecimiento de la Educaci\u00f3n Secundaria Provincial, entendida \u00e9sta como una Unidad Pedag\u00f3gica y como un factor estrat\u00e9gico para garantizar la equidad y la inclusi\u00f3n social, a trav\u00e9s de la Formaci\u00f3n Inicial de Profesores de Educaci\u00f3n Secundaria en Biolog\u00eda, dentro del marco general que plantean las Pol\u00edticas Educativas Nacionales y Provinciales. Formar docentes &#8230; <a title=\"Profesorado de Educaci\u00f3n Secundaria en Biolog\u00eda\" class=\"read-more\" href=\"https:\/\/ifdgomez-crr.infd.edu.ar\/sitio\/profesorado-de-educacion-secundaria-en-biologia\/\" aria-label=\"More on Profesorado de Educaci\u00f3n Secundaria en Biolog\u00eda\">[+]<\/a><\/p>\n","protected":false},"author":748,"featured_media":0,"parent":0,"menu_order":0,"comment_status":"closed","ping_status":"closed","template":"","meta":[],"acf":[],"_links":{"self":[{"href":"https:\/\/ifdgomez-crr.infd.edu.ar\/sitio\/wp-json\/wp\/v2\/pages\/1026"}],"collection":[{"href":"https:\/\/ifdgomez-crr.infd.edu.ar\/sitio\/wp-json\/wp\/v2\/pages"}],"about":[{"href":"https:\/\/ifdgomez-crr.infd.edu.ar\/sitio\/wp-json\/wp\/v2\/types\/page"}],"author":[{"embeddable":true,"href":"https:\/\/ifdgomez-crr.infd.edu.ar\/sitio\/wp-json\/wp\/v2\/users\/748"}],"replies":[{"embeddable":true,"href":"https:\/\/ifdgomez-crr.infd.edu.ar\/sitio\/wp-json\/wp\/v2\/comments?post=1026"}],"version-history":[{"count":7,"href":"https:\/\/ifdgomez-crr.infd.edu.ar\/sitio\/wp-json\/wp\/v2\/pages\/1026\/revisions"}],"predecessor-version":[{"id":5135,"href":"https:\/\/ifdgomez-crr.infd.edu.ar\/sitio\/wp-json\/wp\/v2\/pages\/1026\/revisions\/5135"}],"wp:attachment":[{"href":"https:\/\/ifdgomez-crr.infd.edu.ar\/sitio\/wp-json\/wp\/v2\/media?parent=1026"}],"curies":[{"name":"wp","href":"https:\/\/api.w.org\/{rel}","templated":true}]}}