{"id":1030,"date":"2018-06-29T19:55:55","date_gmt":"2018-06-29T22:55:55","guid":{"rendered":"https:\/\/ifdgomez-crr.infd.edu.ar\/sitio\/profesorado-de-educacion-secundaria-en-historia\/"},"modified":"2025-06-11T18:52:36","modified_gmt":"2025-06-11T21:52:36","slug":"profesorado-de-educacion-secundaria-en-historia","status":"publish","type":"page","link":"https:\/\/ifdgomez-crr.infd.edu.ar\/sitio\/profesorado-de-educacion-secundaria-en-historia\/","title":{"rendered":"Profesorado de Educaci\u00f3n Secundaria en Historia"},"content":{"rendered":"<p><span style=\"font-family: verdana, geneva; font-size: 12pt;\" data-mce-mark=\"1\"><img decoding=\"async\" loading=\"lazy\" style=\"display: block; border: 0; float: right; margin: 10px;\" title=\"historia\" src=\"https:\/\/sobrehistoria.com\/wp-content\/uploads\/2014\/02\/historia.png\" alt=\"historia\" width=\"309\" height=\"236\" border=\"0\" \/><\/span><\/p>\n<p><span style=\"font-family: verdana, geneva;\" data-mce-mark=\"1\"><strong style=\"font-family: Verdana, Arial, Helvetica, sans-serif; font-size: 12pt;\"><span style=\"text-decoration: underline;\">Objetivos<\/span><\/strong><\/span><\/p>\n<p style=\"text-align: justify;\"><span style=\"font-family: verdana, geneva; font-size: 12pt; color: #000000;\" data-mce-mark=\"1\">Formar docentes:<\/span><\/p>\n<p style=\"text-align: justify;\"><span style=\"font-family: verdana, geneva; font-size: 12pt; color: #000000;\" data-mce-mark=\"1\"><img decoding=\"async\" title=\"accept\" src=\"https:\/\/ifdgomez-crr.infd.edu.ar\/sitio\/wp-content\/uploads\/2018\/06\/accept_1.png\" alt=\"accept\" border=\"0\" \/>Con capacidad para el desempe\u00f1o en diferentes tareas, en distintos \u00e1mbitos (de ense\u00f1anza, de organizaci\u00f3n, e institucional) y diferentes contextos.<\/span><\/p>\n<p style=\"text-align: justify;\"><span style=\"font-family: verdana, geneva; font-size: 12pt; color: #000000;\" data-mce-mark=\"1\"><img decoding=\"async\" title=\"accept\" src=\"https:\/\/ifdgomez-crr.infd.edu.ar\/sitio\/wp-content\/uploads\/2018\/06\/accept_1.png\" alt=\"accept\" border=\"0\" \/>Para el nivel, en condiciones para desempe\u00f1ar sus tareas en realidades diversas, espacios urbanos y rurales, con alumnos que van desde la ni\u00f1ez hasta la adultez, connotados por la fragmentaci\u00f3n social y la segmentaci\u00f3n territorial. Como as\u00ed tambi\u00e9n, capaces para capturar los nuevos desaf\u00edos para una educaci\u00f3n pensada en t\u00e9rminos prospectivos.<\/span><\/p>\n<p style=\"text-align: justify;\"><span style=\"font-family: verdana, geneva; font-size: 12pt; color: #000000;\" data-mce-mark=\"1\"><img decoding=\"async\" title=\"accept\" src=\"https:\/\/ifdgomez-crr.infd.edu.ar\/sitio\/wp-content\/uploads\/2018\/06\/accept_1.png\" alt=\"accept\" border=\"0\" \/>Id\u00f3neos, conscientes de la necesidad de una formaci\u00f3n docente continua que se inicia en el trayecto de formaci\u00f3n inicial y contin\u00faa durante su ejercicio profesional en forma permanente, mediante acciones diferentes de formaci\u00f3n y capacitaci\u00f3n: de perfeccionamiento, actualizaci\u00f3n e investigaci\u00f3n sobre sus propias pr\u00e1cticas profesionales docentes.<\/span><\/p>\n<p style=\"text-align: justify;\"><span style=\"font-family: verdana, geneva; font-size: 12pt; color: #000000;\" data-mce-mark=\"1\"><img decoding=\"async\" title=\"accept\" src=\"https:\/\/ifdgomez-crr.infd.edu.ar\/sitio\/wp-content\/uploads\/2018\/06\/accept_1.png\" alt=\"accept\" border=\"0\" \/>Id\u00f3neos en el an\u00e1lisis e interpretaci\u00f3n de producciones que ata\u00f1en a la tarea docente, con el objeto de evaluar su desempe\u00f1o, y adecuar sus intervenciones acordes con una perspectiva superadora y de mejoramiento de la calidad educativa del sujeto en formaci\u00f3n, para el nivel en el cual se desempe\u00f1a.<\/span><\/p>\n<p style=\"text-align: justify;\"><span style=\"font-family: verdana, geneva; font-size: 12pt; color: #000000;\" data-mce-mark=\"1\"><img decoding=\"async\" title=\"accept\" src=\"https:\/\/ifdgomez-crr.infd.edu.ar\/sitio\/wp-content\/uploads\/2018\/06\/accept_1.png\" alt=\"accept\" border=\"0\" \/>Que posean un caudal formativo que les permita tomar decisiones respecto de la selecci\u00f3n y organizaci\u00f3n de los distintos componentes curriculares en el marco del dise\u00f1o de la ense\u00f1anza, como tambi\u00e9n capacidad de discernimiento para analizar y seleccionar diferentes materiales curriculares que coadyuven a su tarea docente.<\/span><\/p>\n<p style=\"text-align: justify;\"><span style=\"font-family: verdana, geneva; font-size: 12pt; color: #339966;\" data-mce-mark=\"1\"><strong><strong><img decoding=\"async\" loading=\"lazy\" class=\"alignleft\" src=\"https:\/\/ifdgomez-crr.infd.edu.ar\/sitio\/wp-content\/uploads\/2018\/06\/IEGauIOV3Nauimagen_incrustada1.png\" alt=\"Resultado de imagen para reloj\" width=\"28\" height=\"34\" border=\"0\" \/><\/strong><\/strong><\/span><span style=\"font-family: verdana, geneva; font-size: 12pt;\" data-mce-mark=\"1\"><strong><strong>\u00a0<\/strong><\/strong><\/span><span style=\"font-family: verdana, geneva; font-size: 12pt;\" data-mce-mark=\"1\"><strong><span style=\"text-decoration: underline;\">Duraci\u00f3n de la Carrera<\/span><\/strong><\/span><\/p>\n<p style=\"text-align: justify;\"><span style=\"font-family: verdana, geneva; font-size: 12pt; color: #000000;\" data-mce-mark=\"1\">2.773 horas reloj (4.160horas c\u00e1tedra), a lo largo de 4 a\u00f1os de\u00a0estudio.<\/span><\/p>\n<p style=\"text-align: justify;\"><span style=\"font-family: verdana, geneva; font-size: 12pt; color: #000000;\" data-mce-mark=\"1\">Ocho semestres, que incluyen observaciones, pr\u00e1ctica profesional intensiva, talleres complementarios\u00a0 y examen final.<\/span><\/p>\n<p><span style=\"font-size: 12pt; font-family: verdana, geneva;\"><strong><span style=\"text-decoration: underline;\">Horario de cursado:\u00a0<\/span><\/strong><\/span><\/p>\n<p><span style=\"font-size: 12pt; font-family: verdana, geneva; color: #000000;\">Turno noche<\/span><\/p>\n<p><span style=\"font-size: 12pt; font-family: verdana, geneva;\"><strong><span style=\"text-decoration: underline;\">Cursos habilitados:<\/span><\/strong><\/span><\/p>\n<p><span style=\"font-size: 12pt; font-family: verdana, geneva; color: #000000;\">4\u00ba a\u00f1o<\/span><\/p>\n<p style=\"text-align: justify;\"><span style=\"font-family: verdana, geneva; font-size: 12pt;\" data-mce-mark=\"1\"><strong><span style=\"text-decoration: underline;\"><img decoding=\"async\" loading=\"lazy\" class=\"wp-image-3292 alignleft\" src=\"https:\/\/ifdgomez-crr.infd.edu.ar\/sitio\/wp-content\/uploads\/2023\/04\/graduation-hat-with-diploma.png\" alt=\"\" width=\"38\" height=\"38\" srcset=\"https:\/\/ifdgomez-crr.infd.edu.ar\/sitio\/wp-content\/uploads\/2023\/04\/graduation-hat-with-diploma.png 512w, https:\/\/ifdgomez-crr.infd.edu.ar\/sitio\/wp-content\/uploads\/2023\/04\/graduation-hat-with-diploma-500x500.png 500w\" sizes=\"(max-width: 38px) 100vw, 38px\" \/>Titulaci\u00f3n<\/span><\/strong><\/span><\/p>\n<p style=\"text-align: justify;\"><span style=\"font-family: verdana, geneva; font-size: 12pt;\" data-mce-mark=\"1\"><span style=\"color: #000000;\">Profesor\/a de Educaci\u00f3n Secundaria en Historia<\/span><\/span><\/p>\n<p style=\"text-align: justify;\"><strong style=\"color: #008000; font-family: verdana, geneva; font-size: 12pt;\"><span style=\"text-decoration: underline;\"><a title=\"Dise\u00f1o Curricular Historia\" href=\"http:\/\/dgescorrientes.net\/curriculares-pdf\/profesorado\/historia-rm.4657-2015.pdf\" target=\"_blank\" rel=\"noopener\"><span style=\"color: #339966; text-decoration: underline;\"><span style=\"color: #000000; text-decoration: underline;\"><img decoding=\"async\" loading=\"lazy\" class=\" wp-image-3296 alignleft\" src=\"https:\/\/ifdgomez-crr.infd.edu.ar\/sitio\/wp-content\/uploads\/2023\/04\/166088.png\" alt=\"\" width=\"38\" height=\"38\" srcset=\"https:\/\/ifdgomez-crr.infd.edu.ar\/sitio\/wp-content\/uploads\/2023\/04\/166088.png 512w, https:\/\/ifdgomez-crr.infd.edu.ar\/sitio\/wp-content\/uploads\/2023\/04\/166088-500x500.png 500w\" sizes=\"(max-width: 38px) 100vw, 38px\" \/>Dise\u00f1o Curricular completo<\/span><\/span><\/a><\/span><span style=\"color: #008000;\" data-mce-mark=\"1\">\u00a0<\/span><\/strong><span style=\"color: #000000; font-family: verdana, geneva;\" data-mce-mark=\"1\"><span style=\"font-size: 10pt;\">(Plan de Estudio en las p\u00e1ginas 30 a 32 del pdf)<\/span><\/span><\/p>\n","protected":false},"excerpt":{"rendered":"<p>Objetivos Formar docentes: Con capacidad para el desempe\u00f1o en diferentes tareas, en distintos \u00e1mbitos (de ense\u00f1anza, de organizaci\u00f3n, e institucional) y diferentes contextos. Para el nivel, en condiciones para desempe\u00f1ar sus tareas en realidades diversas, espacios urbanos y rurales, con alumnos que van desde la ni\u00f1ez hasta la adultez, connotados por la fragmentaci\u00f3n social y &#8230; <a title=\"Profesorado de Educaci\u00f3n Secundaria en Historia\" class=\"read-more\" href=\"https:\/\/ifdgomez-crr.infd.edu.ar\/sitio\/profesorado-de-educacion-secundaria-en-historia\/\" aria-label=\"More on Profesorado de Educaci\u00f3n Secundaria en Historia\">[+]<\/a><\/p>\n","protected":false},"author":748,"featured_media":0,"parent":0,"menu_order":0,"comment_status":"closed","ping_status":"closed","template":"","meta":[],"acf":[],"_links":{"self":[{"href":"https:\/\/ifdgomez-crr.infd.edu.ar\/sitio\/wp-json\/wp\/v2\/pages\/1030"}],"collection":[{"href":"https:\/\/ifdgomez-crr.infd.edu.ar\/sitio\/wp-json\/wp\/v2\/pages"}],"about":[{"href":"https:\/\/ifdgomez-crr.infd.edu.ar\/sitio\/wp-json\/wp\/v2\/types\/page"}],"author":[{"embeddable":true,"href":"https:\/\/ifdgomez-crr.infd.edu.ar\/sitio\/wp-json\/wp\/v2\/users\/748"}],"replies":[{"embeddable":true,"href":"https:\/\/ifdgomez-crr.infd.edu.ar\/sitio\/wp-json\/wp\/v2\/comments?post=1030"}],"version-history":[{"count":8,"href":"https:\/\/ifdgomez-crr.infd.edu.ar\/sitio\/wp-json\/wp\/v2\/pages\/1030\/revisions"}],"predecessor-version":[{"id":5136,"href":"https:\/\/ifdgomez-crr.infd.edu.ar\/sitio\/wp-json\/wp\/v2\/pages\/1030\/revisions\/5136"}],"wp:attachment":[{"href":"https:\/\/ifdgomez-crr.infd.edu.ar\/sitio\/wp-json\/wp\/v2\/media?parent=1030"}],"curies":[{"name":"wp","href":"https:\/\/api.w.org\/{rel}","templated":true}]}}