{"id":1032,"date":"2018-06-29T19:55:55","date_gmt":"2018-06-29T22:55:55","guid":{"rendered":"https:\/\/ifdgomez-crr.infd.edu.ar\/sitio\/profesorado-de-educacion-secundaria-en-matematica\/"},"modified":"2023-08-15T22:18:01","modified_gmt":"2023-08-16T01:18:01","slug":"profesorado-de-educacion-secundaria-en-matematica","status":"publish","type":"page","link":"https:\/\/ifdgomez-crr.infd.edu.ar\/sitio\/profesorado-de-educacion-secundaria-en-matematica\/","title":{"rendered":"Profesorado de Educaci\u00f3n Secundaria en Matem\u00e1tica"},"content":{"rendered":"<p><span style=\"font-size: 12pt; font-family: verdana, geneva;\"><span style=\"text-decoration: underline;\"><strong><span style=\"text-decoration: underline;\">Objetivos<img decoding=\"async\" loading=\"lazy\" class=\"wp-image-3283 alignright\" src=\"https:\/\/ifdgomez-crr.infd.edu.ar\/sitio\/wp-content\/uploads\/2023\/04\/Matematicas.png\" alt=\"\" width=\"213\" height=\"213\" srcset=\"https:\/\/ifdgomez-crr.infd.edu.ar\/sitio\/wp-content\/uploads\/2023\/04\/Matematicas.png 512w, https:\/\/ifdgomez-crr.infd.edu.ar\/sitio\/wp-content\/uploads\/2023\/04\/Matematicas-500x500.png 500w\" sizes=\"(max-width: 213px) 100vw, 213px\" \/><\/span><\/strong><\/span><\/span><\/p>\n<p style=\"text-align: justify;\"><span style=\"font-family: verdana, geneva; font-size: 12pt; text-align: justify;\"><img decoding=\"async\" title=\"accept\" src=\"https:\/\/ifdgomez-crr.infd.edu.ar\/sitio\/wp-content\/uploads\/2018\/06\/accept_1.png\" alt=\"accept\" border=\"0\" \/><span style=\"color: #000000;\">Dominar los conocimientos a ense\u00f1ar y actualizar su propio marco de referencia te\u00f3rico.<\/span><\/span><br \/>\n<span style=\"font-family: verdana, geneva; font-size: 12pt; text-align: justify;\"><img decoding=\"async\" title=\"accept\" src=\"https:\/\/ifdgomez-crr.infd.edu.ar\/sitio\/wp-content\/uploads\/2018\/06\/accept_1.png\" alt=\"accept\" border=\"0\" \/><span style=\"color: #000000;\">Adecuar, producir y evaluar contenidos curriculares.<\/span><\/span><br \/>\n<span style=\"font-family: verdana, geneva; font-size: 12pt; text-align: justify;\"><img decoding=\"async\" title=\"accept\" src=\"https:\/\/ifdgomez-crr.infd.edu.ar\/sitio\/wp-content\/uploads\/2018\/06\/accept_1.png\" alt=\"accept\" border=\"0\" \/><span style=\"color: #000000;\">Ampliar su propio horizonte cultural m\u00e1s all\u00e1 de los contenidos imprescindibles para ense\u00f1ar en la clase.<\/span><\/span><br \/>\n<span style=\"font-family: verdana, geneva; font-size: 12pt; text-align: justify;\"><img decoding=\"async\" title=\"accept\" src=\"https:\/\/ifdgomez-crr.infd.edu.ar\/sitio\/wp-content\/uploads\/2018\/06\/accept_1.png\" alt=\"accept\" border=\"0\" \/><span style=\"color: #000000;\">Identificar las caracter\u00edsticas y necesidades de aprendizaje de los alumnos como base para su actuaci\u00f3n docente<\/span>.<\/span><br \/>\n<span style=\"font-family: verdana, geneva; font-size: 12pt; text-align: justify;\"><img decoding=\"async\" title=\"accept\" src=\"https:\/\/ifdgomez-crr.infd.edu.ar\/sitio\/wp-content\/uploads\/2018\/06\/accept_1.png\" alt=\"accept\" border=\"0\" \/><span style=\"color: #000000;\">Organizar y dirigir situaciones de aprendizaje, utilizando al contexto sociopol\u00edtico, sociocultural y socioling\u00fc\u00edstico como fuente de ense\u00f1anza.<\/span><\/span><br \/>\n<span style=\"font-family: verdana, geneva; font-size: 12pt; text-align: justify;\"><img decoding=\"async\" title=\"accept\" src=\"https:\/\/ifdgomez-crr.infd.edu.ar\/sitio\/wp-content\/uploads\/2018\/06\/accept_1.png\" alt=\"accept\" border=\"0\" \/><span style=\"color: #000000;\">Concebir y desarrollar dispositivos pedag\u00f3gicos para la diversidad asentados sobre la confianza en las posibilidades de aprender de los alumnos acompa\u00f1ando el avance del aprendizaje de los alumnos identificando tanto los factores que lo potencian como los obst\u00e1culos que constituyen dificultades para el aprender.<\/span><\/span><br \/>\n<span style=\"font-family: verdana, geneva; font-size: 12pt; text-align: justify;\"><img decoding=\"async\" title=\"accept\" src=\"https:\/\/ifdgomez-crr.infd.edu.ar\/sitio\/wp-content\/uploads\/2018\/06\/accept_1.png\" alt=\"accept\" border=\"0\" \/><span style=\"color: #000000;\">Involucrar activamente a los alumnos en sus aprendizajes y en su trabajo.<\/span><\/span><br \/>\n<span style=\"font-family: verdana, geneva; font-size: 12pt; text-align: justify;\"><img decoding=\"async\" title=\"accept\" src=\"https:\/\/ifdgomez-crr.infd.edu.ar\/sitio\/wp-content\/uploads\/2018\/06\/accept_1.png\" alt=\"accept\" border=\"0\" \/><span style=\"color: #000000;\">Tomar decisiones sobre la administraci\u00f3n de los tiempos y el ambiente del aula para permitir el logro de aprendizajes del conjunto de los alumnos.<\/span><\/span><br \/>\n<span style=\"font-family: verdana, geneva; font-size: 12pt; text-align: justify;\"><img decoding=\"async\" title=\"accept\" src=\"https:\/\/ifdgomez-crr.infd.edu.ar\/sitio\/wp-content\/uploads\/2018\/06\/accept_1.png\" alt=\"accept\" border=\"0\" \/><span style=\"color: #000000;\">Seleccionar y utilizar nuevas tecnolog\u00edas de manera contextualizada.<\/span><\/span><br \/>\n<span style=\"font-family: verdana, geneva; font-size: 12pt; text-align: justify; color: #000000;\"><img decoding=\"async\" title=\"accept\" src=\"https:\/\/ifdgomez-crr.infd.edu.ar\/sitio\/wp-content\/uploads\/2018\/06\/accept_1.png\" alt=\"accept\" border=\"0\" \/>Participar en el intercambio y comunicaci\u00f3n con las familias para retroalimentar su propia tarea.<\/span><br \/>\n<span style=\"font-family: verdana, geneva; font-size: 12pt; text-align: justify;\"><img decoding=\"async\" title=\"accept\" src=\"https:\/\/ifdgomez-crr.infd.edu.ar\/sitio\/wp-content\/uploads\/2018\/06\/accept_1.png\" alt=\"accept\" border=\"0\" \/><span style=\"color: #000000;\">Trabajar en equipo con otros docentes, elaborar proyectos institucionales compartidos y participar y proponer actividades propias de la escuela.<\/span><\/span><\/p>\n<p style=\"text-align: justify;\"><span style=\"font-size: 12pt; font-family: verdana, geneva; color: #008000;\"><strong><span style=\"text-decoration: underline;\"><strong><img decoding=\"async\" loading=\"lazy\" class=\"alignleft\" src=\"https:\/\/ifdgomez-crr.infd.edu.ar\/sitio\/wp-content\/uploads\/2018\/06\/IEGauIOV3Nauimagen_incrustada1.png\" alt=\"Resultado de imagen para reloj\" width=\"28\" height=\"34\" border=\"0\" \/><\/strong><\/span><\/strong><\/span><span style=\"font-size: 12pt; font-family: verdana, geneva;\"><strong><span style=\"text-decoration: underline;\">Duraci\u00f3n de la Carrera<\/span><\/strong><\/span><\/p>\n<p style=\"text-align: justify;\"><span style=\"font-size: 12pt; font-family: verdana, geneva; color: #000000;\">2.837 horas reloj (4.256 horas c\u00e1tedra), a lo largo de 4 a\u00f1os de estudio.<\/span><\/p>\n<p style=\"text-align: justify;\"><span style=\"font-size: 12pt; font-family: verdana, geneva; color: #000000;\">Ocho semestres, que incluyen observaciones, pr\u00e1ctica profesional intensiva, talleres complementarios\u00a0 y examen final.<\/span><\/p>\n<p><span style=\"font-size: 12pt; font-family: verdana, geneva;\"><strong><span style=\"text-decoration: underline;\">Horario de cursado:\u00a0<\/span><\/strong><\/span><\/p>\n<p><span style=\"font-size: 12pt; font-family: verdana, geneva; color: #000000;\">Turno noche<\/span><\/p>\n<p><span style=\"font-size: 12pt; font-family: verdana, geneva;\"><strong><span style=\"text-decoration: underline;\">Cursos habilitados:<\/span><\/strong><\/span><\/p>\n<p><span style=\"font-size: 12pt; font-family: verdana, geneva; color: #000000;\">1\u00ba a\u00f1o, 2\u00ba a\u00f1o, 3\u00ba a\u00f1o y 4\u00ba a\u00f1o<\/span><\/p>\n<p style=\"text-align: justify;\"><span style=\"font-size: 12pt; font-family: verdana, geneva;\"><strong style=\"font-size: 12pt;\"><span style=\"text-decoration: underline;\">Titulaci\u00f3n<\/span><\/strong><strong><span style=\"text-decoration: underline;\"><img decoding=\"async\" loading=\"lazy\" class=\"wp-image-3292 alignleft\" src=\"https:\/\/ifdgomez-crr.infd.edu.ar\/sitio\/wp-content\/uploads\/2023\/04\/graduation-hat-with-diploma.png\" alt=\"\" width=\"38\" height=\"38\" srcset=\"https:\/\/ifdgomez-crr.infd.edu.ar\/sitio\/wp-content\/uploads\/2023\/04\/graduation-hat-with-diploma.png 512w, https:\/\/ifdgomez-crr.infd.edu.ar\/sitio\/wp-content\/uploads\/2023\/04\/graduation-hat-with-diploma-500x500.png 500w\" sizes=\"(max-width: 38px) 100vw, 38px\" \/><\/span><\/strong><\/span><\/p>\n<p style=\"text-align: justify;\"><span style=\"font-size: 12pt; font-family: verdana, geneva; color: #000000;\">Profesor\/a de Educaci\u00f3n Secundaria en Matem\u00e1tica.<\/span><\/p>\n<p><span style=\"font-family: verdana, geneva; font-size: 12pt; color: #000000;\" data-mce-mark=\"1\">Con validez nacional y habilitante para ejercer en el \u00e1mbito estatal o privado.<\/span><\/p>\n<p style=\"text-align: justify;\"><span style=\"font-family: verdana, geneva; font-size: 12pt;\"><a title=\"Dise\u00f1o curricular matem\u00e1ticas\" href=\"http:\/\/dgescorrientes.net\/curriculares-pdf\/profesorado\/matematica-rm.4658-2015.pdf\" target=\"_blank\" rel=\"noopener\"><strong><span style=\"text-decoration: underline;\"><img decoding=\"async\" loading=\"lazy\" class=\" wp-image-3296 alignleft\" src=\"https:\/\/ifdgomez-crr.infd.edu.ar\/sitio\/wp-content\/uploads\/2023\/04\/166088.png\" alt=\"\" width=\"38\" height=\"38\" srcset=\"https:\/\/ifdgomez-crr.infd.edu.ar\/sitio\/wp-content\/uploads\/2023\/04\/166088.png 512w, https:\/\/ifdgomez-crr.infd.edu.ar\/sitio\/wp-content\/uploads\/2023\/04\/166088-500x500.png 500w\" sizes=\"(max-width: 38px) 100vw, 38px\" \/>Dise\u00f1o Curricular Completo<\/span><\/strong><\/a><\/span><span style=\"color: #39e11d; font-family: verdana, geneva; font-size: 12pt;\"><a title=\"Dise\u00f1o curricular matem\u00e1ticas\" href=\"http:\/\/www.dgescorrientes.net\/discur\/DisCurricular-Matematica-Res-4658-2015.pdf\" target=\"_blank\" rel=\"noopener\"><span style=\"color: #39e11d;\">.<\/span><\/a><\/span><span style=\"font-family: verdana, geneva; font-size: 13.3333px;\">(Plan de Estudio en las p\u00e1ginas 29 y 30 del pdf)<\/span><\/p>\n","protected":false},"excerpt":{"rendered":"<p>Objetivos Dominar los conocimientos a ense\u00f1ar y actualizar su propio marco de referencia te\u00f3rico. Adecuar, producir y evaluar contenidos curriculares. Ampliar su propio horizonte cultural m\u00e1s all\u00e1 de los contenidos imprescindibles para ense\u00f1ar en la clase. Identificar las caracter\u00edsticas y necesidades de aprendizaje de los alumnos como base para su actuaci\u00f3n docente. Organizar y dirigir &#8230; <a title=\"Profesorado de Educaci\u00f3n Secundaria en Matem\u00e1tica\" class=\"read-more\" href=\"https:\/\/ifdgomez-crr.infd.edu.ar\/sitio\/profesorado-de-educacion-secundaria-en-matematica\/\" aria-label=\"More on Profesorado de Educaci\u00f3n Secundaria en Matem\u00e1tica\">[+]<\/a><\/p>\n","protected":false},"author":748,"featured_media":0,"parent":0,"menu_order":0,"comment_status":"closed","ping_status":"closed","template":"","meta":[],"acf":[],"_links":{"self":[{"href":"https:\/\/ifdgomez-crr.infd.edu.ar\/sitio\/wp-json\/wp\/v2\/pages\/1032"}],"collection":[{"href":"https:\/\/ifdgomez-crr.infd.edu.ar\/sitio\/wp-json\/wp\/v2\/pages"}],"about":[{"href":"https:\/\/ifdgomez-crr.infd.edu.ar\/sitio\/wp-json\/wp\/v2\/types\/page"}],"author":[{"embeddable":true,"href":"https:\/\/ifdgomez-crr.infd.edu.ar\/sitio\/wp-json\/wp\/v2\/users\/748"}],"replies":[{"embeddable":true,"href":"https:\/\/ifdgomez-crr.infd.edu.ar\/sitio\/wp-json\/wp\/v2\/comments?post=1032"}],"version-history":[{"count":9,"href":"https:\/\/ifdgomez-crr.infd.edu.ar\/sitio\/wp-json\/wp\/v2\/pages\/1032\/revisions"}],"predecessor-version":[{"id":3728,"href":"https:\/\/ifdgomez-crr.infd.edu.ar\/sitio\/wp-json\/wp\/v2\/pages\/1032\/revisions\/3728"}],"wp:attachment":[{"href":"https:\/\/ifdgomez-crr.infd.edu.ar\/sitio\/wp-json\/wp\/v2\/media?parent=1032"}],"curies":[{"name":"wp","href":"https:\/\/api.w.org\/{rel}","templated":true}]}}