{"id":1038,"date":"2018-06-29T19:55:57","date_gmt":"2018-06-29T22:55:57","guid":{"rendered":"https:\/\/ifdgomez-crr.infd.edu.ar\/sitio\/tecnicatura-superior-en-enfermeria\/"},"modified":"2024-08-13T19:10:25","modified_gmt":"2024-08-13T22:10:25","slug":"tecnicatura-superior-en-enfermeria","status":"publish","type":"page","link":"https:\/\/ifdgomez-crr.infd.edu.ar\/sitio\/tecnicatura-superior-en-enfermeria\/","title":{"rendered":"Tecnicatura Superior en Enfermer\u00eda"},"content":{"rendered":"<p><span style=\"font-size: 12pt;\"><span style=\"text-decoration: underline; font-family: verdana, geneva; color: #000000;\"><strong style=\"font-family: Verdana, Arial, Helvetica, sans-serif; font-size: 12pt;\">Alcance del Perfil Profesional<\/strong><\/span><\/span><\/p>\n<p><span style=\"font-family: verdana, geneva; font-size: 12pt; text-align: justify;\"><span style=\"color: #000000;\">La Enfermera\/ el Enfermero est\u00e1 capacitado para:<br \/>\n<img decoding=\"async\" title=\"accept\" src=\"https:\/\/ifdgomez-crr.infd.edu.ar\/sitio\/wp-content\/uploads\/2018\/06\/accept_1.png\" alt=\"accept\" border=\"0\" \/>La promoci\u00f3n, prevenci\u00f3n, recuperaci\u00f3n y rehabilitaci\u00f3n de la persona, la familia, grupo y comunidad hasta el nivel de complejidad de cuidados intermedios, en los \u00e1mbitos comunitario y hospitalario; gestionando su \u00e1mbito de trabajo y participando en estudios de investigaci\u00f3n-acci\u00f3n.<br \/>\n<img decoding=\"async\" title=\"accept\" src=\"https:\/\/ifdgomez-crr.infd.edu.ar\/sitio\/wp-content\/uploads\/2018\/06\/accept_1.png\" alt=\"accept\" border=\"0\" \/>Actuar de manera interdisciplinaria con profesionales de diferente nivel de calificaci\u00f3n involucrados en su actividad: m\u00e9dicos de distintas especialidades, t\u00e9cnicos y otros profesionales del campo de la salud.<br \/>\n<img decoding=\"async\" title=\"accept\" src=\"https:\/\/ifdgomez-crr.infd.edu.ar\/sitio\/wp-content\/uploads\/2018\/06\/accept_1.png\" alt=\"accept\" border=\"0\" \/>El ejercicio profesional en relaci\u00f3n de dependencia y en forma libre, desarrollando, brindando y gestionando los cuidados de enfermer\u00eda aut\u00f3nomos e interdependientes para la promoci\u00f3n, prevenci\u00f3n, recuperaci\u00f3n y rehabilitaci\u00f3n de la persona, la familia, grupo y comunidad hasta el nivel de complejidad de cuidados intermedios, en los \u00e1mbitos comunitario y hospitalario; gestionando su \u00e1mbito de trabajo y participando en estudios de investigaci\u00f3n- acci\u00f3n.<br \/>\n<img decoding=\"async\" title=\"accept\" src=\"https:\/\/ifdgomez-crr.infd.edu.ar\/sitio\/wp-content\/uploads\/2018\/06\/accept_1.png\" alt=\"accept\" border=\"0\" \/>Asumir una responsabilidad integral del proceso en el que interviene \u2013desde su actividad espec\u00edfica y en funci\u00f3n de la experiencia acumulada- e interactuar con otros trabajadores y profesionales del sector de la Salud.<br \/>\n<\/span><\/span><\/p>\n<p><span style=\"font-family: verdana, geneva; font-size: 12pt; text-align: justify;\"><span style=\"color: #000000;\">Las \u00e1reas de competencia del\/la Enfermero\/a se han definido por actividades profesionales que se agrupan seg\u00fan \u00e1mbitos de desempe\u00f1o y son las siguientes:<br \/>\n<img decoding=\"async\" title=\"accept\" src=\"https:\/\/ifdgomez-crr.infd.edu.ar\/sitio\/wp-content\/uploads\/2018\/06\/accept_1.png\" alt=\"accept\" border=\"0\" \/>Desarrollar y gestionar cuidados de enfermer\u00eda para la promoci\u00f3n, prevenci\u00f3n y recuperaci\u00f3n de la salud hasta el nivel de complejidad intermedio con la comunidad, lo que implica aplicar las metodolog\u00edas de atenci\u00f3n de enfermer\u00eda en el \u00e1mbito comunitario, gestionar cuidados de enfermer\u00eda y desarrollar acciones educativas con la comunidad.<br \/>\n<img decoding=\"async\" title=\"accept\" src=\"https:\/\/ifdgomez-crr.infd.edu.ar\/sitio\/wp-content\/uploads\/2018\/06\/accept_1.png\" alt=\"accept\" border=\"0\" \/>Brindar y gestionar cuidados de enfermer\u00eda en el \u00e1mbito hospitalario hasta el nivel de complejidad intermedio, lo que implica aplicar metodolog\u00edas de atenci\u00f3n de enfermer\u00eda para el cuidado de la persona, familia y grupo, gestionar cuidados en el \u00e1mbito hospitalario, desarrollar acciones educativas para la persona, familia y grupo.<br \/>\n<img decoding=\"async\" title=\"accept\" src=\"https:\/\/ifdgomez-crr.infd.edu.ar\/sitio\/wp-content\/uploads\/2018\/06\/accept_1.png\" alt=\"accept\" border=\"0\" \/>Gestionar su \u00e1mbito de trabajo ya sea en relaci\u00f3n de dependencia o en forma independiente, lo que implica construir canales adecuados de comunicaci\u00f3n y circulaci\u00f3n de la informaci\u00f3n en el marco del equipo de salud y de la comunidad, colaborar en la gesti\u00f3n y administraci\u00f3n de la unidad de enfermer\u00eda hospitalaria y\/o comunitaria, garantizar la calidad de atenci\u00f3n de enfermer\u00eda.<br \/>\n<img decoding=\"async\" title=\"accept\" src=\"https:\/\/ifdgomez-crr.infd.edu.ar\/sitio\/wp-content\/uploads\/2018\/06\/accept_1.png\" alt=\"accept\" border=\"0\" \/>Participar en estudios de investigaci\u00f3n-acci\u00f3n, lo que implica participar en la implementaci\u00f3n de mejoras en el proceso de trabajo, evaluar proceso y resultado.<\/span><\/span><\/p>\n<p><span style=\"font-size: 12pt;\"><span style=\"text-decoration: underline; font-family: verdana, geneva; color: #000000;\"><strong style=\"font-family: Verdana, Arial, Helvetica, sans-serif; font-size: 12pt;\"><span style=\"font-family: verdana, geneva; font-size: 18pt; color: #008000;\"><strong style=\"font-family: verdana, geneva; font-size: 12pt; text-align: justify;\"><span style=\"color: #000000; text-decoration: underline;\"><strong><img decoding=\"async\" loading=\"lazy\" class=\"alignleft\" src=\"https:\/\/ifdgomez-crr.infd.edu.ar\/sitio\/wp-content\/uploads\/2018\/06\/IEGauIOV3Nauimagen_incrustada1.png\" alt=\"Resultado de imagen para reloj\" width=\"28\" height=\"34\" border=\"0\" \/><\/strong>Duraci\u00f3n de la carrera<\/span><br \/>\n<\/strong><\/span><\/strong><\/span><\/span><\/p>\n<p><span style=\"font-family: verdana, geneva; font-size: 12pt; text-align: justify;\"><span style=\"color: #000000;\">1.909 hs reloj (2.864 horas c\u00e1tedra), a lo largo de 3 a\u00f1os de estudio.<\/span><\/span><\/p>\n<p><span style=\"font-size: 12pt;\"><span style=\"text-decoration: underline; font-family: verdana, geneva; color: #000000;\"><strong style=\"font-family: Verdana, Arial, Helvetica, sans-serif; font-size: 12pt;\">Horario de cursado<\/strong><\/span><\/span><\/p>\n<p><span style=\"font-family: verdana, geneva; font-size: 12pt; text-align: justify;\"><span style=\"color: #000000;\">Turno noche.<\/span><\/span><\/p>\n<p><span style=\"font-size: 12pt;\"><span style=\"text-decoration: underline; font-family: verdana, geneva; color: #000000;\"><strong style=\"font-family: Verdana, Arial, Helvetica, sans-serif; font-size: 12pt;\">Cursos habilitados<\/strong><\/span><\/span><\/p>\n<p><span style=\"font-family: verdana, geneva; font-size: 12pt; text-align: justify;\"><span style=\"color: #000000;\">1\u00b0 a\u00f1o, 2\u00b0 a\u00f1o y 3\u00b0 a\u00f1o.<\/span><\/span><\/p>\n<p><span style=\"font-size: 12pt;\"><span style=\"text-decoration: underline; font-family: verdana, geneva; color: #000000;\"><strong style=\"font-family: Verdana, Arial, Helvetica, sans-serif; font-size: 12pt;\"><span style=\"text-decoration: underline; font-size: 12pt; color: #000000;\"><span style=\"font-family: verdana, geneva;\"><strong><img decoding=\"async\" loading=\"lazy\" class=\" wp-image-3292 alignleft\" src=\"https:\/\/ifdgomez-crr.infd.edu.ar\/sitio\/wp-content\/uploads\/2023\/04\/graduation-hat-with-diploma.png\" alt=\"\" width=\"38\" height=\"38\" srcset=\"https:\/\/ifdgomez-crr.infd.edu.ar\/sitio\/wp-content\/uploads\/2023\/04\/graduation-hat-with-diploma.png 512w, https:\/\/ifdgomez-crr.infd.edu.ar\/sitio\/wp-content\/uploads\/2023\/04\/graduation-hat-with-diploma-500x500.png 500w\" sizes=\"(max-width: 38px) 100vw, 38px\" \/><\/strong><\/span><\/span>Titulaci\u00f3n<\/strong><\/span><\/span><\/p>\n<p><span style=\"font-family: verdana, geneva; font-size: 12pt; text-align: justify;\"><span style=\"color: #000000;\">Enfermero\/a.<\/span><\/span><\/p>\n<p><span style=\"font-size: 12pt;\"><span style=\"text-decoration: underline; font-family: verdana, geneva; color: #000000;\"><strong style=\"font-family: Verdana, Arial, Helvetica, sans-serif; font-size: 12pt;\"><span style=\"font-family: verdana, geneva; font-size: 12pt;\"><strong><span style=\"text-decoration: underline;\"><a href=\"http:\/\/www.dgescorrientes.net\/Res-1487-Inicial.pdf\"><img decoding=\"async\" loading=\"lazy\" class=\" wp-image-3296 alignleft\" src=\"https:\/\/ifdgomez-crr.infd.edu.ar\/sitio\/wp-content\/uploads\/2023\/04\/166088.png\" alt=\"\" width=\"38\" height=\"38\" srcset=\"https:\/\/ifdgomez-crr.infd.edu.ar\/sitio\/wp-content\/uploads\/2023\/04\/166088.png 512w, https:\/\/ifdgomez-crr.infd.edu.ar\/sitio\/wp-content\/uploads\/2023\/04\/166088-500x500.png 500w\" sizes=\"(max-width: 38px) 100vw, 38px\" \/><\/a><\/span><\/strong><\/span><a href=\"http:\/\/dgescorrientes.net\/curriculares-pdf\/tecnicaturas\/tec-enfermeria.pdf\">Dise\u00f1o Curricular<\/a><\/strong><\/span><\/span><\/p>\n","protected":false},"excerpt":{"rendered":"<p>Alcance del Perfil Profesional La Enfermera\/ el Enfermero est\u00e1 capacitado para: La promoci\u00f3n, prevenci\u00f3n, recuperaci\u00f3n y rehabilitaci\u00f3n de la persona, la familia, grupo y comunidad hasta el nivel de complejidad de cuidados intermedios, en los \u00e1mbitos comunitario y hospitalario; gestionando su \u00e1mbito de trabajo y participando en estudios de investigaci\u00f3n-acci\u00f3n. Actuar de manera interdisciplinaria con &#8230; <a title=\"Tecnicatura Superior en Enfermer\u00eda\" class=\"read-more\" href=\"https:\/\/ifdgomez-crr.infd.edu.ar\/sitio\/tecnicatura-superior-en-enfermeria\/\" aria-label=\"More on Tecnicatura Superior en Enfermer\u00eda\">[+]<\/a><\/p>\n","protected":false},"author":748,"featured_media":0,"parent":0,"menu_order":0,"comment_status":"closed","ping_status":"closed","template":"","meta":[],"acf":[],"_links":{"self":[{"href":"https:\/\/ifdgomez-crr.infd.edu.ar\/sitio\/wp-json\/wp\/v2\/pages\/1038"}],"collection":[{"href":"https:\/\/ifdgomez-crr.infd.edu.ar\/sitio\/wp-json\/wp\/v2\/pages"}],"about":[{"href":"https:\/\/ifdgomez-crr.infd.edu.ar\/sitio\/wp-json\/wp\/v2\/types\/page"}],"author":[{"embeddable":true,"href":"https:\/\/ifdgomez-crr.infd.edu.ar\/sitio\/wp-json\/wp\/v2\/users\/748"}],"replies":[{"embeddable":true,"href":"https:\/\/ifdgomez-crr.infd.edu.ar\/sitio\/wp-json\/wp\/v2\/comments?post=1038"}],"version-history":[{"count":6,"href":"https:\/\/ifdgomez-crr.infd.edu.ar\/sitio\/wp-json\/wp\/v2\/pages\/1038\/revisions"}],"predecessor-version":[{"id":4592,"href":"https:\/\/ifdgomez-crr.infd.edu.ar\/sitio\/wp-json\/wp\/v2\/pages\/1038\/revisions\/4592"}],"wp:attachment":[{"href":"https:\/\/ifdgomez-crr.infd.edu.ar\/sitio\/wp-json\/wp\/v2\/media?parent=1038"}],"curies":[{"name":"wp","href":"https:\/\/api.w.org\/{rel}","templated":true}]}}