{"id":1054,"date":"2018-06-29T19:56:02","date_gmt":"2018-06-29T22:56:02","guid":{"rendered":"https:\/\/ifdgomez-crr.infd.edu.ar\/sitio\/tecnicatura-superior-en-hoteleria\/"},"modified":"2023-05-02T19:58:10","modified_gmt":"2023-05-02T22:58:10","slug":"tecnicatura-superior-en-hoteleria","status":"publish","type":"page","link":"https:\/\/ifdgomez-crr.infd.edu.ar\/sitio\/tecnicatura-superior-en-hoteleria\/","title":{"rendered":"Tecnicatura Superior en Log\u00edstica"},"content":{"rendered":"<p><span style=\"font-size: 12pt;\"><span style=\"text-decoration: underline; font-family: verdana, geneva; color: #000000;\"><strong style=\"font-family: Verdana, Arial, Helvetica, sans-serif; font-size: 12pt;\">Alcance del Perfil Profesional<\/strong><\/span><\/span><\/p>\n<p><span style=\"font-family: verdana, geneva; font-size: 12pt; text-align: justify;\"><span style=\"color: #000000;\">El T\u00e9cnico Superior en Log\u00edstica es aquel que est\u00e1 preparado para un desempe\u00f1o profesional en el \u00e1mbito de las empresas u organizaciones con una profesionalizaci\u00f3n t\u00e9cnica totalmente integrada.<br \/>\nPara poder desarrollar plenamente su profesionalidad, el T\u00e9cnico Superior en Log\u00edstica tiene que poseer un conjunto de capacidades inherentes al nivel de educaci\u00f3n superior que resultan transversales a todas sus funciones y tienen que ser desarrolladas durante el transcurso de su formaci\u00f3n, entre ellas:<br \/>\n<img decoding=\"async\" title=\"accept\" src=\"https:\/\/ifdgomez-crr.infd.edu.ar\/sitio\/wp-content\/uploads\/2018\/06\/accept_1.png\" alt=\"accept\" border=\"0\" \/>Asistir al nivel estrat\u00e9gico para la toma de decisiones relacionadas con la log\u00edstica.<br \/>\n<img decoding=\"async\" title=\"accept\" src=\"https:\/\/ifdgomez-crr.infd.edu.ar\/sitio\/wp-content\/uploads\/2018\/06\/accept_1.png\" alt=\"accept\" border=\"0\" \/>Supervisar, planificar y operar los sistemas funcionales del \u00e1rea log\u00edstica, tales como: abastecimiento, almacenes y centros de distribuci\u00f3n, transporte, producci\u00f3n, informaci\u00f3n, comercializaci\u00f3n.<br \/>\n<img decoding=\"async\" title=\"accept\" src=\"https:\/\/ifdgomez-crr.infd.edu.ar\/sitio\/wp-content\/uploads\/2018\/06\/accept_1.png\" alt=\"accept\" border=\"0\" \/>Insertar el \u00c1rea de Log\u00edstica como una actividad gerencial, con requerimientos de interrelaci\u00f3n permanente con las otras \u00e1reas organizacionales.<br \/>\n<img decoding=\"async\" title=\"accept\" src=\"https:\/\/ifdgomez-crr.infd.edu.ar\/sitio\/wp-content\/uploads\/2018\/06\/accept_1.png\" alt=\"accept\" border=\"0\" \/>Interpretar los marcos legales afines a la actividad desarrollada.<br \/>\n<img decoding=\"async\" title=\"accept\" src=\"https:\/\/ifdgomez-crr.infd.edu.ar\/sitio\/wp-content\/uploads\/2018\/06\/accept_1.png\" alt=\"accept\" border=\"0\" \/>Resolver problem\u00e1ticas inherentes a calidad, seguridad e higiene laboral, medio ambiente y su interrelaci\u00f3n con la log\u00edstica.<br \/>\n<img decoding=\"async\" title=\"accept\" src=\"https:\/\/ifdgomez-crr.infd.edu.ar\/sitio\/wp-content\/uploads\/2018\/06\/accept_1.png\" alt=\"accept\" border=\"0\" \/>El t\u00e9cnico superior en Log\u00edstica es el profesional encargado de dise\u00f1ar, gestionar, implementar, evaluar y optimizar los procesos que componen la administraci\u00f3n del flujo de materiales y servicios desde el proveedor hasta el cliente con miras a optimizar la calidad del servicio y la seguridad de las operaciones, as\u00ed como tambi\u00e9n la satisfacci\u00f3n de las necesidades y demandas de los usuarios\/clientes, aplicando las t\u00e9cnicas propias y garantizando el cumplimiento de los principios y normas pertinentes al campo de la log\u00edstica.<\/span><\/span><\/p>\n<p><span style=\"font-size: 12pt;\"><span style=\"text-decoration: underline; font-family: verdana, geneva; color: #000000;\"><strong style=\"font-family: Verdana, Arial, Helvetica, sans-serif; font-size: 12pt;\"><span style=\"font-family: verdana, geneva; font-size: 18pt; color: #008000;\"><strong style=\"font-family: verdana, geneva; font-size: 12pt; text-align: justify;\"><span style=\"color: #000000; text-decoration: underline;\"><strong><img decoding=\"async\" loading=\"lazy\" class=\"alignleft\" src=\"https:\/\/ifdgomez-crr.infd.edu.ar\/sitio\/wp-content\/uploads\/2018\/06\/IEGauIOV3Nauimagen_incrustada1.png\" alt=\"Resultado de imagen para reloj\" width=\"28\" height=\"34\" border=\"0\" \/><\/strong>Duraci\u00f3n de la Carrera<\/span><br \/>\n<\/strong><\/span><\/strong><\/span><\/span><\/p>\n<p><span style=\"font-family: verdana, geneva; font-size: 12pt; text-align: justify;\"><span style=\"color: #000000;\">1.995 hs reloj (2.992 horas c\u00e1tedra), a lo largo de 3 a\u00f1os de estudio.<\/span><\/span><\/p>\n<p><span style=\"font-size: 12pt;\"><span style=\"text-decoration: underline; font-family: verdana, geneva; color: #000000;\"><strong style=\"font-family: Verdana, Arial, Helvetica, sans-serif; font-size: 12pt;\">Horario de cursado<\/strong><\/span><\/span><\/p>\n<p><span style=\"font-family: verdana, geneva; font-size: 12pt; text-align: justify;\"><span style=\"color: #000000;\">Turno noche.<\/span><\/span><\/p>\n<p><span style=\"font-size: 12pt;\"><span style=\"text-decoration: underline; font-family: verdana, geneva; color: #000000;\"><strong style=\"font-family: Verdana, Arial, Helvetica, sans-serif; font-size: 12pt;\">Cursos habilitados<\/strong><\/span><\/span><\/p>\n<p><span style=\"font-family: verdana, geneva; font-size: 12pt; text-align: justify;\"><span style=\"color: #000000;\">1\u00b0 a\u00f1o, 2\u00b0 a\u00f1o y 3\u00b0 a\u00f1o.<\/span><\/span><\/p>\n<p><span style=\"font-size: 12pt;\"><span style=\"text-decoration: underline; font-family: verdana, geneva; color: #000000;\"><strong style=\"font-family: Verdana, Arial, Helvetica, sans-serif; font-size: 12pt;\"><span style=\"text-decoration: underline; font-size: 12pt; color: #000000;\"><span style=\"font-family: verdana, geneva;\"><strong><img decoding=\"async\" loading=\"lazy\" class=\" wp-image-3292 alignleft\" src=\"https:\/\/ifdgomez-crr.infd.edu.ar\/sitio\/wp-content\/uploads\/2023\/04\/graduation-hat-with-diploma.png\" alt=\"\" width=\"38\" height=\"38\" srcset=\"https:\/\/ifdgomez-crr.infd.edu.ar\/sitio\/wp-content\/uploads\/2023\/04\/graduation-hat-with-diploma.png 512w, https:\/\/ifdgomez-crr.infd.edu.ar\/sitio\/wp-content\/uploads\/2023\/04\/graduation-hat-with-diploma-500x500.png 500w\" sizes=\"(max-width: 38px) 100vw, 38px\" \/><\/strong><\/span><\/span>Titulaci\u00f3n<\/strong><\/span><\/span><\/p>\n<p><span style=\"font-family: verdana, geneva; font-size: 12pt; text-align: justify;\"><span style=\"color: #000000;\">T\u00e9cnico\/a Superior en Log\u00edstica.<\/span><\/span><\/p>\n<p><span style=\"font-size: 12pt;\"><span style=\"text-decoration: underline; font-family: verdana, geneva; color: #000000;\"><strong style=\"font-family: Verdana, Arial, Helvetica, sans-serif; font-size: 12pt;\"><span style=\"font-family: verdana, geneva; font-size: 12pt;\"><strong><span style=\"text-decoration: underline;\"><a href=\"http:\/\/www.dgescorrientes.net\/Res-1487-Inicial.pdf\"><img decoding=\"async\" loading=\"lazy\" class=\" wp-image-3296 alignleft\" src=\"https:\/\/ifdgomez-crr.infd.edu.ar\/sitio\/wp-content\/uploads\/2023\/04\/166088.png\" alt=\"\" width=\"38\" height=\"38\" srcset=\"https:\/\/ifdgomez-crr.infd.edu.ar\/sitio\/wp-content\/uploads\/2023\/04\/166088.png 512w, https:\/\/ifdgomez-crr.infd.edu.ar\/sitio\/wp-content\/uploads\/2023\/04\/166088-500x500.png 500w\" sizes=\"(max-width: 38px) 100vw, 38px\" \/><\/a><\/span><\/strong><\/span><a href=\"https:\/\/ifdgomez-crr.infd.edu.ar\/sitio\/wp-content\/uploads\/2023\/05\/DC-Tec-Logistica.pdf\">Dise\u00f1o Curricular<\/a><\/strong><\/span><\/span><\/p>\n","protected":false},"excerpt":{"rendered":"<p>Alcance del Perfil Profesional El T\u00e9cnico Superior en Log\u00edstica es aquel que est\u00e1 preparado para un desempe\u00f1o profesional en el \u00e1mbito de las empresas u organizaciones con una profesionalizaci\u00f3n t\u00e9cnica totalmente integrada. Para poder desarrollar plenamente su profesionalidad, el T\u00e9cnico Superior en Log\u00edstica tiene que poseer un conjunto de capacidades inherentes al nivel de educaci\u00f3n &#8230; <a title=\"Tecnicatura Superior en Log\u00edstica\" class=\"read-more\" href=\"https:\/\/ifdgomez-crr.infd.edu.ar\/sitio\/tecnicatura-superior-en-hoteleria\/\" aria-label=\"More on Tecnicatura Superior en Log\u00edstica\">[+]<\/a><\/p>\n","protected":false},"author":748,"featured_media":0,"parent":0,"menu_order":0,"comment_status":"closed","ping_status":"closed","template":"","meta":[],"acf":[],"_links":{"self":[{"href":"https:\/\/ifdgomez-crr.infd.edu.ar\/sitio\/wp-json\/wp\/v2\/pages\/1054"}],"collection":[{"href":"https:\/\/ifdgomez-crr.infd.edu.ar\/sitio\/wp-json\/wp\/v2\/pages"}],"about":[{"href":"https:\/\/ifdgomez-crr.infd.edu.ar\/sitio\/wp-json\/wp\/v2\/types\/page"}],"author":[{"embeddable":true,"href":"https:\/\/ifdgomez-crr.infd.edu.ar\/sitio\/wp-json\/wp\/v2\/users\/748"}],"replies":[{"embeddable":true,"href":"https:\/\/ifdgomez-crr.infd.edu.ar\/sitio\/wp-json\/wp\/v2\/comments?post=1054"}],"version-history":[{"count":9,"href":"https:\/\/ifdgomez-crr.infd.edu.ar\/sitio\/wp-json\/wp\/v2\/pages\/1054\/revisions"}],"predecessor-version":[{"id":3590,"href":"https:\/\/ifdgomez-crr.infd.edu.ar\/sitio\/wp-json\/wp\/v2\/pages\/1054\/revisions\/3590"}],"wp:attachment":[{"href":"https:\/\/ifdgomez-crr.infd.edu.ar\/sitio\/wp-json\/wp\/v2\/media?parent=1054"}],"curies":[{"name":"wp","href":"https:\/\/api.w.org\/{rel}","templated":true}]}}