{"id":1081,"date":"2018-06-29T19:56:13","date_gmt":"2018-06-29T22:56:13","guid":{"rendered":"https:\/\/ifdgomez-crr.infd.edu.ar\/sitio\/normativa-vigente\/"},"modified":"2026-03-27T19:04:38","modified_gmt":"2026-03-27T22:04:38","slug":"normativa-vigente","status":"publish","type":"page","link":"https:\/\/ifdgomez-crr.infd.edu.ar\/sitio\/normativa-vigente\/","title":{"rendered":"Normativa Vigente"},"content":{"rendered":"<p><span style=\"text-decoration: underline; color: #339966;\"><span style=\"font-family: verdana, geneva; font-size: 12pt;\" data-mce-mark=\"1\"><strong><span data-mce-mark=\"1\">Normativa Vigente<\/span><\/strong><\/span><\/span><\/p>\n<p><img decoding=\"async\" title=\"accept\" src=\"https:\/\/ifdgomez-crr.infd.edu.ar\/sitio\/wp-content\/uploads\/2018\/06\/accept_1.png\" alt=\"accept\" border=\"0\" \/><a href=\"http:\/\/dgescorrientes.net\/pdf\/normativas-vigentes\/rom-res-min-n-1455-14.pdf\" target=\"_blank\" rel=\"noopener\"><span style=\"font-family: verdana, geneva; font-size: 12pt;\">Resoluci\u00f3n 1455\/14-Reglamento Org\u00e1nico Marco para Institutos Superiores.<\/span><\/a><\/p>\n<p><a href=\"http:\/\/www.dgescorrientes.net\/ROM-Corrientes.pdf\" target=\"_blank\" rel=\"noopener\"><img decoding=\"async\" title=\"accept\" src=\"https:\/\/ifdgomez-crr.infd.edu.ar\/sitio\/wp-content\/uploads\/2018\/06\/accept_1.png\" alt=\"accept\" border=\"0\" \/><\/a><span style=\"font-family: verdana, geneva; font-size: 12pt;\"><a href=\"http:\/\/dgescorrientes.net\/pdf\/normativas-vigentes\/ampliatora-res-min-n-585-15.pdf\" target=\"_blank\" rel=\"noopener\">Resoluci\u00f3n 1455\/14 &#8211; Ampliatoria Resoluci\u00f3n 585\/15<\/a><\/span><\/p>\n<p><img decoding=\"async\" title=\"accept\" src=\"https:\/\/ifdgomez-crr.infd.edu.ar\/sitio\/wp-content\/uploads\/2018\/06\/accept_1.png\" alt=\"accept\" border=\"0\" \/><a href=\"http:\/\/dgescorrientes.net\/pdf\/normativas-vigentes\/ram-4916.pdf\"> Resoluci\u00f3n 4916\/25 &#8211; R\u00e9gimen Acad\u00e9mico Marco<\/a><\/p>\n<p><a href=\"http:\/\/dgescorrientes.net\/Res-2318.pdf\" target=\"_blank\" rel=\"noopener\"><img decoding=\"async\" title=\"accept\" src=\"https:\/\/ifdgomez-crr.infd.edu.ar\/sitio\/wp-content\/uploads\/2018\/06\/accept_1.png\" alt=\"accept\" border=\"0\" \/><\/a><span style=\"font-family: verdana, geneva; font-size: 12pt;\">Reglamento del Campo de la Pr\u00e1ctica Docente<\/span><\/p>\n<p style=\"padding-left: 330px;\"><span style=\"font-family: verdana, geneva; font-size: 12pt;\">&#x2666;<a href=\"http:\/\/dgescorrientes.net\/pdf\/legislaciones-generales\/resolucion-1910-2012.pdf\" target=\"_blank\" rel=\"noopener\">\u00a0Resoluci\u00f3n 1910\/12<\/a><\/span><\/p>\n<p style=\"padding-left: 330px;\"><span style=\"font-family: verdana, geneva; font-size: 12pt;\">&#x2666;\u00a0<a href=\"http:\/\/dgescorrientes.net\/pdf\/legislaciones-generales\/res-1977-2014-practica.pdf\" target=\"_blank\" rel=\"noopener\">Resoluci\u00f3n 1977\/14<\/a><\/span><\/p>\n<p>\u00a0<a href=\"http:\/\/dgescorrientes.net\/Res-2318.pdf\" target=\"_blank\" rel=\"noopener\"><img decoding=\"async\" title=\"accept\" src=\"https:\/\/ifdgomez-crr.infd.edu.ar\/sitio\/wp-content\/uploads\/2018\/06\/accept_1.png\" alt=\"accept\" border=\"0\" \/><\/a><span style=\"font-family: verdana, geneva; font-size: 12pt;\">Correlatividades carreras docentes:<\/span><\/p>\n<p style=\"padding-left: 120px;\"><span style=\"font-family: verdana, geneva; font-size: 12pt;\">&#x2666;\u00a0<a title=\"Correlatividades\" href=\"http:\/\/dgescorrientes.net\/pdf\/desarrollo-curricular\/correlatividades-anexos-diagramas-v6.pdf\" target=\"_blank\" rel=\"noopener\">Disposici\u00f3n 086\/16 y Anexos<\/a><\/span><\/p>\n<p style=\"padding-left: 120px;\"><span style=\"font-family: verdana, geneva; font-size: 12pt;\">&#x2666;<\/span><span style=\"font-family: verdana, geneva; font-size: 12pt;\"> <a href=\"http:\/\/dgescorrientes.net\/pdf\/gest-acad-form-doc-inicial\/resolucion-0095.pdf\">Resoluci\u00f3n 095\/21<\/a><\/span><\/p>\n<p>\u00a0 \u00a0 \u00a0 \u00a0 \u00a0 \u00a0 \u00a0 \u00a0 \u00a0 \u00a0 \u00a0 \u00a0 \u00a0 \u00a0 \u00a0 <a href=\"https:\/\/ifdgomez-crr.infd.edu.ar\/sitio\/wp-content\/uploads\/2023\/03\/Disposicion-051-23.pdf\">&gt;&gt; Disposici\u00f3n 051\/23<\/a><\/p>\n<p><a href=\"http:\/\/dgescorrientes.net\/Res-2318.pdf\" target=\"_blank\" rel=\"noopener\"><img decoding=\"async\" title=\"accept\" src=\"https:\/\/ifdgomez-crr.infd.edu.ar\/sitio\/wp-content\/uploads\/2018\/06\/accept_1.png\" alt=\"accept\" border=\"0\" \/><\/a><span style=\"font-size: 12pt; font-family: verdana, geneva;\"><a title=\"Valoraci\u00f3n de T\u00edtulos y Antecedentes\" href=\"https:\/\/ifdgomez-crr.infd.edu.ar\/sitio\/concursos-2\/\" target=\"_blank\" rel=\"noopener\">Valoraci\u00f3n de T\u00edtulos y Antecedentes del Nivel Superior para Interinatos y Suplencias\u00a0<\/a><\/span><\/p>\n<p><span style=\"font-family: verdana, geneva; font-size: 12pt;\">\u00a0<\/span><\/p>\n","protected":false},"excerpt":{"rendered":"<p>Normativa Vigente Resoluci\u00f3n 1455\/14-Reglamento Org\u00e1nico Marco para Institutos Superiores. Resoluci\u00f3n 1455\/14 &#8211; Ampliatoria Resoluci\u00f3n 585\/15 Resoluci\u00f3n 4916\/25 &#8211; R\u00e9gimen Acad\u00e9mico Marco Reglamento del Campo de la Pr\u00e1ctica Docente &#x2666;\u00a0Resoluci\u00f3n 1910\/12 &#x2666;\u00a0Resoluci\u00f3n 1977\/14 \u00a0Correlatividades carreras docentes: &#x2666;\u00a0Disposici\u00f3n 086\/16 y Anexos &#x2666; Resoluci\u00f3n 095\/21 \u00a0 \u00a0 \u00a0 \u00a0 \u00a0 \u00a0 \u00a0 \u00a0 \u00a0 \u00a0 \u00a0 \u00a0 \u00a0 &#8230; <a title=\"Normativa Vigente\" class=\"read-more\" href=\"https:\/\/ifdgomez-crr.infd.edu.ar\/sitio\/normativa-vigente\/\" aria-label=\"More on Normativa Vigente\">[+]<\/a><\/p>\n","protected":false},"author":748,"featured_media":0,"parent":0,"menu_order":0,"comment_status":"closed","ping_status":"closed","template":"","meta":[],"acf":[],"_links":{"self":[{"href":"https:\/\/ifdgomez-crr.infd.edu.ar\/sitio\/wp-json\/wp\/v2\/pages\/1081"}],"collection":[{"href":"https:\/\/ifdgomez-crr.infd.edu.ar\/sitio\/wp-json\/wp\/v2\/pages"}],"about":[{"href":"https:\/\/ifdgomez-crr.infd.edu.ar\/sitio\/wp-json\/wp\/v2\/types\/page"}],"author":[{"embeddable":true,"href":"https:\/\/ifdgomez-crr.infd.edu.ar\/sitio\/wp-json\/wp\/v2\/users\/748"}],"replies":[{"embeddable":true,"href":"https:\/\/ifdgomez-crr.infd.edu.ar\/sitio\/wp-json\/wp\/v2\/comments?post=1081"}],"version-history":[{"count":12,"href":"https:\/\/ifdgomez-crr.infd.edu.ar\/sitio\/wp-json\/wp\/v2\/pages\/1081\/revisions"}],"predecessor-version":[{"id":5626,"href":"https:\/\/ifdgomez-crr.infd.edu.ar\/sitio\/wp-json\/wp\/v2\/pages\/1081\/revisions\/5626"}],"wp:attachment":[{"href":"https:\/\/ifdgomez-crr.infd.edu.ar\/sitio\/wp-json\/wp\/v2\/media?parent=1081"}],"curies":[{"name":"wp","href":"https:\/\/api.w.org\/{rel}","templated":true}]}}