{"id":1089,"date":"2018-06-29T19:56:16","date_gmt":"2018-06-29T22:56:16","guid":{"rendered":"https:\/\/ifdgomez-crr.infd.edu.ar\/sitio\/concursos-2\/"},"modified":"2024-10-28T15:01:18","modified_gmt":"2024-10-28T18:01:18","slug":"concursos-2","status":"publish","type":"page","link":"https:\/\/ifdgomez-crr.infd.edu.ar\/sitio\/concursos-2\/","title":{"rendered":"Concursos para cubrir horas c\u00e1tedras\/cargos"},"content":{"rendered":"<h5 style=\"text-align: center;\"><span style=\"color: #000000;\"><img decoding=\"async\" loading=\"lazy\" class=\"wp-image-1666 alignleft\" src=\"https:\/\/ifdgomez-crr.infd.edu.ar\/sitio\/wp-content\/uploads\/2020\/08\/concurso.png\" alt=\"\" width=\"117\" height=\"112\" \/><\/span><\/h5>\n<h5><\/h5>\n<h5 style=\"text-align: center;\"><span style=\"color: #000000;\">El llamado a concurso ordinario es en fecha establecida por <a href=\"http:\/\/dgescorrientes.net\/pdf\/normativas-vigentes\/calendario-escolar-2024.pdf\">Calendario Acad\u00e9mico<\/a>.<\/span><\/h5>\n<h5 style=\"text-align: center;\"><span style=\"color: #000000;\"> Los llamados a concursos extraordinarios ser\u00e1n publicados en el <a href=\"https:\/\/ifdgomez-crr.infd.edu.ar\/sitio\/blog\/\">Blog<\/a>.<\/span><\/h5>\n<h5 style=\"text-align: center;\"><span style=\"color: #000000;\">Todas las Inscripciones se realizan a trav\u00e9s de <a href=\"https:\/\/simaeducativa.mec.gob.ar\/pasodeloslibres\/\">SIMA<\/a>.<\/span><\/h5>\n<h4 style=\"text-align: left;\"><span style=\"color: #800000;\">Requisitos para la inscripci\u00f3n:<\/span><\/h4>\n<ol>\n<li><span style=\"color: #000000;\">Los aspirantes que se inscriben por <strong><u>primera vez<\/u><\/strong> deber\u00e1n presentar en Secretar\u00eda Administrativa una carpeta colgante conteniendo fotocopias debidamente autenticadas por Juez de Paz o Escribano P\u00fablico (con hoja notarial) o la instituci\u00f3n que expidi\u00f3 el documento o copias validadas por QR de:\u00a0<\/span><\/li>\n<\/ol>\n<ul>\n<li style=\"list-style-type: none;\">\n<ul>\n<li style=\"list-style-type: none;\">\n<ul>\n<li><span style=\"color: #000000;\">T\u00edtulo anal\u00edtico registrado ante la <a href=\"https:\/\/www.mec.gob.ar\/sec-general\/titulos\/\">Direcci\u00f3n de T\u00edtulos de la provincia de Corrientes<\/a>,<\/span><\/li>\n<li><span style=\"color: #000000;\">DNI (anverso y reverso) y<\/span><\/li>\n<li><span style=\"color: #000000;\">Otros antecedentes (Cursos, jornadas, congresos, publicaciones, etc.) de los \u00faltimos cinco a\u00f1os calendario.<\/span><\/li>\n<\/ul>\n<\/li>\n<\/ul>\n<\/li>\n<\/ul>\n<p style=\"padding-left: 40px;\"><span style=\"color: #000000;\">2.<\/span> <span style=\"color: #000000;\">A efectos del c\u00f3mputo de la antig\u00fcedad en el nivel, deber\u00e1 presentar la constancia correspondiente, caso contrario, no ser\u00e1 computada.\u00a0<\/span><\/p>\n<p style=\"padding-left: 40px;\"><span style=\"color: #000000;\">3. Aquel aspirante que ya present\u00f3 alguna vez legajo en la instituci\u00f3n <strong>NO<\/strong> debe hacerlo nuevamente, solo debe incorporar antecedentes nuevos.<\/span><\/p>\n<p><span style=\"color: #800000;\"><strong>Para todos los casos se sugiere consultar previamente la Normativa de Valoraci\u00f3n de T\u00edtulos y Antecedentes:<\/strong><\/span><\/p>\n<ul>\n<li style=\"list-style-type: none;\">\n<ul>\n<li style=\"list-style-type: none;\">\n<ul>\n<li><span style=\"color: #000000;\">Para Carreras Docentes:<\/span> <strong><a href=\"http:\/\/dgescorrientes.net\/pdf\/valoracionde-titulos-y-antecedentes\/disp-685-bis-perfiles-docentes.pdf\">Disposici\u00f3n 685 Bis\/13<\/a><\/strong> y\u00a0 <strong><a href=\"http:\/\/dgescorrientes.net\/pdf\/valoracionde-titulos-y-antecedentes\/res-5293-2016-Valoracion.pdf\">R.M. 5293\/16<\/a><\/strong><\/li>\n<li><span style=\"color: #000000;\">Para Carreras T\u00e9cnicas:<\/span> <strong><a href=\"http:\/\/dgescorrientes.net\/pdf\/valoracionde-titulos-y-antecedentes\/res-4539-22-valoracion-tecnica.pdf\">R. M. 4539\/22\u00a0<\/a><\/strong>y <strong><a href=\"https:\/\/ifdgomez-crr.infd.edu.ar\/sitio\/perfiles-de-titulacion-docente\/\">Perfiles de Titulaci\u00f3n de la carrera<\/a><\/strong><\/li>\n<\/ul>\n<\/li>\n<\/ul>\n<\/li>\n<\/ul>\n","protected":false},"excerpt":{"rendered":"<p>El llamado a concurso ordinario es en fecha establecida por Calendario Acad\u00e9mico. Los llamados a concursos extraordinarios ser\u00e1n publicados en el Blog. Todas las Inscripciones se realizan a trav\u00e9s de SIMA. Requisitos para la inscripci\u00f3n: Los aspirantes que se inscriben por primera vez deber\u00e1n presentar en Secretar\u00eda Administrativa una carpeta colgante conteniendo fotocopias debidamente autenticadas &#8230; <a title=\"Concursos para cubrir horas c\u00e1tedras\/cargos\" class=\"read-more\" href=\"https:\/\/ifdgomez-crr.infd.edu.ar\/sitio\/concursos-2\/\" aria-label=\"More on Concursos para cubrir horas c\u00e1tedras\/cargos\">[+]<\/a><\/p>\n","protected":false},"author":51,"featured_media":0,"parent":0,"menu_order":0,"comment_status":"closed","ping_status":"closed","template":"","meta":[],"acf":[],"_links":{"self":[{"href":"https:\/\/ifdgomez-crr.infd.edu.ar\/sitio\/wp-json\/wp\/v2\/pages\/1089"}],"collection":[{"href":"https:\/\/ifdgomez-crr.infd.edu.ar\/sitio\/wp-json\/wp\/v2\/pages"}],"about":[{"href":"https:\/\/ifdgomez-crr.infd.edu.ar\/sitio\/wp-json\/wp\/v2\/types\/page"}],"author":[{"embeddable":true,"href":"https:\/\/ifdgomez-crr.infd.edu.ar\/sitio\/wp-json\/wp\/v2\/users\/51"}],"replies":[{"embeddable":true,"href":"https:\/\/ifdgomez-crr.infd.edu.ar\/sitio\/wp-json\/wp\/v2\/comments?post=1089"}],"version-history":[{"count":45,"href":"https:\/\/ifdgomez-crr.infd.edu.ar\/sitio\/wp-json\/wp\/v2\/pages\/1089\/revisions"}],"predecessor-version":[{"id":4398,"href":"https:\/\/ifdgomez-crr.infd.edu.ar\/sitio\/wp-json\/wp\/v2\/pages\/1089\/revisions\/4398"}],"wp:attachment":[{"href":"https:\/\/ifdgomez-crr.infd.edu.ar\/sitio\/wp-json\/wp\/v2\/media?parent=1089"}],"curies":[{"name":"wp","href":"https:\/\/api.w.org\/{rel}","templated":true}]}}