{"id":1095,"date":"2018-06-29T19:56:18","date_gmt":"2018-06-29T22:56:18","guid":{"rendered":"https:\/\/ifdgomez-crr.infd.edu.ar\/sitio\/oferta-educativa\/"},"modified":"2023-05-02T19:34:57","modified_gmt":"2023-05-02T22:34:57","slug":"oferta-educativa","status":"publish","type":"page","link":"https:\/\/ifdgomez-crr.infd.edu.ar\/sitio\/oferta-educativa\/","title":{"rendered":"Oferta Educativa Sub-Sede (Yapey\u00fa)"},"content":{"rendered":"<p><span style=\"font-size: 12pt;\"><img decoding=\"async\" title=\"aceptar\" src=\"https:\/\/ifdgomez-crr.infd.edu.ar\/sitio\/wp-content\/uploads\/2018\/06\/accept.png\" alt=\"aceptar\" border=\"0\" \/> Tecnicatura Superior en Administraci\u00f3n P\u00fablica orientada en al Desarrollo Local<\/span><\/p>\n<p><span style=\"font-size: 12pt;\"><img decoding=\"async\" title=\"aceptar\" src=\"https:\/\/ifdgomez-crr.infd.edu.ar\/sitio\/wp-content\/uploads\/2018\/06\/accept.png\" alt=\"aceptar\" border=\"0\" \/> Tecnicatura Superior en Obstetricia<\/span><\/p>\n<p><span style=\"font-size: 12pt;\"><img decoding=\"async\" title=\"aceptar\" src=\"https:\/\/ifdgomez-crr.infd.edu.ar\/sitio\/wp-content\/uploads\/2018\/06\/accept.png\" alt=\"aceptar\" border=\"0\" \/>Tecnicatura Superior en Higiene y Seguridad en el Trabajo con orientaci\u00f3n foresto-industrial<\/span><\/p>\n<p><span style=\"font-size: 12pt;\"><img decoding=\"async\" title=\"aceptar\" src=\"https:\/\/ifdgomez-crr.infd.edu.ar\/sitio\/wp-content\/uploads\/2018\/06\/accept.png\" alt=\"aceptar\" border=\"0\" \/>Tecnicatura Superior en Gesti\u00f3n de la Producci\u00f3n Agropecuaria<\/span><\/p>\n<p><span style=\"font-size: 12pt;\">\u00a0<\/span><\/p>\n","protected":false},"excerpt":{"rendered":"<p>Tecnicatura Superior en Administraci\u00f3n P\u00fablica orientada en al Desarrollo Local Tecnicatura Superior en Obstetricia Tecnicatura Superior en Higiene y Seguridad en el Trabajo con orientaci\u00f3n foresto-industrial Tecnicatura Superior en Gesti\u00f3n de la Producci\u00f3n Agropecuaria \u00a0<\/p>\n","protected":false},"author":748,"featured_media":0,"parent":0,"menu_order":0,"comment_status":"closed","ping_status":"closed","template":"","meta":[],"acf":[],"_links":{"self":[{"href":"https:\/\/ifdgomez-crr.infd.edu.ar\/sitio\/wp-json\/wp\/v2\/pages\/1095"}],"collection":[{"href":"https:\/\/ifdgomez-crr.infd.edu.ar\/sitio\/wp-json\/wp\/v2\/pages"}],"about":[{"href":"https:\/\/ifdgomez-crr.infd.edu.ar\/sitio\/wp-json\/wp\/v2\/types\/page"}],"author":[{"embeddable":true,"href":"https:\/\/ifdgomez-crr.infd.edu.ar\/sitio\/wp-json\/wp\/v2\/users\/748"}],"replies":[{"embeddable":true,"href":"https:\/\/ifdgomez-crr.infd.edu.ar\/sitio\/wp-json\/wp\/v2\/comments?post=1095"}],"version-history":[{"count":5,"href":"https:\/\/ifdgomez-crr.infd.edu.ar\/sitio\/wp-json\/wp\/v2\/pages\/1095\/revisions"}],"predecessor-version":[{"id":3568,"href":"https:\/\/ifdgomez-crr.infd.edu.ar\/sitio\/wp-json\/wp\/v2\/pages\/1095\/revisions\/3568"}],"wp:attachment":[{"href":"https:\/\/ifdgomez-crr.infd.edu.ar\/sitio\/wp-json\/wp\/v2\/media?parent=1095"}],"curies":[{"name":"wp","href":"https:\/\/api.w.org\/{rel}","templated":true}]}}