{"id":1113,"date":"2018-06-29T19:56:23","date_gmt":"2018-06-29T22:56:23","guid":{"rendered":"https:\/\/ifdgomez-crr.infd.edu.ar\/sitio\/formularios-para-el-alumno\/"},"modified":"2026-03-30T21:50:31","modified_gmt":"2026-03-31T00:50:31","slug":"formularios-para-el-alumno","status":"publish","type":"page","link":"https:\/\/ifdgomez-crr.infd.edu.ar\/sitio\/formularios-para-el-alumno\/","title":{"rendered":"Formularios para el alumno"},"content":{"rendered":"<p><a href=\"https:\/\/ifdgomez-crr.infd.edu.ar\/sitio\/wp-content\/uploads\/2026\/03\/Solicitud_de_Equivalencia.docx\" target=\"_blank\" rel=\"noopener\">\u00a0Formulario para solicitar equivalencias<\/a><\/p>\n<p><a href=\"https:\/\/ifdgomez-crr.infd.edu.ar\/sitio\/wp-content\/uploads\/2020\/09\/Formulario_Finalizaci\u00f3n.docx\">Solicitud certificado de finalizaci\u00f3n de estudios<\/a><\/p>\n<p><a href=\"https:\/\/ifdgomez-crr.infd.edu.ar\/sitio\/wp-content\/uploads\/2024\/11\/Nota_Solicitud-de-baja-en-la-inscripcion-a-una-materia-para-examen-final.docx\">Solicitud de baja en la inscripci\u00f3n a una materia para examen final<\/a><\/p>\n<p><a href=\"https:\/\/ifdgomez-crr.infd.edu.ar\/sitio\/wp-content\/uploads\/2024\/11\/Nota_Solicitud-de-inscripcion-materia-para-examen-final.docx\">Solicitud de inscripci\u00f3n a examen final\u00a0<\/a><\/p>\n<p><a href=\"https:\/\/ifdgomez-crr.infd.edu.ar\/sitio\/wp-content\/uploads\/2021\/04\/Solicitud_de_Pase-1.pdf\">Solicitud de pase<\/a><\/p>\n\n\n<p><a href=\"https:\/\/ifdgomez-crr.infd.edu.ar\/sitio\/wp-content\/uploads\/2023\/09\/SOLICITUD-PARA-ASISTIR-A-CLASES-EN-CARACTER-DE-ESTUDIANTE-OYENTE-2.pdf\" data-type=\"URL\" data-id=\"https:\/\/ifdgomez-crr.infd.edu.ar\/sitio\/wp-content\/uploads\/2023\/09\/SOLICITUD-PARA-ASISTIR-A-CLASES-EN-CARACTER-DE-ESTUDIANTE-OYENTE-2.pdf\">Solicitud para asistir a clases en car\u00e1cter de estudiante oyente<\/a><\/p>\n\n\n\n<p><a href=\"https:\/\/ifdgomez-crr.infd.edu.ar\/sitio\/wp-content\/uploads\/2023\/09\/RI-N-103-23-ESTUDIANTE-OYENTE.pdf\" data-type=\"URL\" data-id=\"https:\/\/ifdgomez-crr.infd.edu.ar\/sitio\/wp-content\/uploads\/2023\/09\/RI-N-103-23-ESTUDIANTE-OYENTE.pdf\">Resoluci\u00f3n Interna &#8211; Estudiante oyente<\/a> (para adjuntar con la solicitud)<\/p>\n","protected":false},"excerpt":{"rendered":"<p>\u00a0Formulario para solicitar equivalencias Solicitud certificado de finalizaci\u00f3n de estudios Solicitud de baja en la inscripci\u00f3n a una materia para examen final Solicitud de inscripci\u00f3n a examen final\u00a0 Solicitud de pase Solicitud para asistir a clases en car\u00e1cter de estudiante oyente Resoluci\u00f3n Interna &#8211; Estudiante oyente (para adjuntar con la solicitud)<\/p>\n","protected":false},"author":978,"featured_media":0,"parent":0,"menu_order":0,"comment_status":"closed","ping_status":"closed","template":"","meta":[],"acf":[],"_links":{"self":[{"href":"https:\/\/ifdgomez-crr.infd.edu.ar\/sitio\/wp-json\/wp\/v2\/pages\/1113"}],"collection":[{"href":"https:\/\/ifdgomez-crr.infd.edu.ar\/sitio\/wp-json\/wp\/v2\/pages"}],"about":[{"href":"https:\/\/ifdgomez-crr.infd.edu.ar\/sitio\/wp-json\/wp\/v2\/types\/page"}],"author":[{"embeddable":true,"href":"https:\/\/ifdgomez-crr.infd.edu.ar\/sitio\/wp-json\/wp\/v2\/users\/978"}],"replies":[{"embeddable":true,"href":"https:\/\/ifdgomez-crr.infd.edu.ar\/sitio\/wp-json\/wp\/v2\/comments?post=1113"}],"version-history":[{"count":36,"href":"https:\/\/ifdgomez-crr.infd.edu.ar\/sitio\/wp-json\/wp\/v2\/pages\/1113\/revisions"}],"predecessor-version":[{"id":5633,"href":"https:\/\/ifdgomez-crr.infd.edu.ar\/sitio\/wp-json\/wp\/v2\/pages\/1113\/revisions\/5633"}],"wp:attachment":[{"href":"https:\/\/ifdgomez-crr.infd.edu.ar\/sitio\/wp-json\/wp\/v2\/media?parent=1113"}],"curies":[{"name":"wp","href":"https:\/\/api.w.org\/{rel}","templated":true}]}}