{"id":1115,"date":"2018-06-29T19:56:24","date_gmt":"2018-06-29T22:56:24","guid":{"rendered":"https:\/\/ifdgomez-crr.infd.edu.ar\/sitio\/perfiles-de-titulacion-docente\/"},"modified":"2024-06-13T16:49:07","modified_gmt":"2024-06-13T19:49:07","slug":"perfiles-de-titulacion-docente","status":"publish","type":"page","link":"https:\/\/ifdgomez-crr.infd.edu.ar\/sitio\/perfiles-de-titulacion-docente\/","title":{"rendered":"Perfiles de Titulaci\u00f3n para Carreras T\u00e9cnicas"},"content":{"rendered":"<p><strong>Los siguientes perfiles se valoran seg\u00fan la R.M 4539\/22<\/strong><\/p>\n<p><\/p>\n\n\n<\/p>\n<p><img decoding=\"async\" src=\"https:\/\/ifdgomez-crr.infd.edu.ar\/sitio\/wp-content\/uploads\/2018\/06\/accept_1.png\" alt=\"accept\" \/> Tecnicatura Superior en Desarrollo de Software.\u00a0<a href=\"https:\/\/ifdgomez-crr.infd.edu.ar\/sitio\/wp-content\/uploads\/2021\/10\/PERFILES-DOCENTES-DESARROLLO-SOFTWARE-1-1.docx\">Descargar Perfiles Desarrollo de Softeare<\/a><\/p>\n<p><img decoding=\"async\" src=\"https:\/\/ifdgomez-crr.infd.edu.ar\/sitio\/wp-content\/uploads\/2018\/06\/accept_1.png\" alt=\"accept\" \/> Tecnicatura Superior en Gastronom\u00eda. <a href=\"https:\/\/ifdgomez-crr.infd.edu.ar\/sitio\/wp-content\/uploads\/2021\/10\/PERFILES-DE-TITULACION-TECNICATURA-SUPERIOR-EN-GASTRONOMIA-1-1.docx\">Descargar Perfiles Gastronom\u00eda<\/a><\/p>\n<p>\n\n\n\n<\/p>\n<p><img decoding=\"async\" src=\"https:\/\/ifdgomez-crr.infd.edu.ar\/sitio\/wp-content\/uploads\/2018\/06\/accept_1.png\" alt=\"accept\" \/> Tecnicatura Superior en Enfermer\u00eda. <a href=\"https:\/\/ifdgomez-crr.infd.edu.ar\/sitio\/wp-content\/uploads\/sitio\/Perfiles_docentes_Enfermeria.docx\">Descargar Perfiles Enfermeria<\/a><\/p>\n<p>\n\n\n\n<\/p>\n<p><img decoding=\"async\" style=\"font-size: revert;\" src=\"https:\/\/ifdgomez-crr.infd.edu.ar\/sitio\/wp-content\/uploads\/2018\/06\/accept_1.png\" alt=\"accept\" \/><span style=\"font-size: revert;\"> Tecnicatura Superior en Log\u00edstica. <\/span><a style=\"font-size: revert;\" href=\"https:\/\/ifdgomez-crr.infd.edu.ar\/sitio\/wp-content\/uploads\/2022\/04\/Tec-sup-logistica.pdf\">Descargar Perfiles Log\u00edstica<\/a><\/p>\n<p><img decoding=\"async\" src=\"https:\/\/ifdgomez-crr.infd.edu.ar\/sitio\/wp-content\/uploads\/2018\/06\/accept_1.png\" alt=\"accept\" \/> Tecnicatura Superior en Ciencia de Datos e Inteligencia Artificial.\u00a0<a href=\"https:\/\/ifdgomez-crr.infd.edu.ar\/sitio\/wp-content\/uploads\/2022\/12\/Tecnicatura-Superior-en-Ciencia-de-Datos-e-Inteligencia-Artificial.pdf\">Descargar Perfiles Ciencia de Datos e Inteligencia Artificial<\/a><\/p>\n<p><img decoding=\"async\" src=\"https:\/\/ifdgomez-crr.infd.edu.ar\/sitio\/wp-content\/uploads\/2018\/06\/accept_1.png\" alt=\"accept\" \/> Tecnicatura Superior en Obstetricia. <a href=\"https:\/\/ifdgomez-crr.infd.edu.ar\/sitio\/wp-content\/uploads\/2022\/05\/PERFIL-T.S.-EN-OBSTETRICIA.pdf\">Descargar Perfiles Obstetricia<\/a><\/p>\n<p>\n\n\n<p><img decoding=\"async\" src=\"https:\/\/ifdgomez-crr.infd.edu.ar\/sitio\/wp-content\/uploads\/2018\/06\/accept_1.png\" alt=\"accept\" \/> Tecnicatura Superior en Gesti\u00f3n de la Producci\u00f3n Agropecuaria. <a href=\"https:\/\/ifdgomez-crr.infd.edu.ar\/sitio\/wp-content\/uploads\/2023\/02\/PERFILES-DE-TITULACION-PRODUCCION-AGROPECUARIA.docx\">Descargar Perfiles Producci\u00f3n Agropecuaria<\/a><\/p>\n<p><img decoding=\"async\" src=\"https:\/\/ifdgomez-crr.infd.edu.ar\/sitio\/wp-content\/uploads\/2018\/06\/accept_1.png\" alt=\"accept\" \/>Tecnicatura Superior en Administraci\u00f3n P\u00fablica orientada al desarrollo local. <a href=\"https:\/\/ifdgomez-crr.infd.edu.ar\/sitio\/wp-content\/uploads\/2024\/06\/Perfiles-Adminitracion-Publica.docx\">Descargar Perfiles Adminitraci\u00f3n P\u00fablica<\/a><\/p>\n<p><img decoding=\"async\" src=\"https:\/\/ifdgomez-crr.infd.edu.ar\/sitio\/wp-content\/uploads\/2018\/06\/accept_1.png\" alt=\"accept\" \/> Tecnicatura Superior en Higiene y Seguridad en el Trabajo con orientaci\u00f3n Foresto-Industrial.\u00a0<a href=\"https:\/\/ifdgomez-crr.infd.edu.ar\/sitio\/wp-content\/uploads\/2022\/12\/PERFIL_HIGIENE-Y-SEGURIDAD-EN-EL-TRABAJO-CON-ORIENTACION-FORESTO-INDUSTRIAL.pdf\">Descargar Perfiles Higiene y Seguridad en el Trabajo con Orientacion Foresto Industrial<\/a><\/p>\n<p>\u00a0<\/p>\n<p>\u00a0<\/p>\n\n<p><\/p>\n\n\n<p class=\"has-text-align-left\"><\/p>\n","protected":false},"excerpt":{"rendered":"<p>Los siguientes perfiles se valoran seg\u00fan la R.M 4539\/22 Tecnicatura Superior en Desarrollo de Software.\u00a0Descargar Perfiles Desarrollo de Softeare Tecnicatura Superior en Gastronom\u00eda. Descargar Perfiles Gastronom\u00eda Tecnicatura Superior en Enfermer\u00eda. Descargar Perfiles Enfermeria Tecnicatura Superior en Log\u00edstica. Descargar Perfiles Log\u00edstica Tecnicatura Superior en Ciencia de Datos e Inteligencia Artificial.\u00a0Descargar Perfiles Ciencia de Datos e Inteligencia &#8230; <a title=\"Perfiles de Titulaci\u00f3n para Carreras T\u00e9cnicas\" class=\"read-more\" href=\"https:\/\/ifdgomez-crr.infd.edu.ar\/sitio\/perfiles-de-titulacion-docente\/\" aria-label=\"More on Perfiles de Titulaci\u00f3n para Carreras T\u00e9cnicas\">[+]<\/a><\/p>\n","protected":false},"author":51,"featured_media":0,"parent":0,"menu_order":0,"comment_status":"closed","ping_status":"closed","template":"","meta":[],"acf":[],"_links":{"self":[{"href":"https:\/\/ifdgomez-crr.infd.edu.ar\/sitio\/wp-json\/wp\/v2\/pages\/1115"}],"collection":[{"href":"https:\/\/ifdgomez-crr.infd.edu.ar\/sitio\/wp-json\/wp\/v2\/pages"}],"about":[{"href":"https:\/\/ifdgomez-crr.infd.edu.ar\/sitio\/wp-json\/wp\/v2\/types\/page"}],"author":[{"embeddable":true,"href":"https:\/\/ifdgomez-crr.infd.edu.ar\/sitio\/wp-json\/wp\/v2\/users\/51"}],"replies":[{"embeddable":true,"href":"https:\/\/ifdgomez-crr.infd.edu.ar\/sitio\/wp-json\/wp\/v2\/comments?post=1115"}],"version-history":[{"count":24,"href":"https:\/\/ifdgomez-crr.infd.edu.ar\/sitio\/wp-json\/wp\/v2\/pages\/1115\/revisions"}],"predecessor-version":[{"id":4494,"href":"https:\/\/ifdgomez-crr.infd.edu.ar\/sitio\/wp-json\/wp\/v2\/pages\/1115\/revisions\/4494"}],"wp:attachment":[{"href":"https:\/\/ifdgomez-crr.infd.edu.ar\/sitio\/wp-json\/wp\/v2\/media?parent=1115"}],"curies":[{"name":"wp","href":"https:\/\/api.w.org\/{rel}","templated":true}]}}