{"id":1604,"date":"2020-04-14T09:47:08","date_gmt":"2020-04-14T12:47:08","guid":{"rendered":"https:\/\/ifdgomez-crr.infd.edu.ar\/sitio\/?page_id=1604"},"modified":"2025-03-05T15:52:16","modified_gmt":"2025-03-05T18:52:16","slug":"publicacion-de-padrones","status":"publish","type":"page","link":"https:\/\/ifdgomez-crr.infd.edu.ar\/sitio\/publicacion-de-padrones\/","title":{"rendered":"Valoraci\u00f3n de T\u00edtulos y Antecedentes para Cargos de Coordinaci\u00f3n"},"content":{"rendered":"\n<p><strong>Para todos los casos se sugiere consultar previamente la Normativa citada a continuaci\u00f3n<\/strong><\/p>\n\n\n\n<p><a href=\"https:\/\/ifdgomez-crr.infd.edu.ar\/sitio\/wp-content\/uploads\/2023\/03\/ROM-Corrientes-3.pdf\" data-type=\"URL\" data-id=\"https:\/\/ifdgomez-crr.infd.edu.ar\/sitio\/wp-content\/uploads\/2023\/03\/ROM-Corrientes-3.pdf\">ROM 1455\/14<\/a><\/p>\n\n\n\n<p><a href=\"https:\/\/ifdgomez-crr.infd.edu.ar\/sitio\/wp-content\/uploads\/2023\/03\/Circular-N\u00b0-3-19-2.docx\" data-type=\"URL\" data-id=\"https:\/\/ifdgomez-crr.infd.edu.ar\/sitio\/wp-content\/uploads\/2023\/03\/Circular-N\u00b0-3-19-2.docx\">Circular N\u00b0 3\/19<\/a><\/p>\n\n\n\n<p><a href=\"https:\/\/ifdgomez-crr.infd.edu.ar\/sitio\/wp-content\/uploads\/sitio\/ROM-AmpliatoriaDe1455-585-2015.pdf\" data-type=\"URL\" data-id=\"https:\/\/ifdgomez-crr.infd.edu.ar\/sitio\/wp-content\/uploads\/sitio\/ROM-AmpliatoriaDe1455-585-2015.pdf\">585\/15<\/a><\/p>\n\n\n\n<p><a href=\"https:\/\/ifdgomez-crr.infd.edu.ar\/sitio\/wp-content\/uploads\/2023\/03\/Resolucion-5293-2016-Grilla-de-evaluacion-2.pdf\" data-type=\"URL\" data-id=\"https:\/\/ifdgomez-crr.infd.edu.ar\/sitio\/wp-content\/uploads\/2023\/03\/Resolucion-5293-2016-Grilla-de-evaluacion-2.pdf\">5293\/16<\/a> <strong>(Carreras Docentes)<\/strong><\/p>\n\n\n\n<p><a href=\"http:\/\/dgescorrientes.net\/pdf\/valoracionde-titulos-y-antecedentes\/res-4539-22-valoracion-tecnica.pdf\">4539\/22<\/a> <strong>(Carreras T\u00e9cnicas)<\/strong><\/p>\n\n\n\n<p><a href=\"https:\/\/ifdgomez-crr.infd.edu.ar\/sitio\/wp-content\/uploads\/2023\/03\/Inscripcion-para-Coordinaciones-2-3.docx\" data-type=\"URL\" data-id=\"https:\/\/ifdgomez-crr.infd.edu.ar\/sitio\/wp-content\/uploads\/2023\/03\/Inscripcion-para-Coordinaciones-2-3.docx\">Ficha de inscripci\u00f3n para Coordinaciones<\/a><\/p>\n\n\n\n<p><a href=\"https:\/\/ifdgomez-crr.infd.edu.ar\/sitio\/wp-content\/uploads\/2023\/03\/Grilla-de-Valoracion-de-Titulos-y-Antecedentes-para-Cargos-de-Coordinacion-en-concordancia-con-las-RM-No-5293-3.docx\" data-type=\"URL\" data-id=\"https:\/\/ifdgomez-crr.infd.edu.ar\/sitio\/wp-content\/uploads\/2023\/03\/Grilla-de-Valoracion-de-Titulos-y-Antecedentes-para-Cargos-de-Coordinacion-en-concordancia-con-las-RM-No-5293-3.docx\">Grilla de Valoraci\u00f3n para Coordinaciones<\/a> (Carreras Docentes)<\/p>\n\n\n\n<p><a href=\"https:\/\/ifdgomez-crr.infd.edu.ar\/sitio\/wp-content\/uploads\/2024\/09\/Grilla-tecnicas-coordi.docx\">Grilla de Valoraci\u00f3n para Coordinaciones<\/a> (Carreras T\u00e9cnicas) <\/p>\n\n\n","protected":false},"excerpt":{"rendered":"<p>Para todos los casos se sugiere consultar previamente la Normativa citada a continuaci\u00f3n ROM 1455\/14 Circular N\u00b0 3\/19 585\/15 5293\/16 (Carreras Docentes) 4539\/22 (Carreras T\u00e9cnicas) Ficha de inscripci\u00f3n para Coordinaciones Grilla de Valoraci\u00f3n para Coordinaciones (Carreras Docentes) Grilla de Valoraci\u00f3n para Coordinaciones (Carreras T\u00e9cnicas)<\/p>\n","protected":false},"author":51,"featured_media":0,"parent":0,"menu_order":0,"comment_status":"closed","ping_status":"closed","template":"","meta":[],"acf":[],"_links":{"self":[{"href":"https:\/\/ifdgomez-crr.infd.edu.ar\/sitio\/wp-json\/wp\/v2\/pages\/1604"}],"collection":[{"href":"https:\/\/ifdgomez-crr.infd.edu.ar\/sitio\/wp-json\/wp\/v2\/pages"}],"about":[{"href":"https:\/\/ifdgomez-crr.infd.edu.ar\/sitio\/wp-json\/wp\/v2\/types\/page"}],"author":[{"embeddable":true,"href":"https:\/\/ifdgomez-crr.infd.edu.ar\/sitio\/wp-json\/wp\/v2\/users\/51"}],"replies":[{"embeddable":true,"href":"https:\/\/ifdgomez-crr.infd.edu.ar\/sitio\/wp-json\/wp\/v2\/comments?post=1604"}],"version-history":[{"count":21,"href":"https:\/\/ifdgomez-crr.infd.edu.ar\/sitio\/wp-json\/wp\/v2\/pages\/1604\/revisions"}],"predecessor-version":[{"id":4943,"href":"https:\/\/ifdgomez-crr.infd.edu.ar\/sitio\/wp-json\/wp\/v2\/pages\/1604\/revisions\/4943"}],"wp:attachment":[{"href":"https:\/\/ifdgomez-crr.infd.edu.ar\/sitio\/wp-json\/wp\/v2\/media?parent=1604"}],"curies":[{"name":"wp","href":"https:\/\/api.w.org\/{rel}","templated":true}]}}