{"id":2056,"date":"2020-11-23T10:55:50","date_gmt":"2020-11-23T13:55:50","guid":{"rendered":"https:\/\/ifdgomez-crr.infd.edu.ar\/sitio\/?page_id=2056"},"modified":"2020-12-01T20:49:17","modified_gmt":"2020-12-01T23:49:17","slug":"contactar","status":"publish","type":"page","link":"https:\/\/ifdgomez-crr.infd.edu.ar\/sitio\/contactar\/","title":{"rendered":"Correos de consulta"},"content":{"rendered":"<table>\n<tbody>\n<tr>\n<td colspan=\"2\" width=\"552\">\n<h2><strong>Por consultas referidas a estudiantes<\/strong><\/h2>\n<\/td>\n<\/tr>\n<tr>\n<td width=\"179\">\u00c1rea Estudiantes<\/td>\n<td width=\"372\"><a href=\"mailto:estudiantesisfdpag@gmail.com\">estudiantesisfdpag@gmail.com<\/a><\/p>\n<p><a href=\"mailto:alumnadoisfdpag@gmail.com\">alumnadoisfdpag@gmail.com<\/a><\/td>\n<\/tr>\n<tr>\n<td width=\"179\">Pol\u00edticas Estudiantiles<\/td>\n<td width=\"372\"><a href=\"mailto:cipeisfdpag@gmail.com\">cipeisfdpag@gmail.com<\/a><\/td>\n<\/tr>\n<tr>\n<td colspan=\"2\" width=\"552\">\n<h2><strong>Por consultas referidas a temas administrativos<\/strong><\/h2>\n<\/td>\n<\/tr>\n<tr>\n<td width=\"179\">Secretar\u00eda Administrativa<\/td>\n<td width=\"372\"><a href=\"mailto:secretariadelisfdpag@yahoo.com\">secretariadelisfdpag@yahoo.com<\/a><\/td>\n<\/tr>\n<\/tbody>\n<\/table>\n","protected":false},"excerpt":{"rendered":"<p>Por consultas referidas a estudiantes \u00c1rea Estudiantes estudiantesisfdpag@gmail.com alumnadoisfdpag@gmail.com Pol\u00edticas Estudiantiles cipeisfdpag@gmail.com Por consultas referidas a temas administrativos Secretar\u00eda Administrativa secretariadelisfdpag@yahoo.com<\/p>\n","protected":false},"author":748,"featured_media":0,"parent":0,"menu_order":0,"comment_status":"closed","ping_status":"closed","template":"","meta":[],"acf":[],"_links":{"self":[{"href":"https:\/\/ifdgomez-crr.infd.edu.ar\/sitio\/wp-json\/wp\/v2\/pages\/2056"}],"collection":[{"href":"https:\/\/ifdgomez-crr.infd.edu.ar\/sitio\/wp-json\/wp\/v2\/pages"}],"about":[{"href":"https:\/\/ifdgomez-crr.infd.edu.ar\/sitio\/wp-json\/wp\/v2\/types\/page"}],"author":[{"embeddable":true,"href":"https:\/\/ifdgomez-crr.infd.edu.ar\/sitio\/wp-json\/wp\/v2\/users\/748"}],"replies":[{"embeddable":true,"href":"https:\/\/ifdgomez-crr.infd.edu.ar\/sitio\/wp-json\/wp\/v2\/comments?post=2056"}],"version-history":[{"count":7,"href":"https:\/\/ifdgomez-crr.infd.edu.ar\/sitio\/wp-json\/wp\/v2\/pages\/2056\/revisions"}],"predecessor-version":[{"id":2087,"href":"https:\/\/ifdgomez-crr.infd.edu.ar\/sitio\/wp-json\/wp\/v2\/pages\/2056\/revisions\/2087"}],"wp:attachment":[{"href":"https:\/\/ifdgomez-crr.infd.edu.ar\/sitio\/wp-json\/wp\/v2\/media?parent=2056"}],"curies":[{"name":"wp","href":"https:\/\/api.w.org\/{rel}","templated":true}]}}