{"id":286,"date":"2016-10-31T13:17:59","date_gmt":"2016-10-31T16:17:59","guid":{"rendered":"https:\/\/ifdgomez-crr.infd.edu.ar\/sitio\/?page_id=286"},"modified":"2024-06-14T09:34:17","modified_gmt":"2024-06-14T12:34:17","slug":"inicio","status":"publish","type":"page","link":"https:\/\/ifdgomez-crr.infd.edu.ar\/sitio\/","title":{"rendered":"Inicio"},"content":{"rendered":"<p>&nbsp;<\/p>\n<p><img decoding=\"async\" loading=\"lazy\" style=\"display: block; margin-left: auto; margin-right: auto;\" src=\"https:\/\/ifdgomez-crr.infd.edu.ar\/sitio\/wp-content\/uploads\/2018\/06\/text.gif\" width=\"532\" height=\"31\" border=\"0\" \/><\/p>\n<p class=\"textoarial\" style=\"text-align: center;\"><span style=\"font-size: 12pt; font-family: verdana, geneva;\" data-mce-mark=\"1\"><strong><span style=\"font-size: 12pt; font-family: verdana, geneva;\" data-mce-mark=\"1\">Nodo de la Red Virtual de Institutos Superiores de Formaci\u00f3n Docente\u00a0<\/span><\/strong><\/span><\/p>\n<p class=\"textoarial\" style=\"text-align: center;\"><strong style=\"font-family: verdana, geneva; font-size: 12pt;\">Instituto Superior de Formaci\u00f3n Docente \u00abProfesor Agust\u00edn G\u00f3mez\u00bb<\/strong><\/p>\n<p><iframe loading=\"lazy\" title=\"EXPO JOVEN ISFD PAG SEPT 2022\" width=\"1200\" height=\"675\" src=\"https:\/\/www.youtube.com\/embed\/upc6r53SgQ0?feature=oembed\" frameborder=\"0\" allow=\"accelerometer; autoplay; clipboard-write; encrypted-media; gyroscope; picture-in-picture; web-share\" allowfullscreen><\/iframe><\/p>\n<p style=\"text-align: justify;\"><span style=\"font-size: 12pt; font-family: verdana, geneva;\">El Instituto Superior de Formaci\u00f3n Docente \u00abProfesor Agust\u00edn G\u00f3mez\u00bb forma parte del sistema de educaci\u00f3n p\u00fablica de gesti\u00f3n estatal.<\/span><\/p>\n<p style=\"text-align: justify;\"><span style=\"font-size: 12pt; font-family: verdana, geneva;\">A trav\u00e9s de este sitio en Internet, nuestro Instituto comunica novedades, acerca informaci\u00f3n, comparte experiencias, brinda apoyo y asesoramiento a alumnos, docentes e interesados en formar parte de esta comunidad educativa.<\/span><\/p>\n<p style=\"text-align: justify;\"><span style=\"font-size: 12pt; font-family: verdana, geneva;\"><img decoding=\"async\" style=\"border: 0; float: left; margin-left: 5px; margin-right: 5px;\" title=\"Red virtual\" src=\"https:\/\/ifdgomez-crr.infd.edu.ar\/sitio\/wp-content\/uploads\/2018\/06\/la_red.jpg\" alt=\"Red virtual\" border=\"0\" \/>Junto con varios cientos de Institutos, integramos la Red Virtual de Institutos Superiores de Formaci\u00f3n Docente coordinada por el\u00a0INFD (Instituto Nacional de Formaci\u00f3n Docente) dependiente del Ministerio de Educaci\u00f3n de la Naci\u00f3n Argentina.<\/span><\/p>\n","protected":false},"excerpt":{"rendered":"<p>&nbsp; Nodo de la Red Virtual de Institutos Superiores de Formaci\u00f3n Docente\u00a0 Instituto Superior de Formaci\u00f3n Docente \u00abProfesor Agust\u00edn G\u00f3mez\u00bb El Instituto Superior de Formaci\u00f3n Docente \u00abProfesor Agust\u00edn G\u00f3mez\u00bb forma parte del sistema de educaci\u00f3n p\u00fablica de gesti\u00f3n estatal. A trav\u00e9s de este sitio en Internet, nuestro Instituto comunica novedades, acerca informaci\u00f3n, comparte experiencias, brinda &#8230; <a title=\"Inicio\" class=\"read-more\" href=\"https:\/\/ifdgomez-crr.infd.edu.ar\/sitio\/\" aria-label=\"More on Inicio\">[+]<\/a><\/p>\n","protected":false},"author":1,"featured_media":0,"parent":0,"menu_order":0,"comment_status":"closed","ping_status":"closed","template":"","meta":[],"acf":[],"_links":{"self":[{"href":"https:\/\/ifdgomez-crr.infd.edu.ar\/sitio\/wp-json\/wp\/v2\/pages\/286"}],"collection":[{"href":"https:\/\/ifdgomez-crr.infd.edu.ar\/sitio\/wp-json\/wp\/v2\/pages"}],"about":[{"href":"https:\/\/ifdgomez-crr.infd.edu.ar\/sitio\/wp-json\/wp\/v2\/types\/page"}],"author":[{"embeddable":true,"href":"https:\/\/ifdgomez-crr.infd.edu.ar\/sitio\/wp-json\/wp\/v2\/users\/1"}],"replies":[{"embeddable":true,"href":"https:\/\/ifdgomez-crr.infd.edu.ar\/sitio\/wp-json\/wp\/v2\/comments?post=286"}],"version-history":[{"count":122,"href":"https:\/\/ifdgomez-crr.infd.edu.ar\/sitio\/wp-json\/wp\/v2\/pages\/286\/revisions"}],"predecessor-version":[{"id":4508,"href":"https:\/\/ifdgomez-crr.infd.edu.ar\/sitio\/wp-json\/wp\/v2\/pages\/286\/revisions\/4508"}],"wp:attachment":[{"href":"https:\/\/ifdgomez-crr.infd.edu.ar\/sitio\/wp-json\/wp\/v2\/media?parent=286"}],"curies":[{"name":"wp","href":"https:\/\/api.w.org\/{rel}","templated":true}]}}