{"id":3331,"date":"2023-04-12T23:36:10","date_gmt":"2023-04-13T02:36:10","guid":{"rendered":"https:\/\/ifdgomez-crr.infd.edu.ar\/sitio\/?page_id=3331"},"modified":"2025-06-11T18:51:10","modified_gmt":"2025-06-11T21:51:10","slug":"profesorado-de-educacion-secundaria-en-ciencias-de-la-administracion","status":"publish","type":"page","link":"https:\/\/ifdgomez-crr.infd.edu.ar\/sitio\/profesorado-de-educacion-secundaria-en-ciencias-de-la-administracion\/","title":{"rendered":"Profesorado de Educaci\u00f3n Secundaria en Ciencias de la Administraci\u00f3n"},"content":{"rendered":"<p><span style=\"font-family: verdana, geneva;\" data-mce-mark=\"1\"><strong style=\"font-family: Verdana, Arial, Helvetica, sans-serif; font-size: 12pt;\"><span style=\"text-decoration: underline;\">Objetivos<\/span><\/strong><\/span><\/p>\n<p style=\"text-align: justify;\"><span style=\"font-family: verdana, geneva; font-size: 12pt; color: #000000;\" data-mce-mark=\"1\">Formar docentes capaces de:<img decoding=\"async\" loading=\"lazy\" class=\" wp-image-3333 alignright\" src=\"https:\/\/ifdgomez-crr.infd.edu.ar\/sitio\/wp-content\/uploads\/2023\/04\/3597809.png\" alt=\"\" width=\"275\" height=\"275\" srcset=\"https:\/\/ifdgomez-crr.infd.edu.ar\/sitio\/wp-content\/uploads\/2023\/04\/3597809.png 512w, https:\/\/ifdgomez-crr.infd.edu.ar\/sitio\/wp-content\/uploads\/2023\/04\/3597809-500x500.png 500w\" sizes=\"(max-width: 275px) 100vw, 275px\" \/><\/span><\/p>\n<p style=\"text-align: justify;\"><span style=\"font-family: verdana, geneva; font-size: 12pt; color: #000000;\" data-mce-mark=\"1\"><img decoding=\"async\" title=\"accept\" src=\"https:\/\/ifdgomez-crr.infd.edu.ar\/sitio\/wp-content\/uploads\/2018\/06\/accept_1.png\" alt=\"accept\" border=\"0\" \/> Construir un s\u00f3lido marco te\u00f3rico-pocedimental para la ense\u00f1anza de la administraci\u00f3n y los procesos organizacionales estableciendo conexiones con el marco econ\u00f3mico, normativo y las exigencias propias de la sociedad de la informaci\u00f3n.<\/span><\/p>\n<p style=\"text-align: justify;\"><span style=\"font-family: verdana, geneva; font-size: 12pt; color: #000000;\" data-mce-mark=\"1\"><img decoding=\"async\" title=\"accept\" src=\"https:\/\/ifdgomez-crr.infd.edu.ar\/sitio\/wp-content\/uploads\/2018\/06\/accept_1.png\" alt=\"accept\" border=\"0\" \/> Comprender las diferentes funciones administrativas y los procesos involucrados: la toma de decisiones, la formaci\u00f3n de objetivos, la planeaci\u00f3n y formulaci\u00f3n de estrategias, la estructuraci\u00f3n de la organizaci\u00f3n y el control consecuente.<\/span><\/p>\n<p><span style=\"font-family: verdana, geneva; font-size: 12pt; color: #000000;\" data-mce-mark=\"1\"><img decoding=\"async\" title=\"accept\" src=\"https:\/\/ifdgomez-crr.infd.edu.ar\/sitio\/wp-content\/uploads\/2018\/06\/accept_1.png\" alt=\"accept\" border=\"0\" \/> Concebir y desarrollar dispositivos pedag\u00f3gicos atendiendo a la diversidad, pudiendo identificar en el acompa\u00f1amiento de los procesos de aprendizaje de los alumnos aquellos factores que los potencian, para promoverlos y aquellos obst\u00e1culos que dificultan esos procesos para intensificar su intervenci\u00f3n pedag\u00f3gica.<\/span><\/p>\n<p style=\"text-align: justify;\"><span style=\"font-family: verdana, geneva; font-size: 12pt; color: #000000;\" data-mce-mark=\"1\"><img decoding=\"async\" title=\"accept\" src=\"https:\/\/ifdgomez-crr.infd.edu.ar\/sitio\/wp-content\/uploads\/2018\/06\/accept_1.png\" alt=\"accept\" border=\"0\" \/> Comprender y utilizar las actuales tendencias del management y dominio de las TIC aplicables a su an\u00e1lisis.<\/span><\/p>\n<p style=\"text-align: justify;\"><span style=\"font-family: verdana, geneva; font-size: 12pt; color: #000000;\" data-mce-mark=\"1\"><img decoding=\"async\" title=\"accept\" src=\"https:\/\/ifdgomez-crr.infd.edu.ar\/sitio\/wp-content\/uploads\/2018\/06\/accept_1.png\" alt=\"accept\" border=\"0\" \/> Realizar adecuaciones, producci\u00f3n y evaluaci\u00f3n de los contenidos curriculares.\u00a0<\/span><\/p>\n<p style=\"text-align: justify;\"><span style=\"font-family: verdana, geneva; font-size: 12pt; color: #000000;\" data-mce-mark=\"1\"><img decoding=\"async\" title=\"accept\" src=\"https:\/\/ifdgomez-crr.infd.edu.ar\/sitio\/wp-content\/uploads\/2018\/06\/accept_1.png\" alt=\"accept\" border=\"0\" \/> Trabajar en equipo con otros docentes, desarrollando proyectos compartidos participando y proponiendo actividades propia de la instituci\u00f3n que\u00a0 promuevan la mejora de la calidad educativa.\u00a0<\/span><\/p>\n<p style=\"text-align: justify;\"><span style=\"font-family: verdana, geneva; font-size: 12pt; color: #339966;\" data-mce-mark=\"1\"><strong><img decoding=\"async\" loading=\"lazy\" class=\"alignleft\" src=\"https:\/\/ifdgomez-crr.infd.edu.ar\/sitio\/wp-content\/uploads\/2018\/06\/IEGauIOV3Nauimagen_incrustada1.png\" alt=\"Resultado de imagen para reloj\" width=\"28\" height=\"34\" border=\"0\" \/><\/strong><\/span><span style=\"font-family: verdana, geneva; font-size: 12pt;\" data-mce-mark=\"1\"><strong>\u00a0<\/strong><\/span><span style=\"font-family: verdana, geneva; font-size: 12pt;\" data-mce-mark=\"1\"><strong><span style=\"text-decoration: underline;\">Duraci\u00f3n de la Carrera<\/span><\/strong><\/span><\/p>\n<p style=\"text-align: justify;\"><span style=\"font-family: verdana, geneva; font-size: 12pt; color: #000000;\" data-mce-mark=\"1\">2.677 horas reloj (4.016 horas c\u00e1tedra), a lo largo de 4 a\u00f1os de estudio.<\/span><\/p>\n<p style=\"text-align: justify;\"><span style=\"font-family: verdana, geneva; font-size: 12pt; color: #000000;\" data-mce-mark=\"1\">Ocho semestres, que incluyen observaciones, pr\u00e1ctica profesional intensiva, talleres complementarios y examen final.<\/span><\/p>\n<p><span style=\"font-size: 12pt; font-family: verdana, geneva;\"><strong><span style=\"text-decoration: underline;\">Horario de cursado:\u00a0<\/span><\/strong><\/span><\/p>\n<p><span style=\"font-size: 12pt; font-family: verdana, geneva; color: #000000;\">Turno tarde<\/span><\/p>\n<p><span style=\"font-size: 12pt; font-family: verdana, geneva;\"><strong><span style=\"text-decoration: underline;\">Cursos habilitados:<\/span><\/strong><\/span><\/p>\n<p><span style=\"font-size: 12pt; font-family: verdana, geneva; color: #000000;\">1\u00ba a\u00f1o, 2\u00b0 a\u00f1o, 3\u00ba a\u00f1o y 4\u00ba a\u00f1o<\/span><\/p>\n<p style=\"text-align: justify;\"><span style=\"font-family: verdana, geneva; font-size: 12pt;\" data-mce-mark=\"1\"><strong><span style=\"text-decoration: underline;\"><img decoding=\"async\" loading=\"lazy\" class=\"wp-image-3292 alignleft\" src=\"https:\/\/ifdgomez-crr.infd.edu.ar\/sitio\/wp-content\/uploads\/2023\/04\/graduation-hat-with-diploma.png\" alt=\"\" width=\"38\" height=\"38\" srcset=\"https:\/\/ifdgomez-crr.infd.edu.ar\/sitio\/wp-content\/uploads\/2023\/04\/graduation-hat-with-diploma.png 512w, https:\/\/ifdgomez-crr.infd.edu.ar\/sitio\/wp-content\/uploads\/2023\/04\/graduation-hat-with-diploma-500x500.png 500w\" sizes=\"(max-width: 38px) 100vw, 38px\" \/>Titulaci\u00f3n<\/span><\/strong><\/span><\/p>\n<p style=\"text-align: justify;\"><span style=\"font-family: verdana, geneva; font-size: 12pt; color: #000000;\" data-mce-mark=\"1\">Profesor\/a de Educaci\u00f3n Secundaria en Ciencias de la Administraci\u00f3n.\u00a0<\/span><\/p>\n<p style=\"text-align: justify;\"><span style=\"font-family: verdana, geneva; font-size: 12pt; color: #000000;\" data-mce-mark=\"1\">Con validez nacional y habilitante para ejercer en el \u00e1mbito estatal o privado.<\/span><\/p>\n<p style=\"text-align: justify;\"><strong style=\"color: #008000; font-family: verdana, geneva; font-size: 12pt;\"><span style=\"text-decoration: underline;\"><span style=\"color: #339966; text-decoration: underline;\"><span style=\"color: #000000; text-decoration: underline;\"><img decoding=\"async\" loading=\"lazy\" class=\" wp-image-3296 alignleft\" src=\"https:\/\/ifdgomez-crr.infd.edu.ar\/sitio\/wp-content\/uploads\/2023\/04\/166088.png\" alt=\"\" width=\"38\" height=\"38\" srcset=\"https:\/\/ifdgomez-crr.infd.edu.ar\/sitio\/wp-content\/uploads\/2023\/04\/166088.png 512w, https:\/\/ifdgomez-crr.infd.edu.ar\/sitio\/wp-content\/uploads\/2023\/04\/166088-500x500.png 500w\" sizes=\"(max-width: 38px) 100vw, 38px\" \/><a href=\"http:\/\/dgescorrientes.net\/curriculares-pdf\/profesorado\/ccias-administracion-rm.4968-2015.pdf\">Dise\u00f1o Curricular completo<\/a><\/span><\/span><\/span><span style=\"color: #008000;\" data-mce-mark=\"1\">\u00a0<\/span><\/strong><span style=\"color: #000000; font-family: verdana, geneva;\" data-mce-mark=\"1\"><span style=\"font-size: 10pt;\">(Plan de Estudio en las p\u00e1ginas 30 a 32 del pdf)<\/span><\/span><\/p>\n","protected":false},"excerpt":{"rendered":"<p>Objetivos Formar docentes capaces de: Construir un s\u00f3lido marco te\u00f3rico-pocedimental para la ense\u00f1anza de la administraci\u00f3n y los procesos organizacionales estableciendo conexiones con el marco econ\u00f3mico, normativo y las exigencias propias de la sociedad de la informaci\u00f3n. Comprender las diferentes funciones administrativas y los procesos involucrados: la toma de decisiones, la formaci\u00f3n de objetivos, la &#8230; <a title=\"Profesorado de Educaci\u00f3n Secundaria en Ciencias de la Administraci\u00f3n\" class=\"read-more\" href=\"https:\/\/ifdgomez-crr.infd.edu.ar\/sitio\/profesorado-de-educacion-secundaria-en-ciencias-de-la-administracion\/\" aria-label=\"More on Profesorado de Educaci\u00f3n Secundaria en Ciencias de la Administraci\u00f3n\">[+]<\/a><\/p>\n","protected":false},"author":51,"featured_media":0,"parent":0,"menu_order":0,"comment_status":"closed","ping_status":"closed","template":"","meta":[],"acf":[],"_links":{"self":[{"href":"https:\/\/ifdgomez-crr.infd.edu.ar\/sitio\/wp-json\/wp\/v2\/pages\/3331"}],"collection":[{"href":"https:\/\/ifdgomez-crr.infd.edu.ar\/sitio\/wp-json\/wp\/v2\/pages"}],"about":[{"href":"https:\/\/ifdgomez-crr.infd.edu.ar\/sitio\/wp-json\/wp\/v2\/types\/page"}],"author":[{"embeddable":true,"href":"https:\/\/ifdgomez-crr.infd.edu.ar\/sitio\/wp-json\/wp\/v2\/users\/51"}],"replies":[{"embeddable":true,"href":"https:\/\/ifdgomez-crr.infd.edu.ar\/sitio\/wp-json\/wp\/v2\/comments?post=3331"}],"version-history":[{"count":3,"href":"https:\/\/ifdgomez-crr.infd.edu.ar\/sitio\/wp-json\/wp\/v2\/pages\/3331\/revisions"}],"predecessor-version":[{"id":5133,"href":"https:\/\/ifdgomez-crr.infd.edu.ar\/sitio\/wp-json\/wp\/v2\/pages\/3331\/revisions\/5133"}],"wp:attachment":[{"href":"https:\/\/ifdgomez-crr.infd.edu.ar\/sitio\/wp-json\/wp\/v2\/media?parent=3331"}],"curies":[{"name":"wp","href":"https:\/\/api.w.org\/{rel}","templated":true}]}}