{"id":3486,"date":"2023-04-24T14:05:01","date_gmt":"2023-04-24T17:05:01","guid":{"rendered":"https:\/\/ifdgomez-crr.infd.edu.ar\/sitio\/?page_id=3486"},"modified":"2025-06-11T18:53:59","modified_gmt":"2025-06-11T21:53:59","slug":"tecnicatura-superior-en-desarrollo-de-software-2","status":"publish","type":"page","link":"https:\/\/ifdgomez-crr.infd.edu.ar\/sitio\/tecnicatura-superior-en-desarrollo-de-software-2\/","title":{"rendered":"Tecnicatura Superior en Desarrollo de Software"},"content":{"rendered":"<p><span style=\"font-size: 12pt;\"><span style=\"text-decoration: underline; font-family: verdana, geneva; color: #000000;\"><strong style=\"font-family: Verdana, Arial, Helvetica, sans-serif; font-size: 12pt;\">Alcance del Perfil Profesional<\/strong><\/span><\/span><\/p>\n<p><span style=\"font-family: verdana, geneva; font-size: 12pt; text-align: justify;\"><span style=\"color: #000000;\">El T\u00e9cnico Superior en Desarrollo de Software estar\u00e1 capacitado para producir artefactos de software, lo que comprende su dise\u00f1o detallado, construcci\u00f3n -reutilizando elementos existentes o program\u00e1ndolos enteramente- y verificaci\u00f3n unitaria, as\u00ed como su depuraci\u00f3n, optimizaci\u00f3n y mantenimiento; desarrollando las actividades descriptas en el perfil profesional y cumpliendo con los criterios de realizaci\u00f3n establecidos para las mismas en el marco de un equipo de trabajo organizado por proyecto.<br \/>\nA continuaci\u00f3n se presentan funciones del perfil profesional de este t\u00e9cnico superior en las cuales se pueden identificar las siguientes actividades:<br \/>\n<img decoding=\"async\" title=\"accept\" src=\"https:\/\/ifdgomez-crr.infd.edu.ar\/sitio\/wp-content\/uploads\/2018\/06\/accept_1.png\" alt=\"accept\" border=\"0\" \/>Modeliza artefactos de software<br \/>\n<img decoding=\"async\" title=\"accept\" src=\"https:\/\/ifdgomez-crr.infd.edu.ar\/sitio\/wp-content\/uploads\/2018\/06\/accept_1.png\" alt=\"accept\" border=\"0\" \/>Construye artefactos de software<br \/>\n<img decoding=\"async\" title=\"accept\" src=\"https:\/\/ifdgomez-crr.infd.edu.ar\/sitio\/wp-content\/uploads\/2018\/06\/accept_1.png\" alt=\"accept\" border=\"0\" \/>Verifica los artefactos de software construidos<br \/>\n<img decoding=\"async\" title=\"accept\" src=\"https:\/\/ifdgomez-crr.infd.edu.ar\/sitio\/wp-content\/uploads\/2018\/06\/accept_1.png\" alt=\"accept\" border=\"0\" \/>Revisa el c\u00f3digo de artefactos de software para resolver defectos o mejorarlo<br \/>\n<img decoding=\"async\" title=\"accept\" src=\"https:\/\/ifdgomez-crr.infd.edu.ar\/sitio\/wp-content\/uploads\/2018\/06\/accept_1.png\" alt=\"accept\" border=\"0\" \/>Documenta actividades y resultados obtenidos<br \/>\n<img decoding=\"async\" title=\"accept\" src=\"https:\/\/ifdgomez-crr.infd.edu.ar\/sitio\/wp-content\/uploads\/2018\/06\/accept_1.png\" alt=\"accept\" border=\"0\" \/>Gestiona sus propias actividades<br \/>\nPara poder desarrollar plenamente su profesionalidad, el t\u00e9cnico tiene que poseer ciertas capacidades que resultan transversales a todas sus funciones y tienen que ser desarrolladas durante el transcurso de su formaci\u00f3n.<br \/>\n<img decoding=\"async\" title=\"accept\" src=\"https:\/\/ifdgomez-crr.infd.edu.ar\/sitio\/wp-content\/uploads\/2018\/06\/accept_1.png\" alt=\"accept\" border=\"0\" \/>Abstracci\u00f3n &#8211; Implica descartar o reducir detalles poco significativos de la informaci\u00f3n sobre un problema para concentrarse en pocos elementos por vez, lo que resulta en una reducci\u00f3n de la complejidad que permita conceptualizar de modo m\u00e1s simple un dominio de problemas para facilitar su comprensi\u00f3n y manejo en forma gen\u00e9rica de sus posibles soluciones.<br \/>\n<img decoding=\"async\" title=\"accept\" src=\"https:\/\/ifdgomez-crr.infd.edu.ar\/sitio\/wp-content\/uploads\/2018\/06\/accept_1.png\" alt=\"accept\" border=\"0\" \/>Autorregulaci\u00f3n &#8211; Implica manejarse respetando reglas y limitaciones, tanto expl\u00edcitas como impl\u00edcitas, sean \u00e9stas propias o del equipo de trabajo; actuar ateni\u00e9ndose a un orden propio que le facilite el acceso a lo que puede necesitar, reconocer y guardar; referenciar la informaci\u00f3n y registrarla de tal manera que le facilite acceder posteriormente en forma r\u00e1pida para evaluarla y recuperarla.<br \/>\n<img decoding=\"async\" title=\"accept\" src=\"https:\/\/ifdgomez-crr.infd.edu.ar\/sitio\/wp-content\/uploads\/2018\/06\/accept_1.png\" alt=\"accept\" border=\"0\" \/>Comunicaci\u00f3n apropiada &#8211; Implica una disposici\u00f3n a reconocer que existen otros que pueden aportar informaci\u00f3n \u00fatil o a quienes puede interesarle lo que hace. Supone reconocer su rol y el de cada integrante del proyecto, transmitir la informaci\u00f3n necesaria en forma precisa y en un lenguaje apropiado para el entendimiento mutuo en interacciones individuales o grupales, o en forma escrita, utilizando, si es necesario para ello, el idioma ingl\u00e9s, que debe interpretar con propiedad a nivel t\u00e9cnico.<br \/>\n<img decoding=\"async\" title=\"accept\" src=\"https:\/\/ifdgomez-crr.infd.edu.ar\/sitio\/wp-content\/uploads\/2018\/06\/accept_1.png\" alt=\"accept\" border=\"0\" \/>Trabajo en equipo &#8211; Implica adoptar una actitud abierta, estar dispuesto a compartir informaci\u00f3n y conocimientos, a tomar en cuenta a los usuarios del producto que est\u00e1 construyendo, a brindar, pedir y aceptar ayuda cuando \u00e9sta resulte necesaria para facilitar su propia labor o la de otro integrante del equipo. Comprende al equipo del proyecto, incluyendo a los usuarios que participan del mismo.<br \/>\n<img decoding=\"async\" title=\"accept\" src=\"https:\/\/ifdgomez-crr.infd.edu.ar\/sitio\/wp-content\/uploads\/2018\/06\/accept_1.png\" alt=\"accept\" border=\"0\" \/>Actitud de aprendizaje permanente &#8211; Implica aprender a capitalizar experiencias a partir de su propio trabajo, a tomar iniciativas para actualizar o profundizar sus conocimientos y habilidades, investigar fuentes de informaci\u00f3n o herramientas que le puedan ser \u00fatiles. Aplica metodolog\u00edas de investigaci\u00f3n y dedica tiempo a este fin.<br \/>\n<img decoding=\"async\" title=\"accept\" src=\"https:\/\/ifdgomez-crr.infd.edu.ar\/sitio\/wp-content\/uploads\/2018\/06\/accept_1.png\" alt=\"accept\" border=\"0\" \/>Actitud \u00e9tica &#8211; Implica el ejercicio profesional respetando principios \u00e9ticos y adecuaci\u00f3n al marco legal, como as\u00ed tambi\u00e9n conocer y aplicar la normativa legal vigente.<\/span><\/span><\/p>\n<p><span style=\"font-size: 12pt;\"><span style=\"text-decoration: underline; font-family: verdana, geneva; color: #000000;\"><strong style=\"font-family: Verdana, Arial, Helvetica, sans-serif; font-size: 12pt;\"><span style=\"font-family: verdana, geneva; font-size: 18pt; color: #008000;\"><strong style=\"font-family: verdana, geneva; font-size: 12pt; text-align: justify;\"><strong><img decoding=\"async\" loading=\"lazy\" class=\"alignleft\" src=\"https:\/\/ifdgomez-crr.infd.edu.ar\/sitio\/wp-content\/uploads\/2018\/06\/IEGauIOV3Nauimagen_incrustada1.png\" alt=\"Resultado de imagen para reloj\" width=\"28\" height=\"34\" border=\"0\" \/><\/strong><span style=\"color: #000000; text-decoration: underline;\">Duraci\u00f3n de la Carrera<\/span><br \/>\n<\/strong><\/span><\/strong><\/span><\/span><\/p>\n<p><span style=\"font-size: 12pt;\"><span style=\"text-decoration: underline; font-family: verdana, geneva; color: #000000;\"><strong style=\"font-family: Verdana, Arial, Helvetica, sans-serif; font-size: 12pt;\">Horario de cursado<\/strong><\/span><\/span><\/p>\n<p><span style=\"font-family: verdana, geneva; font-size: 12pt; text-align: justify;\"><span style=\"color: #000000;\">Turno noche.<\/span><\/span><\/p>\n<p><span style=\"font-size: 12pt;\"><span style=\"text-decoration: underline; font-family: verdana, geneva; color: #000000;\"><strong style=\"font-family: Verdana, Arial, Helvetica, sans-serif; font-size: 12pt;\">Cursos habilitados<\/strong><\/span><\/span><\/p>\n<p><span style=\"font-family: verdana, geneva; font-size: 12pt; text-align: justify;\"><span style=\"color: #000000;\">1\u00b0 a\u00f1o, 2\u00b0 a\u00f1o y 3\u00b0 a\u00f1o.<\/span><\/span><\/p>\n<p><span style=\"font-size: 12pt;\"><span style=\"text-decoration: underline; font-family: verdana, geneva; color: #000000;\"><strong style=\"font-family: Verdana, Arial, Helvetica, sans-serif; font-size: 12pt;\"><span style=\"text-decoration: underline; font-size: 12pt; color: #000000;\"><span style=\"font-family: verdana, geneva;\"><strong><img decoding=\"async\" loading=\"lazy\" class=\" wp-image-3292 alignleft\" src=\"https:\/\/ifdgomez-crr.infd.edu.ar\/sitio\/wp-content\/uploads\/2023\/04\/graduation-hat-with-diploma.png\" alt=\"\" width=\"38\" height=\"38\" srcset=\"https:\/\/ifdgomez-crr.infd.edu.ar\/sitio\/wp-content\/uploads\/2023\/04\/graduation-hat-with-diploma.png 512w, https:\/\/ifdgomez-crr.infd.edu.ar\/sitio\/wp-content\/uploads\/2023\/04\/graduation-hat-with-diploma-500x500.png 500w\" sizes=\"(max-width: 38px) 100vw, 38px\" \/><\/strong><\/span><\/span>Titulaci\u00f3n<\/strong><\/span><\/span><\/p>\n<p><span style=\"font-family: verdana, geneva; font-size: 12pt; text-align: justify;\"><span style=\"color: #000000;\">T\u00e9cnico\/a Superior en Desarrollo de Software.<\/span><\/span><\/p>\n<p><span style=\"font-size: 12pt;\"><span style=\"text-decoration: underline; font-family: verdana, geneva; color: #000000;\"><strong style=\"font-family: Verdana, Arial, Helvetica, sans-serif; font-size: 12pt;\"><span style=\"font-family: verdana, geneva; font-size: 12pt;\"><strong><span style=\"text-decoration: underline;\"><a href=\"http:\/\/www.dgescorrientes.net\/Res-1487-Inicial.pdf\"><img decoding=\"async\" loading=\"lazy\" class=\" wp-image-3296 alignleft\" src=\"https:\/\/ifdgomez-crr.infd.edu.ar\/sitio\/wp-content\/uploads\/2023\/04\/166088.png\" alt=\"\" width=\"38\" height=\"38\" srcset=\"https:\/\/ifdgomez-crr.infd.edu.ar\/sitio\/wp-content\/uploads\/2023\/04\/166088.png 512w, https:\/\/ifdgomez-crr.infd.edu.ar\/sitio\/wp-content\/uploads\/2023\/04\/166088-500x500.png 500w\" sizes=\"(max-width: 38px) 100vw, 38px\" \/><\/a><\/span><\/strong><\/span><a href=\"https:\/\/ifdgomez-crr.infd.edu.ar\/sitio\/wp-content\/uploads\/2023\/05\/DC-Tec-Software.pdf\">Dise\u00f1o Curricular<\/a><\/strong><\/span><\/span><\/p>\n","protected":false},"excerpt":{"rendered":"<p>Alcance del Perfil Profesional El T\u00e9cnico Superior en Desarrollo de Software estar\u00e1 capacitado para producir artefactos de software, lo que comprende su dise\u00f1o detallado, construcci\u00f3n -reutilizando elementos existentes o program\u00e1ndolos enteramente- y verificaci\u00f3n unitaria, as\u00ed como su depuraci\u00f3n, optimizaci\u00f3n y mantenimiento; desarrollando las actividades descriptas en el perfil profesional y cumpliendo con los criterios de &#8230; <a title=\"Tecnicatura Superior en Desarrollo de Software\" class=\"read-more\" href=\"https:\/\/ifdgomez-crr.infd.edu.ar\/sitio\/tecnicatura-superior-en-desarrollo-de-software-2\/\" aria-label=\"More on Tecnicatura Superior en Desarrollo de Software\">[+]<\/a><\/p>\n","protected":false},"author":1307,"featured_media":0,"parent":0,"menu_order":0,"comment_status":"closed","ping_status":"closed","template":"","meta":[],"acf":[],"_links":{"self":[{"href":"https:\/\/ifdgomez-crr.infd.edu.ar\/sitio\/wp-json\/wp\/v2\/pages\/3486"}],"collection":[{"href":"https:\/\/ifdgomez-crr.infd.edu.ar\/sitio\/wp-json\/wp\/v2\/pages"}],"about":[{"href":"https:\/\/ifdgomez-crr.infd.edu.ar\/sitio\/wp-json\/wp\/v2\/types\/page"}],"author":[{"embeddable":true,"href":"https:\/\/ifdgomez-crr.infd.edu.ar\/sitio\/wp-json\/wp\/v2\/users\/1307"}],"replies":[{"embeddable":true,"href":"https:\/\/ifdgomez-crr.infd.edu.ar\/sitio\/wp-json\/wp\/v2\/comments?post=3486"}],"version-history":[{"count":4,"href":"https:\/\/ifdgomez-crr.infd.edu.ar\/sitio\/wp-json\/wp\/v2\/pages\/3486\/revisions"}],"predecessor-version":[{"id":5138,"href":"https:\/\/ifdgomez-crr.infd.edu.ar\/sitio\/wp-json\/wp\/v2\/pages\/3486\/revisions\/5138"}],"wp:attachment":[{"href":"https:\/\/ifdgomez-crr.infd.edu.ar\/sitio\/wp-json\/wp\/v2\/media?parent=3486"}],"curies":[{"name":"wp","href":"https:\/\/api.w.org\/{rel}","templated":true}]}}