{"id":3499,"date":"2023-04-24T16:13:55","date_gmt":"2023-04-24T19:13:55","guid":{"rendered":"https:\/\/ifdgomez-crr.infd.edu.ar\/sitio\/?page_id=3499"},"modified":"2023-05-02T19:58:05","modified_gmt":"2023-05-02T22:58:05","slug":"tecnicatura-superior-en-obstetricia","status":"publish","type":"page","link":"https:\/\/ifdgomez-crr.infd.edu.ar\/sitio\/tecnicatura-superior-en-obstetricia\/","title":{"rendered":"Tecnicatura Superior en Obstetricia"},"content":{"rendered":"<p><span style=\"font-size: 12pt; color: #000000;\"><span style=\"text-decoration: underline; font-family: verdana, geneva;\"><strong style=\"font-family: Verdana, Arial, Helvetica, sans-serif; font-size: 12pt;\">Alcance del Perfil Profesional<\/strong><\/span><\/span><\/p>\n<p><span style=\"color: #000000;\"><span style=\"font-family: verdana, geneva; font-size: 12pt; text-align: justify;\">Los egresados en obstetricia son profesionales del \u00e1rea de salud habilitados para la promoci\u00f3n de la salud y la prevenci\u00f3n de la enfermedad, el control del embarazo con criterio de integridad, la preparaci\u00f3n para el parto mediante control prenatal, la ejercitaci\u00f3n psicof\u00edsica del preparto y la asistencia del parto, alumbramiento y puerperio de bajo riesgo. As\u00ed tambi\u00e9n la detecci\u00f3n temprana de patolog\u00edas y la derivaci\u00f3n oportuna.<\/span><\/span><br \/>\n<span style=\"font-family: verdana, geneva; font-size: 12pt; text-align: justify; color: #000000;\"><img decoding=\"async\" title=\"accept\" src=\"https:\/\/ifdgomez-crr.infd.edu.ar\/sitio\/wp-content\/uploads\/2018\/06\/accept_1.png\" alt=\"accept\" border=\"0\" \/>Diagn\u00f3stico, control y atenci\u00f3n del embarazo, parto y puerperio normal.<br \/>\n<img decoding=\"async\" title=\"accept\" src=\"https:\/\/ifdgomez-crr.infd.edu.ar\/sitio\/wp-content\/uploads\/2018\/06\/accept_1.png\" alt=\"accept\" border=\"0\" \/>Atenci\u00f3n del reci\u00e9n nacido normal.<br \/>\n<img decoding=\"async\" title=\"accept\" src=\"https:\/\/ifdgomez-crr.infd.edu.ar\/sitio\/wp-content\/uploads\/2018\/06\/accept_1.png\" alt=\"accept\" border=\"0\" \/>Docencia en su especialidad (salud sexual y procreaci\u00f3n responsable, puericultura, etc).<br \/>\n<img decoding=\"async\" title=\"accept\" src=\"https:\/\/ifdgomez-crr.infd.edu.ar\/sitio\/wp-content\/uploads\/2018\/06\/accept_1.png\" alt=\"accept\" border=\"0\" \/>Investigaci\u00f3n de temas relevantes para su profesi\u00f3n.<br \/>\n<img decoding=\"async\" title=\"accept\" src=\"https:\/\/ifdgomez-crr.infd.edu.ar\/sitio\/wp-content\/uploads\/2018\/06\/accept_1.png\" alt=\"accept\" border=\"0\" \/>Uso de tecnolog\u00eda adecuada al proceso de gestaci\u00f3n normal.<br \/>\n<img decoding=\"async\" title=\"accept\" src=\"https:\/\/ifdgomez-crr.infd.edu.ar\/sitio\/wp-content\/uploads\/2018\/06\/accept_1.png\" alt=\"accept\" border=\"0\" \/>Dictado de cursos de Psicoprofilaxis.<br \/>\n<img decoding=\"async\" title=\"accept\" src=\"https:\/\/ifdgomez-crr.infd.edu.ar\/sitio\/wp-content\/uploads\/2018\/06\/accept_1.png\" alt=\"accept\" border=\"0\" \/>Organizaci\u00f3n y Gesti\u00f3n de los Servicios de Obstetricia.<br \/>\n<img decoding=\"async\" title=\"accept\" src=\"https:\/\/ifdgomez-crr.infd.edu.ar\/sitio\/wp-content\/uploads\/2018\/06\/accept_1.png\" alt=\"accept\" border=\"0\" \/>Intervenir en la atenci\u00f3n del parto, sus circunstancias previas y posteriores.<br \/>\n<img decoding=\"async\" title=\"accept\" src=\"https:\/\/ifdgomez-crr.infd.edu.ar\/sitio\/wp-content\/uploads\/2018\/06\/accept_1.png\" alt=\"accept\" border=\"0\" \/>Realizar controles de evoluci\u00f3n del embarazo, ejercitaci\u00f3n psicof\u00edsica, asistencia del alumbramiento y puerperio<br \/>\n<img decoding=\"async\" title=\"accept\" src=\"https:\/\/ifdgomez-crr.infd.edu.ar\/sitio\/wp-content\/uploads\/2018\/06\/accept_1.png\" alt=\"accept\" border=\"0\" \/>Detectar cualquier indicio de anomal\u00edas y factores de riesgo en el embarazo.<br \/>\n<img decoding=\"async\" title=\"accept\" src=\"https:\/\/ifdgomez-crr.infd.edu.ar\/sitio\/wp-content\/uploads\/2018\/06\/accept_1.png\" alt=\"accept\" border=\"0\" \/>Integrarse al equipo de salud<br \/>\n<img decoding=\"async\" title=\"accept\" src=\"https:\/\/ifdgomez-crr.infd.edu.ar\/sitio\/wp-content\/uploads\/2018\/06\/accept_1.png\" alt=\"accept\" border=\"0\" \/>Comprender la problem\u00e1tica global de la mujer embarazada y los factores que influyen en ella.<\/span><\/p>\n<p><span style=\"font-size: 12pt; color: #000000;\"><span style=\"text-decoration: underline; font-family: verdana, geneva;\"><strong style=\"font-family: Verdana, Arial, Helvetica, sans-serif; font-size: 12pt;\"><span style=\"font-family: verdana, geneva; font-size: 18pt;\"><strong style=\"font-family: verdana, geneva; font-size: 12pt; text-align: justify;\"><strong><img decoding=\"async\" loading=\"lazy\" class=\"alignleft\" src=\"https:\/\/ifdgomez-crr.infd.edu.ar\/sitio\/wp-content\/uploads\/2018\/06\/IEGauIOV3Nauimagen_incrustada1.png\" alt=\"Resultado de imagen para reloj\" width=\"28\" height=\"34\" border=\"0\" \/><\/strong>Duraci\u00f3n de la carrera<br \/>\n<\/strong><\/span><\/strong><\/span><\/span><\/p>\n<p><span style=\"font-family: verdana, geneva; font-size: 12pt; text-align: justify; color: #000000;\">1.848 hs reloj (2.464 horas c\u00e1tedra), a lo largo de 3 a\u00f1os de estudio.<\/span><\/p>\n<p><span style=\"font-size: 12pt; color: #000000;\"><span style=\"text-decoration: underline; font-family: verdana, geneva;\"><strong style=\"font-family: Verdana, Arial, Helvetica, sans-serif; font-size: 12pt;\">Horario de cursado<\/strong><\/span><\/span><\/p>\n<p><span style=\"font-family: verdana, geneva; font-size: 12pt; text-align: justify; color: #000000;\">Turno noche.<\/span><\/p>\n<p><span style=\"font-size: 12pt; color: #000000;\"><span style=\"text-decoration: underline; font-family: verdana, geneva;\"><strong style=\"font-family: Verdana, Arial, Helvetica, sans-serif; font-size: 12pt;\">Cursos habilitados<\/strong><\/span><\/span><\/p>\n<p><span style=\"font-family: verdana, geneva; font-size: 12pt; text-align: justify; color: #000000;\">3\u00b0 a\u00f1o.<\/span><\/p>\n<p><span style=\"font-size: 12pt; color: #000000;\"><span style=\"text-decoration: underline; font-family: verdana, geneva;\"><strong style=\"font-family: Verdana, Arial, Helvetica, sans-serif; font-size: 12pt;\"><span style=\"font-size: 12pt;\"><span style=\"font-family: verdana, geneva;\"><strong><img decoding=\"async\" loading=\"lazy\" class=\" wp-image-3292 alignleft\" src=\"https:\/\/ifdgomez-crr.infd.edu.ar\/sitio\/wp-content\/uploads\/2023\/04\/graduation-hat-with-diploma.png\" alt=\"\" width=\"38\" height=\"38\" srcset=\"https:\/\/ifdgomez-crr.infd.edu.ar\/sitio\/wp-content\/uploads\/2023\/04\/graduation-hat-with-diploma.png 512w, https:\/\/ifdgomez-crr.infd.edu.ar\/sitio\/wp-content\/uploads\/2023\/04\/graduation-hat-with-diploma-500x500.png 500w\" sizes=\"(max-width: 38px) 100vw, 38px\" \/><\/strong><\/span><\/span>Titulaci\u00f3n<\/strong><\/span><\/span><\/p>\n<p><span style=\"font-family: verdana, geneva; font-size: 12pt; text-align: justify; color: #000000;\">T\u00e9cnico Obst\u00e9trico.<\/span><\/p>\n<p><span style=\"font-size: 12pt; color: #000000;\"><span style=\"text-decoration: underline; font-family: verdana, geneva;\"><strong style=\"font-family: Verdana, Arial, Helvetica, sans-serif; font-size: 12pt;\"><span style=\"font-family: verdana, geneva; font-size: 12pt;\"><strong><a style=\"color: #000000; text-decoration: underline;\" href=\"http:\/\/www.dgescorrientes.net\/Res-1487-Inicial.pdf\"><img decoding=\"async\" loading=\"lazy\" class=\" wp-image-3296 alignleft\" src=\"https:\/\/ifdgomez-crr.infd.edu.ar\/sitio\/wp-content\/uploads\/2023\/04\/166088.png\" alt=\"\" width=\"38\" height=\"38\" srcset=\"https:\/\/ifdgomez-crr.infd.edu.ar\/sitio\/wp-content\/uploads\/2023\/04\/166088.png 512w, https:\/\/ifdgomez-crr.infd.edu.ar\/sitio\/wp-content\/uploads\/2023\/04\/166088-500x500.png 500w\" sizes=\"(max-width: 38px) 100vw, 38px\" \/><\/a><\/strong><\/span><a href=\"https:\/\/ifdgomez-crr.infd.edu.ar\/sitio\/wp-content\/uploads\/2023\/05\/DC-Tec-Obstetricia.pdf\">Dise\u00f1o Curricular<\/a><\/strong><\/span><\/span><\/p>\n","protected":false},"excerpt":{"rendered":"<p>Alcance del Perfil Profesional Los egresados en obstetricia son profesionales del \u00e1rea de salud habilitados para la promoci\u00f3n de la salud y la prevenci\u00f3n de la enfermedad, el control del embarazo con criterio de integridad, la preparaci\u00f3n para el parto mediante control prenatal, la ejercitaci\u00f3n psicof\u00edsica del preparto y la asistencia del parto, alumbramiento y &#8230; <a title=\"Tecnicatura Superior en Obstetricia\" class=\"read-more\" href=\"https:\/\/ifdgomez-crr.infd.edu.ar\/sitio\/tecnicatura-superior-en-obstetricia\/\" aria-label=\"More on Tecnicatura Superior en Obstetricia\">[+]<\/a><\/p>\n","protected":false},"author":1307,"featured_media":0,"parent":0,"menu_order":0,"comment_status":"closed","ping_status":"closed","template":"","meta":[],"acf":[],"_links":{"self":[{"href":"https:\/\/ifdgomez-crr.infd.edu.ar\/sitio\/wp-json\/wp\/v2\/pages\/3499"}],"collection":[{"href":"https:\/\/ifdgomez-crr.infd.edu.ar\/sitio\/wp-json\/wp\/v2\/pages"}],"about":[{"href":"https:\/\/ifdgomez-crr.infd.edu.ar\/sitio\/wp-json\/wp\/v2\/types\/page"}],"author":[{"embeddable":true,"href":"https:\/\/ifdgomez-crr.infd.edu.ar\/sitio\/wp-json\/wp\/v2\/users\/1307"}],"replies":[{"embeddable":true,"href":"https:\/\/ifdgomez-crr.infd.edu.ar\/sitio\/wp-json\/wp\/v2\/comments?post=3499"}],"version-history":[{"count":5,"href":"https:\/\/ifdgomez-crr.infd.edu.ar\/sitio\/wp-json\/wp\/v2\/pages\/3499\/revisions"}],"predecessor-version":[{"id":3589,"href":"https:\/\/ifdgomez-crr.infd.edu.ar\/sitio\/wp-json\/wp\/v2\/pages\/3499\/revisions\/3589"}],"wp:attachment":[{"href":"https:\/\/ifdgomez-crr.infd.edu.ar\/sitio\/wp-json\/wp\/v2\/media?parent=3499"}],"curies":[{"name":"wp","href":"https:\/\/api.w.org\/{rel}","templated":true}]}}