{"id":3532,"date":"2023-04-27T17:52:53","date_gmt":"2023-04-27T20:52:53","guid":{"rendered":"https:\/\/ifdgomez-crr.infd.edu.ar\/sitio\/?page_id=3532"},"modified":"2025-03-12T16:23:18","modified_gmt":"2025-03-12T19:23:18","slug":"matriculacion-e-inscripciones","status":"publish","type":"page","link":"https:\/\/ifdgomez-crr.infd.edu.ar\/sitio\/matriculacion-e-inscripciones\/","title":{"rendered":"Matriculaci\u00f3n e Inscripciones"},"content":{"rendered":"<p><strong>MATRICULACI\u00d3N:<\/strong><\/p>\n<p><strong>\u00bfQui\u00e9nes deben hacerlo?<\/strong>: Todos los estudiantes NO Ingresantes (2\u00b0 a\u00f1o en adelante y recursantes), que durante el ciclo lectivo deseen cursar y\/o rendir materias.<\/p>\n<p><img decoding=\"async\" loading=\"lazy\" class=\"\" src=\"https:\/\/s.w.org\/images\/core\/emoji\/14.0.0\/svg\/1f4cd.svg\" alt=\"&#x1f4cd;\" width=\"17\" height=\"17\" \/><strong>A tener en cuenta:<\/strong> aquellos estudiantes que ya no deben cursar y solo les quede rendir ex\u00e1menes finales deber\u00e1n MATRICULARSE, de lo contrario no podr\u00e1n inscribirse para rendir.<\/p>\n<p><strong>\u00bfC\u00f3mo lo hacen?<\/strong>: Ingresando a SIMA, desde el <a href=\"https:\/\/simaeducativa.mec.gob.ar\/modulo\/alumno\/?libres\">m\u00f3dulo ALUMNO<\/a>. Si no recuerda la contrase\u00f1a, el estudiante tiene la opci\u00f3n de recuperarlo en el m\u00f3dulo a trav\u00e9s de su e-mail.<\/p>\n<p><strong>\u00bfCu\u00e1ndo lo hacen?:<\/strong> en el mes de marzo (seg\u00fan calendario acad\u00e9mico).<\/p>\n<p><strong>READMISI\u00d3N:<\/strong><\/p>\n<p><strong>\u00bfQui\u00e9nes deben hacerlo?:<\/strong> Los estudiantes que quedaron LIBRES en la carrera, es decir, aquellos que no aprobaron un examen final o una materia promocional\u00a0en el \u00faltimo ciclo lectivo. Esto incluye las mesas de ex\u00e1menes del turno febrero-marzo.<\/p>\n<p><strong>\u00bfC\u00f3mo lo hacen?:<\/strong> Ingresando a SIMA, desde el <a href=\"https:\/\/simaeducativa.mec.gob.ar\/modulo\/alumno\/?libres\">m\u00f3dulo ALUMNO<\/a>. Si no recuerda la contrase\u00f1a, el estudiante tiene la opci\u00f3n de recuperarlo en el m\u00f3dulo a trav\u00e9s de su e-mail.<\/p>\n<p><strong>\u00bfCu\u00e1ndo lo hacen?:<\/strong> previo al per\u00edodo de matriculaci\u00f3n (seg\u00fan calendario acad\u00e9mico). Adem\u00e1s deber\u00e1 actualizar su legajo (consultar a su preceptor\/a)<\/p>\n<p><strong>INSCRIPCI\u00d3N A CURSADO:<\/strong><\/p>\n<p><strong>\u00bfQui\u00e9nes deben hacerlo?<\/strong><\/p>\n<p>-Materias del Primer Cuatrimestre y anuales: Todos los estudiantes NO Ingresantes (2\u00b0 a\u00f1o en adelante y recursantes), que deseen cursar materias.<\/p>\n<p><strong>\u00bfC\u00f3mo lo hacen?:<\/strong> Ingresando a SIMA, desde el <a href=\"https:\/\/simaeducativa.mec.gob.ar\/modulo\/alumno\/?libres\">m\u00f3dulo ALUMNO<\/a> deber\u00e1 seleccionar <strong>TODAS<\/strong> las materias a inscribirse y reci\u00e9n <strong>FINALIZAR<\/strong><\/p>\n<p><strong>\u00bfCu\u00e1ndo lo hacen?<\/strong>: en el mes de marzo (seg\u00fan calendario acad\u00e9mico).<\/p>\n<p>-Materias del Segundo Cuatrimestre: Todos los estudiantes, INCLU\u00cdDOS los ingresantes que deseen cursar materias.<\/p>\n<p><strong>\u00bfCu\u00e1ndo lo hacen?:<\/strong> en el mes de agosto (seg\u00fan calendario acad\u00e9mico).<\/p>\n<p><img decoding=\"async\" loading=\"lazy\" class=\"\" src=\"https:\/\/s.w.org\/images\/core\/emoji\/14.0.0\/svg\/1f4cd.svg\" alt=\"&#x1f4cd;\" width=\"17\" height=\"17\" \/>Pueden consultar en cualquier momento el estado de sus inscripciones en: SIMA&gt; m\u00f3dulo ALUMNO&gt; <strong>Inscripciones Realizadas y Constancias<\/strong><\/p>\n<p><strong>INSCRIPCI\u00d3N A EX\u00c1MENES FINALES:<\/strong><\/p>\n<p><strong>\u00bfC\u00f3mo lo hacen?:<\/strong> Ingresando a SIMA, desde el <a href=\"https:\/\/simaeducativa.mec.gob.ar\/modulo\/alumno\/?libres\">m\u00f3dulo ALUMNO<\/a><\/p>\n<p><strong>\u00bfCu\u00e1ndo deben hacerlo?:<\/strong> en las fechas de inscripci\u00f3n establecidas seg\u00fan <a href=\"https:\/\/ifdgomez-crr.infd.edu.ar\/sitio\/calendario-academico-2019\/\">calendario acad\u00e9mico.<\/a><\/p>\n<p><img decoding=\"async\" loading=\"lazy\" class=\"\" src=\"https:\/\/s.w.org\/images\/core\/emoji\/14.0.0\/svg\/1f4cd.svg\" alt=\"&#x1f4cd;\" width=\"17\" height=\"17\" \/>Los turnos febrero\/marzo y noviembre\/diciembre constan dos llamados. En \u00e9stos turnos primero \u00a0el estudiante debe ingresar al 1er llamado, seleccionar todas las materias que desee rendir y <strong>Finalizar.<\/strong>\u00a0Luego deber\u00e1 ingresar al 2do llamado, seleccionar las dem\u00e1s materias que va a rendir y\u00a0<strong>Finalizar<\/strong>\u00a0nuevamente.<\/p>\n<p><strong><img decoding=\"async\" loading=\"lazy\" class=\"\" src=\"https:\/\/s.w.org\/images\/core\/emoji\/14.0.0\/svg\/1f4cd.svg\" alt=\"&#x1f4cd;\" width=\"17\" height=\"17\" \/>Recomendaci\u00f3n:<\/strong> Evitar realizar inscripci\u00f3n ultimo d\u00eda\/ultimas horas. Se deber\u00e1 realizar dentro de los plazos establecidos.<\/p>\n<p><img decoding=\"async\" loading=\"lazy\" class=\"\" src=\"https:\/\/s.w.org\/images\/core\/emoji\/14.0.0\/svg\/1f4cd.svg\" alt=\"&#x1f4cd;\" width=\"17\" height=\"17\" \/>En el caso de que el estudiante decida no presentarse en un examen final en el que se haya inscripto, podr\u00e1 solicitar\u00a0<strong>48Hs antes de la mesa de examen\u00a0<\/strong>que se le borre de la mesa. La solicitud deber\u00e1 realizarla por <a href=\"https:\/\/ifdgomez-crr.infd.edu.ar\/sitio\/formularios-para-el-alumno\/\">nota<\/a> presentada en Secretar\u00eda Administrativa. No ser\u00e1 posible realizar cambios el d\u00eda de la mesa de examen.<\/p>\n<p><img decoding=\"async\" loading=\"lazy\" class=\"\" src=\"https:\/\/s.w.org\/images\/core\/emoji\/14.0.0\/svg\/1f4cd.svg\" alt=\"&#x1f4cd;\" width=\"17\" height=\"17\" \/>Pueden consultar en cualquier momento el estado de sus inscripciones en: SIMA&gt; m\u00f3dulo ALUMNO&gt; <strong>Inscripciones Realizadas y Constancias.<\/strong><\/p>\n","protected":false},"excerpt":{"rendered":"<p>MATRICULACI\u00d3N: \u00bfQui\u00e9nes deben hacerlo?: Todos los estudiantes NO Ingresantes (2\u00b0 a\u00f1o en adelante y recursantes), que durante el ciclo lectivo deseen cursar y\/o rendir materias. A tener en cuenta: aquellos estudiantes que ya no deben cursar y solo les quede rendir ex\u00e1menes finales deber\u00e1n MATRICULARSE, de lo contrario no podr\u00e1n inscribirse para rendir. \u00bfC\u00f3mo lo &#8230; <a title=\"Matriculaci\u00f3n e Inscripciones\" class=\"read-more\" href=\"https:\/\/ifdgomez-crr.infd.edu.ar\/sitio\/matriculacion-e-inscripciones\/\" aria-label=\"More on Matriculaci\u00f3n e Inscripciones\">[+]<\/a><\/p>\n","protected":false},"author":978,"featured_media":0,"parent":0,"menu_order":0,"comment_status":"closed","ping_status":"closed","template":"","meta":[],"acf":[],"_links":{"self":[{"href":"https:\/\/ifdgomez-crr.infd.edu.ar\/sitio\/wp-json\/wp\/v2\/pages\/3532"}],"collection":[{"href":"https:\/\/ifdgomez-crr.infd.edu.ar\/sitio\/wp-json\/wp\/v2\/pages"}],"about":[{"href":"https:\/\/ifdgomez-crr.infd.edu.ar\/sitio\/wp-json\/wp\/v2\/types\/page"}],"author":[{"embeddable":true,"href":"https:\/\/ifdgomez-crr.infd.edu.ar\/sitio\/wp-json\/wp\/v2\/users\/978"}],"replies":[{"embeddable":true,"href":"https:\/\/ifdgomez-crr.infd.edu.ar\/sitio\/wp-json\/wp\/v2\/comments?post=3532"}],"version-history":[{"count":8,"href":"https:\/\/ifdgomez-crr.infd.edu.ar\/sitio\/wp-json\/wp\/v2\/pages\/3532\/revisions"}],"predecessor-version":[{"id":4958,"href":"https:\/\/ifdgomez-crr.infd.edu.ar\/sitio\/wp-json\/wp\/v2\/pages\/3532\/revisions\/4958"}],"wp:attachment":[{"href":"https:\/\/ifdgomez-crr.infd.edu.ar\/sitio\/wp-json\/wp\/v2\/media?parent=3532"}],"curies":[{"name":"wp","href":"https:\/\/api.w.org\/{rel}","templated":true}]}}