{"id":3541,"date":"2023-04-27T19:23:58","date_gmt":"2023-04-27T22:23:58","guid":{"rendered":"https:\/\/ifdgomez-crr.infd.edu.ar\/sitio\/?page_id=3541"},"modified":"2023-04-27T19:43:18","modified_gmt":"2023-04-27T22:43:18","slug":"becas","status":"publish","type":"page","link":"https:\/\/ifdgomez-crr.infd.edu.ar\/sitio\/becas\/","title":{"rendered":"Becas"},"content":{"rendered":"\n\n\n<p><strong>BECAS PROGRESAR:<\/strong><\/p>\n\n\n\n<p>Las inscripciones se realizan de manera\u00a0<strong><mark>ONLINE (SIN FORMULARIOS EN PAPEL)<\/mark><\/strong>\u00a0desde la plataforma <a href=\"https:\/\/becasprogresar.educacion.gob.ar\/inicio_nivel_superior.php\" data-type=\"URL\" data-id=\"https:\/\/becasprogresar.educacion.gob.ar\/inicio_nivel_superior.php\">Becas Progresar<\/a>.<\/p>\n\n\n\n<p> Antes de realizar la inscripci\u00f3n el estudiante debe\u00a0<strong>leer el reglamento de la Beca<\/strong>\u00a0a la que se postula y se sugiere\u00a0<strong>ver el video instructivo de inscripci\u00f3n<\/strong>. Es importante tener en cuenta que\u00a0 una vez finalizado el formulario de inscripci\u00f3n<strong>\u00a0no se podr\u00e1 modificar<\/strong>. La informaci\u00f3n proporcionada tiene car\u00e1cter de\u00a0<strong>declaraci\u00f3n jurada.<\/strong><a href=\"blob:https:\/\/ifdgomez-crr.infd.edu.ar\/5fe2814f-c477-4759-9d78-d533e976bcb6\"><\/a><\/p>\n\n\n\n<ul>\n<li><a href=\"https:\/\/ifdgomez-crr.infd.edu.ar\/sitio\/wp-content\/uploads\/2023\/03\/IF-2023-21086191-APN-DNBYDEME_SUPERIOR-1.pdf\">Reglamento de Becas Progresar<\/a><\/li>\n\n\n\n<li><a href=\"https:\/\/ifdgomez-crr.infd.edu.ar\/sitio\/wp-content\/uploads\/2023\/03\/IF-2023-20670862-APN-DNBYDEME_ENFERMERIA.pdf\">Reglamento de Becas Progresar Enfermer\u00eda<\/a><\/li>\n\n\n\n<li><a href=\"https:\/\/www.youtube.com\/watch?v=_8bDWQdMa0Q\">Instructivo de Inscripci\u00f3n<\/a><\/li>\n\n\n\n<li><a href=\"https:\/\/www.argentina.gob.ar\/educacion\/progresar\/preguntas-frecuentes-progresar\/educacion-superior-faq\">Preguntas Frecuentes<\/a><\/li>\n\n\n\n<li><a href=\"https:\/\/youtu.be\/S1ZRVqYGN7w\">Recuperaci\u00f3n de Clave<\/a><\/li>\n<\/ul>\n\n\n\n<p>Los resultados estar\u00e1n disponibles dentro de los 60 d\u00edas h\u00e1biles posteriores al cierre de la convocatoria. En el caso que la postulaci\u00f3n resulte rechazada podr\u00e1 efectuar el reclamo en el caso que corresponda en la plataforma oficial de progresar.<\/p>\n\n\n\n<p>El aspirante de progresar EDUCACI\u00d3N SUPERIOR ser\u00e1 responsable de hacer seguimiento y consulta acerca del resultado de la inscripci\u00f3n y posterior evaluaci\u00f3n en la plataforma de progresar. El postulante que no fuera adjudicado podr\u00e1 acceder a la misma plataforma con su clave para identificar la causal de denegaci\u00f3n de la misma.<\/p>\n\n\n\n<p>Por dudas sobre la inscripci\u00f3n pueden acercarse de lunes a jueves 16.00 a 19.00 Hs al instituto -Coordinadora Institucional de Pol\u00edticas Estudiantiles Virginia Denis Mansilla y Faviana Almir\u00f3n.<\/p>\n","protected":false},"excerpt":{"rendered":"<p>BECAS PROGRESAR: Las inscripciones se realizan de manera\u00a0ONLINE (SIN FORMULARIOS EN PAPEL)\u00a0desde la plataforma Becas Progresar. Antes de realizar la inscripci\u00f3n el estudiante debe\u00a0leer el reglamento de la Beca\u00a0a la que se postula y se sugiere\u00a0ver el video instructivo de inscripci\u00f3n. Es importante tener en cuenta que\u00a0 una vez finalizado el formulario de inscripci\u00f3n\u00a0no se &#8230; <a title=\"Becas\" class=\"read-more\" href=\"https:\/\/ifdgomez-crr.infd.edu.ar\/sitio\/becas\/\" aria-label=\"More on Becas\">[+]<\/a><\/p>\n","protected":false},"author":978,"featured_media":0,"parent":0,"menu_order":0,"comment_status":"closed","ping_status":"closed","template":"","meta":[],"acf":[],"_links":{"self":[{"href":"https:\/\/ifdgomez-crr.infd.edu.ar\/sitio\/wp-json\/wp\/v2\/pages\/3541"}],"collection":[{"href":"https:\/\/ifdgomez-crr.infd.edu.ar\/sitio\/wp-json\/wp\/v2\/pages"}],"about":[{"href":"https:\/\/ifdgomez-crr.infd.edu.ar\/sitio\/wp-json\/wp\/v2\/types\/page"}],"author":[{"embeddable":true,"href":"https:\/\/ifdgomez-crr.infd.edu.ar\/sitio\/wp-json\/wp\/v2\/users\/978"}],"replies":[{"embeddable":true,"href":"https:\/\/ifdgomez-crr.infd.edu.ar\/sitio\/wp-json\/wp\/v2\/comments?post=3541"}],"version-history":[{"count":2,"href":"https:\/\/ifdgomez-crr.infd.edu.ar\/sitio\/wp-json\/wp\/v2\/pages\/3541\/revisions"}],"predecessor-version":[{"id":3546,"href":"https:\/\/ifdgomez-crr.infd.edu.ar\/sitio\/wp-json\/wp\/v2\/pages\/3541\/revisions\/3546"}],"wp:attachment":[{"href":"https:\/\/ifdgomez-crr.infd.edu.ar\/sitio\/wp-json\/wp\/v2\/media?parent=3541"}],"curies":[{"name":"wp","href":"https:\/\/api.w.org\/{rel}","templated":true}]}}