{"id":3548,"date":"2023-04-27T20:29:13","date_gmt":"2023-04-27T23:29:13","guid":{"rendered":"https:\/\/ifdgomez-crr.infd.edu.ar\/sitio\/?page_id=3548"},"modified":"2025-09-04T15:12:20","modified_gmt":"2025-09-04T18:12:20","slug":"representacion-estudiantil","status":"publish","type":"page","link":"https:\/\/ifdgomez-crr.infd.edu.ar\/sitio\/representacion-estudiantil\/","title":{"rendered":"Representaci\u00f3n Estudiantil"},"content":{"rendered":"<p><img decoding=\"async\" loading=\"lazy\" class=\"\" src=\"https:\/\/s.w.org\/images\/core\/emoji\/14.0.0\/svg\/1f4cd.svg\" alt=\"&#x1f4cd;\" width=\"17\" height=\"17\" \/>Los estudiantes est\u00e1n representados por el <strong>Centro de Estudiantes<\/strong> y los <strong>Consejeros Estudiantiles <\/strong>y son electos a trav\u00e9s del voto de sus pares.<\/p>\n<p><img decoding=\"async\" loading=\"lazy\" class=\"\" src=\"https:\/\/s.w.org\/images\/core\/emoji\/14.0.0\/svg\/1f4cd.svg\" alt=\"&#x1f4cd;\" width=\"17\" height=\"17\" \/>El per\u00edodo de organizaci\u00f3n para la elecci\u00f3n del Centro de Estudiantes y los Consejeros estudiantiles es en el mes de septiembre y el per\u00edodo de elecciones es durante el mes de octubre.<\/p>\n<p><img decoding=\"async\" loading=\"lazy\" class=\"alignnone size-medium wp-image-3056\" src=\"https:\/\/ifdgomez-crr.infd.edu.ar\/sitio\/wp-content\/uploads\/2022\/09\/Elecciones-Centro-est.-consejero-707x1000.jpg\" alt=\"\" width=\"707\" height=\"1000\" srcset=\"https:\/\/ifdgomez-crr.infd.edu.ar\/sitio\/wp-content\/uploads\/2022\/09\/Elecciones-Centro-est.-consejero-707x1000.jpg 707w, https:\/\/ifdgomez-crr.infd.edu.ar\/sitio\/wp-content\/uploads\/2022\/09\/Elecciones-Centro-est.-consejero-1343x1900.jpg 1343w, https:\/\/ifdgomez-crr.infd.edu.ar\/sitio\/wp-content\/uploads\/2022\/09\/Elecciones-Centro-est.-consejero-768x1086.jpg 768w, https:\/\/ifdgomez-crr.infd.edu.ar\/sitio\/wp-content\/uploads\/2022\/09\/Elecciones-Centro-est.-consejero-1086x1536.jpg 1086w, https:\/\/ifdgomez-crr.infd.edu.ar\/sitio\/wp-content\/uploads\/2022\/09\/Elecciones-Centro-est.-consejero.jpg 1414w\" sizes=\"(max-width: 707px) 100vw, 707px\" \/><\/p>\n<p><img decoding=\"async\" loading=\"lazy\" class=\"\" src=\"https:\/\/s.w.org\/images\/core\/emoji\/14.0.0\/svg\/1f4cd.svg\" alt=\"&#x1f4cd;\" width=\"17\" height=\"17\" \/><a href=\"https:\/\/drive.google.com\/file\/d\/1c1-nb60R8MSBP5nNbu3WabWBr6JkgJVF\/view?usp=sharing\">Estatuto del Centro de Estudiantes<\/a><\/p>\n<p><a href=\"https:\/\/ifdgomez-crr.infd.edu.ar\/sitio\/wp-content\/uploads\/2025\/09\/Padron-2025.pdf\">&gt; Padr\u00f3n de ESTUDIANTES 2025<\/a><\/p>\n<p><a href=\"https:\/\/ifdgomez-crr.infd.edu.ar\/sitio\/wp-content\/uploads\/2023\/09\/Nota-postulacion_Consejero-Estudiantil.docx\">&gt;Modelo de nota Postulaci\u00f3n Consejero Estudiantil<\/a><\/p>\n<p><a href=\"https:\/\/ifdgomez-crr.infd.edu.ar\/sitio\/wp-content\/uploads\/2023\/09\/Nota-Postulacion-de-Lista_Centro-de-Estudiantes.docx\">&gt;Modelo de nota Presentaci\u00f3n Lista Centro de Estudiantes<\/a><\/p>\n","protected":false},"excerpt":{"rendered":"<p>Los estudiantes est\u00e1n representados por el Centro de Estudiantes y los Consejeros Estudiantiles y son electos a trav\u00e9s del voto de sus pares. El per\u00edodo de organizaci\u00f3n para la elecci\u00f3n del Centro de Estudiantes y los Consejeros estudiantiles es en el mes de septiembre y el per\u00edodo de elecciones es durante el mes de octubre. &#8230; <a title=\"Representaci\u00f3n Estudiantil\" class=\"read-more\" href=\"https:\/\/ifdgomez-crr.infd.edu.ar\/sitio\/representacion-estudiantil\/\" aria-label=\"More on Representaci\u00f3n Estudiantil\">[+]<\/a><\/p>\n","protected":false},"author":978,"featured_media":0,"parent":0,"menu_order":0,"comment_status":"closed","ping_status":"closed","template":"","meta":[],"acf":[],"_links":{"self":[{"href":"https:\/\/ifdgomez-crr.infd.edu.ar\/sitio\/wp-json\/wp\/v2\/pages\/3548"}],"collection":[{"href":"https:\/\/ifdgomez-crr.infd.edu.ar\/sitio\/wp-json\/wp\/v2\/pages"}],"about":[{"href":"https:\/\/ifdgomez-crr.infd.edu.ar\/sitio\/wp-json\/wp\/v2\/types\/page"}],"author":[{"embeddable":true,"href":"https:\/\/ifdgomez-crr.infd.edu.ar\/sitio\/wp-json\/wp\/v2\/users\/978"}],"replies":[{"embeddable":true,"href":"https:\/\/ifdgomez-crr.infd.edu.ar\/sitio\/wp-json\/wp\/v2\/comments?post=3548"}],"version-history":[{"count":9,"href":"https:\/\/ifdgomez-crr.infd.edu.ar\/sitio\/wp-json\/wp\/v2\/pages\/3548\/revisions"}],"predecessor-version":[{"id":5333,"href":"https:\/\/ifdgomez-crr.infd.edu.ar\/sitio\/wp-json\/wp\/v2\/pages\/3548\/revisions\/5333"}],"wp:attachment":[{"href":"https:\/\/ifdgomez-crr.infd.edu.ar\/sitio\/wp-json\/wp\/v2\/media?parent=3548"}],"curies":[{"name":"wp","href":"https:\/\/api.w.org\/{rel}","templated":true}]}}