{"id":3552,"date":"2023-04-28T21:07:53","date_gmt":"2023-04-29T00:07:53","guid":{"rendered":"https:\/\/ifdgomez-crr.infd.edu.ar\/sitio\/?page_id=3552"},"modified":"2023-05-02T19:57:02","modified_gmt":"2023-05-02T22:57:02","slug":"tecnicatura-superior-en-gestion-de-la-produccion-agropecuaria","status":"publish","type":"page","link":"https:\/\/ifdgomez-crr.infd.edu.ar\/sitio\/tecnicatura-superior-en-gestion-de-la-produccion-agropecuaria\/","title":{"rendered":"Tecnicatura Superior en Gesti\u00f3n de la Producci\u00f3n Agropecuaria"},"content":{"rendered":"<p><span style=\"font-size: 12pt; color: #000000;\"><span style=\"text-decoration: underline; font-family: verdana, geneva;\"><strong style=\"font-family: Verdana, Arial, Helvetica, sans-serif; font-size: 12pt;\">Alcance del Perfil Profesional<\/strong><\/span><\/span><\/p>\n<p><span style=\"font-family: verdana, geneva; font-size: 12pt; text-align: justify;\"><span style=\"color: #000000;\">El T\u00e9cnico Superior en Gesti\u00f3n de la Producci\u00f3n Agropecuaria est\u00e1 capacitado para:<br \/>\n<img decoding=\"async\" title=\"accept\" src=\"https:\/\/ifdgomez-crr.infd.edu.ar\/sitio\/wp-content\/uploads\/2018\/06\/accept_1.png\" alt=\"accept\" border=\"0\" \/>Aplicar y transferir conocimientos, habilidades, destrezas, valores y actitudes en situaciones reales de trabajo, conforme a criterios de profesionalidad propios de su \u00e1rea.<br \/>\n<img decoding=\"async\" title=\"accept\" src=\"https:\/\/ifdgomez-crr.infd.edu.ar\/sitio\/wp-content\/uploads\/2018\/06\/accept_1.png\" alt=\"accept\" border=\"0\" \/>Propiciar el desarrollo local, teniendo en cuenta el cuidado del medio ambiente y el uso y preservaci\u00f3n de los recursos naturales bajo un concepto de sustentabilidad, as\u00ed como criterios de calidad, productividad y seguridad en la producci\u00f3n agropecuaria.<br \/>\n<img decoding=\"async\" title=\"accept\" src=\"https:\/\/ifdgomez-crr.infd.edu.ar\/sitio\/wp-content\/uploads\/2018\/06\/accept_1.png\" alt=\"accept\" border=\"0\" \/>Gestionar y organizar la empresa agropecuaria considerando el contexto socioecon\u00f3mico y productivo en que est\u00e1 inserta con criterios de equidad, responsabilidad social y sustentabilidad.<br \/>\n<img decoding=\"async\" title=\"accept\" src=\"https:\/\/ifdgomez-crr.infd.edu.ar\/sitio\/wp-content\/uploads\/2018\/06\/accept_1.png\" alt=\"accept\" border=\"0\" \/>Participar, promover y valorar procesos tendientes al desarrollo sustentable del territorio y su sistema agroproductivo.<br \/>\n<img decoding=\"async\" title=\"accept\" src=\"https:\/\/ifdgomez-crr.infd.edu.ar\/sitio\/wp-content\/uploads\/2018\/06\/accept_1.png\" alt=\"accept\" border=\"0\" \/>Gestionar la comercializaci\u00f3n de los productos y\/o servicios agropecuarios.<br \/>\n<img decoding=\"async\" title=\"accept\" src=\"https:\/\/ifdgomez-crr.infd.edu.ar\/sitio\/wp-content\/uploads\/2018\/06\/accept_1.png\" alt=\"accept\" border=\"0\" \/>Organizar, controlar y efectuar el uso y funcionamiento, el mantenimiento y la reparaci\u00f3n b\u00e1sica de las instalaciones, maquinarias, equipos e implementos de uso agropecuario.<br \/>\n<img decoding=\"async\" title=\"accept\" src=\"https:\/\/ifdgomez-crr.infd.edu.ar\/sitio\/wp-content\/uploads\/2018\/06\/accept_1.png\" alt=\"accept\" border=\"0\" \/>Planificar, organizar, ejecutar y supervisar los diferentes procesos de producci\u00f3n del sistema agroproductivo bajo un criterio de sustentabilidad.<br \/>\n<img decoding=\"async\" title=\"accept\" src=\"https:\/\/ifdgomez-crr.infd.edu.ar\/sitio\/wp-content\/uploads\/2018\/06\/accept_1.png\" alt=\"accept\" border=\"0\" \/>Planificar, organizar, ejecutar y supervisar el sistema de producci\u00f3n vegetal.<br \/>\n<img decoding=\"async\" title=\"accept\" src=\"https:\/\/ifdgomez-crr.infd.edu.ar\/sitio\/wp-content\/uploads\/2018\/06\/accept_1.png\" alt=\"accept\" border=\"0\" \/>Planificar, organizar, ejecutar y supervisar el sistema de producci\u00f3n animal.<\/span><\/span><\/p>\n<p><span style=\"font-size: 12pt; color: #000000;\"><span style=\"text-decoration: underline; font-family: verdana, geneva;\"><strong style=\"font-family: Verdana, Arial, Helvetica, sans-serif; font-size: 12pt;\"><span style=\"font-family: verdana, geneva; font-size: 18pt;\"><strong style=\"font-family: verdana, geneva; font-size: 12pt; text-align: justify;\"><strong><img decoding=\"async\" loading=\"lazy\" class=\"alignleft\" src=\"https:\/\/ifdgomez-crr.infd.edu.ar\/sitio\/wp-content\/uploads\/2018\/06\/IEGauIOV3Nauimagen_incrustada1.png\" alt=\"Resultado de imagen para reloj\" width=\"28\" height=\"34\" border=\"0\" \/><\/strong>Duraci\u00f3n de la carrera<br \/>\n<\/strong><\/span><\/strong><\/span><\/span><\/p>\n<p><span style=\"font-family: verdana, geneva; font-size: 12pt; text-align: justify; color: #000000;\">1.963 hs reloj (2.944 horas c\u00e1tedra), a lo largo de 3 a\u00f1os de estudio.<\/span><\/p>\n<p><span style=\"font-size: 12pt; color: #000000;\"><span style=\"text-decoration: underline; font-family: verdana, geneva;\"><strong style=\"font-family: Verdana, Arial, Helvetica, sans-serif; font-size: 12pt;\">Horario de cursado<\/strong><\/span><\/span><\/p>\n<p><span style=\"font-family: verdana, geneva; font-size: 12pt; text-align: justify; color: #000000;\">Turno noche.<\/span><\/p>\n<p><span style=\"font-size: 12pt; color: #000000;\"><span style=\"text-decoration: underline; font-family: verdana, geneva;\"><strong style=\"font-family: Verdana, Arial, Helvetica, sans-serif; font-size: 12pt;\">Cursos habilitados<\/strong><\/span><\/span><\/p>\n<p><span style=\"font-family: verdana, geneva; font-size: 12pt; text-align: justify; color: #000000;\">1\u00b0 a\u00f1o.<\/span><\/p>\n<p><span style=\"font-size: 12pt; color: #000000;\"><span style=\"text-decoration: underline; font-family: verdana, geneva;\"><strong style=\"font-family: Verdana, Arial, Helvetica, sans-serif; font-size: 12pt;\"><span style=\"font-size: 12pt;\"><span style=\"font-family: verdana, geneva;\"><strong><img decoding=\"async\" loading=\"lazy\" class=\" wp-image-3292 alignleft\" src=\"https:\/\/ifdgomez-crr.infd.edu.ar\/sitio\/wp-content\/uploads\/2023\/04\/graduation-hat-with-diploma.png\" alt=\"\" width=\"38\" height=\"38\" srcset=\"https:\/\/ifdgomez-crr.infd.edu.ar\/sitio\/wp-content\/uploads\/2023\/04\/graduation-hat-with-diploma.png 512w, https:\/\/ifdgomez-crr.infd.edu.ar\/sitio\/wp-content\/uploads\/2023\/04\/graduation-hat-with-diploma-500x500.png 500w\" sizes=\"(max-width: 38px) 100vw, 38px\" \/><\/strong><\/span><\/span>Titulaci\u00f3n<\/strong><\/span><\/span><\/p>\n<p><span style=\"font-family: verdana, geneva; font-size: 12pt; text-align: justify; color: #000000;\">T\u00e9cnico Superior en Gesti\u00f3n de la Producci\u00f3n Agropecuaria.<\/span><\/p>\n<p><span style=\"font-size: 12pt; color: #000000;\"><span style=\"text-decoration: underline; font-family: verdana, geneva;\"><strong style=\"font-family: Verdana, Arial, Helvetica, sans-serif; font-size: 12pt;\"><span style=\"font-family: verdana, geneva; font-size: 12pt;\"><strong><a style=\"color: #000000; text-decoration: underline;\" href=\"http:\/\/www.dgescorrientes.net\/Res-1487-Inicial.pdf\"><img decoding=\"async\" loading=\"lazy\" class=\" wp-image-3296 alignleft\" src=\"https:\/\/ifdgomez-crr.infd.edu.ar\/sitio\/wp-content\/uploads\/2023\/04\/166088.png\" alt=\"\" width=\"38\" height=\"38\" srcset=\"https:\/\/ifdgomez-crr.infd.edu.ar\/sitio\/wp-content\/uploads\/2023\/04\/166088.png 512w, https:\/\/ifdgomez-crr.infd.edu.ar\/sitio\/wp-content\/uploads\/2023\/04\/166088-500x500.png 500w\" sizes=\"(max-width: 38px) 100vw, 38px\" \/><\/a><\/strong><\/span><a href=\"https:\/\/ifdgomez-crr.infd.edu.ar\/sitio\/wp-content\/uploads\/2023\/05\/DISENO-GESTION-AGROPECUARIA.pdf\">Dise\u00f1o Curricular<\/a><\/strong><\/span><\/span><\/p>\n","protected":false},"excerpt":{"rendered":"<p>Alcance del Perfil Profesional El T\u00e9cnico Superior en Gesti\u00f3n de la Producci\u00f3n Agropecuaria est\u00e1 capacitado para: Aplicar y transferir conocimientos, habilidades, destrezas, valores y actitudes en situaciones reales de trabajo, conforme a criterios de profesionalidad propios de su \u00e1rea. Propiciar el desarrollo local, teniendo en cuenta el cuidado del medio ambiente y el uso y &#8230; <a title=\"Tecnicatura Superior en Gesti\u00f3n de la Producci\u00f3n Agropecuaria\" class=\"read-more\" href=\"https:\/\/ifdgomez-crr.infd.edu.ar\/sitio\/tecnicatura-superior-en-gestion-de-la-produccion-agropecuaria\/\" aria-label=\"More on Tecnicatura Superior en Gesti\u00f3n de la Producci\u00f3n Agropecuaria\">[+]<\/a><\/p>\n","protected":false},"author":1307,"featured_media":0,"parent":0,"menu_order":0,"comment_status":"closed","ping_status":"closed","template":"","meta":[],"acf":[],"_links":{"self":[{"href":"https:\/\/ifdgomez-crr.infd.edu.ar\/sitio\/wp-json\/wp\/v2\/pages\/3552"}],"collection":[{"href":"https:\/\/ifdgomez-crr.infd.edu.ar\/sitio\/wp-json\/wp\/v2\/pages"}],"about":[{"href":"https:\/\/ifdgomez-crr.infd.edu.ar\/sitio\/wp-json\/wp\/v2\/types\/page"}],"author":[{"embeddable":true,"href":"https:\/\/ifdgomez-crr.infd.edu.ar\/sitio\/wp-json\/wp\/v2\/users\/1307"}],"replies":[{"embeddable":true,"href":"https:\/\/ifdgomez-crr.infd.edu.ar\/sitio\/wp-json\/wp\/v2\/comments?post=3552"}],"version-history":[{"count":2,"href":"https:\/\/ifdgomez-crr.infd.edu.ar\/sitio\/wp-json\/wp\/v2\/pages\/3552\/revisions"}],"predecessor-version":[{"id":3587,"href":"https:\/\/ifdgomez-crr.infd.edu.ar\/sitio\/wp-json\/wp\/v2\/pages\/3552\/revisions\/3587"}],"wp:attachment":[{"href":"https:\/\/ifdgomez-crr.infd.edu.ar\/sitio\/wp-json\/wp\/v2\/media?parent=3552"}],"curies":[{"name":"wp","href":"https:\/\/api.w.org\/{rel}","templated":true}]}}