{"id":4226,"date":"2024-03-08T18:01:12","date_gmt":"2024-03-08T21:01:12","guid":{"rendered":"https:\/\/ifdgomez-crr.infd.edu.ar\/sitio\/?page_id=4226"},"modified":"2024-03-08T18:06:26","modified_gmt":"2024-03-08T21:06:26","slug":"licencias-medicas","status":"publish","type":"page","link":"https:\/\/ifdgomez-crr.infd.edu.ar\/sitio\/licencias-medicas\/","title":{"rendered":"Licencias M\u00e9dicas"},"content":{"rendered":"\n<p>El sistema se opera a trav\u00e9s de la <a rel=\"noreferrer noopener\" href=\"https:\/\/recibodigital.corrientes.gob.ar\/users\/sign_in\" target=\"_blank\">https:\/\/recibodigital.corrientes.gob.ar\/<\/a>, que dispone el agente de la administraci\u00f3n p\u00fablica provincial en la p\u00e1gina web del Gobierno de Corrientes.<\/p>\n\n\n\n<p><strong>Los pasos<\/strong>:<\/p>\n\n\n\n<p>1 &#8211; Una vez cumplida por el agente la obligaci\u00f3n de dar aviso al lugar de trabajo de acuerdo con el r\u00e9gimen estatutario que le resulte aplicable, y luego de obtener el correspondiente certificado del m\u00e9dico tratante, el agente deber\u00e1 gestionar la solicitud del turno virtual a trav\u00e9s de la p\u00e1gina del <a rel=\"noreferrer noopener\" href=\"https:\/\/recibodigital.corrientes.gob.ar\/users\/sign_in\" data-type=\"URL\" data-id=\"https:\/\/recibodigital.corrientes.gob.ar\/users\/sign_in\" target=\"_blank\">recibo de sueldo digital<\/a>, a la que ingresar\u00e1 con el usuario y contrase\u00f1a correspondiente al mismo; donde tendr\u00e1 que declarar un n\u00famero de tel\u00e9fono celular de contacto y la informaci\u00f3n relacionada con la licencia solicitada.<\/p>\n\n\n\n<p>2 &#8211; El agente debe tener en cuenta que, una vez solicitado el turno a trav\u00e9s del sistema de recibo digital, en adelante se le cursar\u00e1 una comunicaci\u00f3n al correo electr\u00f3nico vinculado con su usuario de dicho sistema, por lo tanto deber\u00e1 verificar frecuentemente su casilla de correo electr\u00f3nico, ya que se le informar\u00e1 si debe concurrir a realizar la constataci\u00f3n con el m\u00e9dico fiscal de su localidad, o si debe aguardar la comunicaci\u00f3n telef\u00f3nica del personal dependiente de la Subdirecci\u00f3n de Reconocimientos M\u00e9dicos.<\/p>\n\n\n\n<p>3 &#8211; Al momento de la comunicaci\u00f3n telef\u00f3nica deber\u00e1 aportar la documentaci\u00f3n m\u00e9dica que justifique la patolog\u00eda que padezca y el tiempo de reposo laboral solicitado, procediendo al env\u00edo de fotograf\u00edas y\/o archivos adjuntos de tales documentos. En esa oportunidad el m\u00e9dico fiscal determinar\u00e1 la necesidad o no de que el agente se presente para realizar una evaluaci\u00f3n m\u00e9dica de constataci\u00f3n en forma presencial.\u00a0<\/p>\n\n\n\n<p>4 &#8211; Finalizada la comunicaci\u00f3n telef\u00f3nica el agente recibir\u00e1 en su casilla de correo electr\u00f3nico declarado en su recibo digital y el Departamento de Personal correspondiente en el correo oficial, las diferentes actas que se generen respecto de la licencia solicitada y\/o el plazo en que deber\u00e1 cumplimentar los requerimientos que se le hagan a fin de culminar con el procedimiento de gesti\u00f3n de licencia. \u00a0<\/p>\n\n\n\n<p><strong>Importante<\/strong><\/p>\n\n\n\n<p>Toda gesti\u00f3n de atenci\u00f3n a trav\u00e9s de la modalidad online, ser\u00e1 respetando el circuito previamente establecido. Las l\u00edneas telef\u00f3nicas utilizadas por la Subdirecci\u00f3n de Reconocimientos M\u00e9dicos para la gesti\u00f3n de turnos online, no estar\u00e1n disponibles para futuras llamadas o env\u00edos de documentaci\u00f3n una vez cumplido el procedimiento antes mencionado.<\/p>\n\n\n\n<p>El presente procedimiento es aplicable \u00fanicamente a la gesti\u00f3n de Turnos Online para la Fiscalizaci\u00f3n M\u00e9dica Virtual por parte de la Subdirecci\u00f3n de Reconocimientos M\u00e9dicos y no modifica los procedimientos ni plazos establecidos por los diversos Reg\u00edmenes de Licencias.<\/p>\n\n\n\n<p class=\"has-text-align-center\">Click en el <a rel=\"noreferrer noopener\" href=\"https:\/\/drive.google.com\/file\/d\/12rMfCMIMkdTPxPZq9V8m3kcxeA3KLi-L\/view\" data-type=\"URL\" data-id=\"https:\/\/drive.google.com\/file\/d\/12rMfCMIMkdTPxPZq9V8m3kcxeA3KLi-L\/view\" target=\"_blank\"><strong>Instructivo<\/strong><\/a> para solicitar Licencias M\u00e9dicas<\/p>\n","protected":false},"excerpt":{"rendered":"<p>El sistema se opera a trav\u00e9s de la https:\/\/recibodigital.corrientes.gob.ar\/, que dispone el agente de la administraci\u00f3n p\u00fablica provincial en la p\u00e1gina web del Gobierno de Corrientes. Los pasos: 1 &#8211; Una vez cumplida por el agente la obligaci\u00f3n de dar aviso al lugar de trabajo de acuerdo con el r\u00e9gimen estatutario que le resulte aplicable, &#8230; <a title=\"Licencias M\u00e9dicas\" class=\"read-more\" href=\"https:\/\/ifdgomez-crr.infd.edu.ar\/sitio\/licencias-medicas\/\" aria-label=\"More on Licencias M\u00e9dicas\">[+]<\/a><\/p>\n","protected":false},"author":51,"featured_media":0,"parent":0,"menu_order":0,"comment_status":"closed","ping_status":"closed","template":"","meta":[],"acf":[],"_links":{"self":[{"href":"https:\/\/ifdgomez-crr.infd.edu.ar\/sitio\/wp-json\/wp\/v2\/pages\/4226"}],"collection":[{"href":"https:\/\/ifdgomez-crr.infd.edu.ar\/sitio\/wp-json\/wp\/v2\/pages"}],"about":[{"href":"https:\/\/ifdgomez-crr.infd.edu.ar\/sitio\/wp-json\/wp\/v2\/types\/page"}],"author":[{"embeddable":true,"href":"https:\/\/ifdgomez-crr.infd.edu.ar\/sitio\/wp-json\/wp\/v2\/users\/51"}],"replies":[{"embeddable":true,"href":"https:\/\/ifdgomez-crr.infd.edu.ar\/sitio\/wp-json\/wp\/v2\/comments?post=4226"}],"version-history":[{"count":2,"href":"https:\/\/ifdgomez-crr.infd.edu.ar\/sitio\/wp-json\/wp\/v2\/pages\/4226\/revisions"}],"predecessor-version":[{"id":4230,"href":"https:\/\/ifdgomez-crr.infd.edu.ar\/sitio\/wp-json\/wp\/v2\/pages\/4226\/revisions\/4230"}],"wp:attachment":[{"href":"https:\/\/ifdgomez-crr.infd.edu.ar\/sitio\/wp-json\/wp\/v2\/media?parent=4226"}],"curies":[{"name":"wp","href":"https:\/\/api.w.org\/{rel}","templated":true}]}}