{"id":5502,"date":"2025-11-03T22:13:19","date_gmt":"2025-11-04T01:13:19","guid":{"rendered":"https:\/\/ifdgomez-crr.infd.edu.ar\/sitio\/?page_id=5502"},"modified":"2025-11-03T22:14:40","modified_gmt":"2025-11-04T01:14:40","slug":"profesorado-de-artes-visuales","status":"publish","type":"page","link":"https:\/\/ifdgomez-crr.infd.edu.ar\/sitio\/profesorado-de-artes-visuales\/","title":{"rendered":"Profesorado de Artes Visuales"},"content":{"rendered":"\n<p><\/p>\n\n\n\n<p><strong>Objetivos<\/strong><\/p>\n\n\n<div><img decoding=\"async\" src=\"https:\/\/ifdgomez-crr.infd.edu.ar\/sitio\/wp-content\/uploads\/2018\/06\/accept_1.png\" alt=\"accept\" \/>\u00a0Contextualizar las intervenciones de ense\u00f1anza con el objeto de encontrar diferentes y mejores formas de apoyar los procesos democr\u00e1ticos de los aprendizajes de los alumnos y de las instituciones educativas y de las aulas para sus alumnos.<\/div>\n<div dir=\"auto\"><img decoding=\"async\" src=\"https:\/\/ifdgomez-crr.infd.edu.ar\/sitio\/wp-content\/uploads\/2018\/06\/accept_1.png\" alt=\"accept\" \/> Construir el rol profesional a trav\u00e9s del logro de autonom\u00eda y responsabilidad para la genuina toma personal de decisiones pedag\u00f3gicas como profesional de la ense\u00f1anza, ejerciendo autoridad reconocida y legitimada por el ejercicio de su rol docente.<\/div>\n<div dir=\"auto\"><img decoding=\"async\" src=\"https:\/\/ifdgomez-crr.infd.edu.ar\/sitio\/wp-content\/uploads\/2018\/06\/accept_1.png\" alt=\"accept\" \/>\u00a0Dominar los conocimientos a ense\u00f1ar y actualizarlos permanentemente para el mejor desempe\u00f1o.<\/div>\n<div dir=\"auto\"><img decoding=\"async\" src=\"https:\/\/ifdgomez-crr.infd.edu.ar\/sitio\/wp-content\/uploads\/2018\/06\/accept_1.png\" alt=\"accept\" \/> Realizar adecuaciones, producci\u00f3n y evaluaci\u00f3n de los contenidos curriculares, y reconocer el sentido productivo de los contenidos a ense\u00f1ar.<\/div>\n<div dir=\"auto\"><img decoding=\"async\" src=\"https:\/\/ifdgomez-crr.infd.edu.ar\/sitio\/wp-content\/uploads\/2018\/06\/accept_1.png\" alt=\"accept\" \/>\u00a0Ampliar su propio horizonte cultural m\u00e1s all\u00e1 de los contenidos culturales comprendidos en los planes y programas de ense\u00f1anza.<\/div>\n<div dir=\"auto\"><img decoding=\"async\" src=\"https:\/\/ifdgomez-crr.infd.edu.ar\/sitio\/wp-content\/uploads\/2018\/06\/accept_1.png\" alt=\"accept\" \/>\u00a0Conocer las caracter\u00edsticas y necesidades de aprendizaje de los alumnos de los distintos niveles y modalidades del sistema educativo, como base de su actuaci\u00f3n docente.<\/div>\n<div dir=\"auto\"><img decoding=\"async\" src=\"https:\/\/ifdgomez-crr.infd.edu.ar\/sitio\/wp-content\/uploads\/2018\/06\/accept_1.png\" alt=\"accept\" \/>\u00a0Involucrar activamente a los alumnos en sus aprendizajes con el objeto de promover el desarrollo de sujetos cr\u00edticos.<\/div>\n<div dir=\"auto\"><img decoding=\"async\" src=\"https:\/\/ifdgomez-crr.infd.edu.ar\/sitio\/wp-content\/uploads\/2018\/06\/accept_1.png\" alt=\"accept\" \/>Acompa\u00f1ar los procesos de aprendizaje de sus alumnos identificando los factores que lo potencian, promoviendo dichos procesos, para intensificar su intervenci\u00f3n pedag\u00f3gica con el objeto de que sus alumnos aprendan.<\/div>\n<div dir=\"auto\"><img decoding=\"async\" src=\"https:\/\/ifdgomez-crr.infd.edu.ar\/sitio\/wp-content\/uploads\/2018\/06\/accept_1.png\" alt=\"accept\" \/>Reconocer los procesos de construcci\u00f3n grupal, facilitando el aprendizaje individual.<\/div>\n<div dir=\"auto\"><img decoding=\"async\" src=\"https:\/\/ifdgomez-crr.infd.edu.ar\/sitio\/wp-content\/uploads\/2018\/06\/accept_1.png\" alt=\"accept\" \/>Reconocer, seleccionar y usar los recursos disponibles en la instituci\u00f3n para ser utilizados en la ense\u00f1anza.<\/div>\n<div dir=\"auto\"><img decoding=\"async\" src=\"https:\/\/ifdgomez-crr.infd.edu.ar\/sitio\/wp-content\/uploads\/2018\/06\/accept_1.png\" alt=\"accept\" \/>\u00a0Participar en el intercambio y comunicaci\u00f3n con las familias para retroalimentar su tarea.<\/div>\n<div dir=\"auto\"><img decoding=\"async\" src=\"https:\/\/ifdgomez-crr.infd.edu.ar\/sitio\/wp-content\/uploads\/2018\/06\/accept_1.png\" alt=\"accept\" \/>\u00a0Trabajar en equipo con otros docentes, elaborando proyectos compartidos que promuevan la mejora en la calidad educativa.<\/div>\n<div dir=\"auto\">\u00a0<\/div>\n<div dir=\"auto\">\n<p><strong>\u00a0<img decoding=\"async\" loading=\"lazy\" class=\"alignleft\" src=\"https:\/\/ifdgomez-crr.infd.edu.ar\/sitio\/wp-content\/uploads\/2018\/06\/IEGauIOV3Nauimagen_incrustada1.png\" alt=\"Resultado de imagen para reloj\" width=\"28\" height=\"34\" border=\"0\" \/>\u00a0\u00a0<\/strong><strong>Duraci\u00f3n de la Carrera<\/strong><\/p>\n<p>2.858 hs reloj (4.288 horas c\u00e1tedra), a lo largo de 4 a\u00f1os de estudio.<\/p>\n<p>Ocho semestres, que incluyen observaciones, pr\u00e1ctica profesional intensiva, talleres complementarios\u00a0 y ex\u00e1men final.<\/p>\n<p><strong>Horario de cursado:\u00a0<\/strong><\/p>\n<p>Turno noche<\/p>\n<p><strong>Cursos habilitados:<\/strong><\/p>\n<p>1\u00ba a\u00f1o<\/p>\n<p><strong><img decoding=\"async\" loading=\"lazy\" class=\" wp-image-3292 alignleft\" src=\"https:\/\/ifdgomez-crr.infd.edu.ar\/sitio\/wp-content\/uploads\/2023\/04\/graduation-hat-with-diploma.png\" sizes=\"(max-width: 38px) 100vw, 38px\" srcset=\"https:\/\/ifdgomez-crr.infd.edu.ar\/sitio\/wp-content\/uploads\/2023\/04\/graduation-hat-with-diploma.png 512w, https:\/\/ifdgomez-crr.infd.edu.ar\/sitio\/wp-content\/uploads\/2023\/04\/graduation-hat-with-diploma-500x500.png 500w\" alt=\"\" width=\"38\" height=\"38\" \/>Titulaci\u00f3n<\/strong><\/p>\n<p>Profesor\/a de Artes Visuales<\/p>\n<p>Con validez nacional y habilitante para ejercer la docencia en los niveles obligatorios de gesti\u00f3n p\u00fablica o privada.\u00a0<\/p>\n<p><strong><a href=\"http:\/\/dgescorrientes.net\/curriculares-pdf\/profesorado\/arte-visuales-rm.2616-2015.pdf\"><img decoding=\"async\" loading=\"lazy\" class=\" wp-image-3296 alignleft\" src=\"https:\/\/ifdgomez-crr.infd.edu.ar\/sitio\/wp-content\/uploads\/2023\/04\/166088.png\" sizes=\"(max-width: 38px) 100vw, 38px\" srcset=\"https:\/\/ifdgomez-crr.infd.edu.ar\/sitio\/wp-content\/uploads\/2023\/04\/166088.png 512w, https:\/\/ifdgomez-crr.infd.edu.ar\/sitio\/wp-content\/uploads\/2023\/04\/166088-500x500.png 500w\" alt=\"\" width=\"38\" height=\"38\" \/>Dise\u00f1o Curricular<\/a>\u00a0<\/strong>(Plan de Estudio en las p\u00e1ginas 25 y 26 del pdf)<\/p>\n<\/div>","protected":false},"excerpt":{"rendered":"<p>Objetivos \u00a0Contextualizar las intervenciones de ense\u00f1anza con el objeto de encontrar diferentes y mejores formas de apoyar los procesos democr\u00e1ticos de los aprendizajes de los alumnos y de las instituciones educativas y de las aulas para sus alumnos. Construir el rol profesional a trav\u00e9s del logro de autonom\u00eda y responsabilidad para la genuina toma personal &#8230; <a title=\"Profesorado de Artes Visuales\" class=\"read-more\" href=\"https:\/\/ifdgomez-crr.infd.edu.ar\/sitio\/profesorado-de-artes-visuales\/\" aria-label=\"More on Profesorado de Artes Visuales\">[+]<\/a><\/p>\n","protected":false},"author":9205,"featured_media":0,"parent":0,"menu_order":0,"comment_status":"closed","ping_status":"closed","template":"","meta":[],"acf":[],"_links":{"self":[{"href":"https:\/\/ifdgomez-crr.infd.edu.ar\/sitio\/wp-json\/wp\/v2\/pages\/5502"}],"collection":[{"href":"https:\/\/ifdgomez-crr.infd.edu.ar\/sitio\/wp-json\/wp\/v2\/pages"}],"about":[{"href":"https:\/\/ifdgomez-crr.infd.edu.ar\/sitio\/wp-json\/wp\/v2\/types\/page"}],"author":[{"embeddable":true,"href":"https:\/\/ifdgomez-crr.infd.edu.ar\/sitio\/wp-json\/wp\/v2\/users\/9205"}],"replies":[{"embeddable":true,"href":"https:\/\/ifdgomez-crr.infd.edu.ar\/sitio\/wp-json\/wp\/v2\/comments?post=5502"}],"version-history":[{"count":1,"href":"https:\/\/ifdgomez-crr.infd.edu.ar\/sitio\/wp-json\/wp\/v2\/pages\/5502\/revisions"}],"predecessor-version":[{"id":5503,"href":"https:\/\/ifdgomez-crr.infd.edu.ar\/sitio\/wp-json\/wp\/v2\/pages\/5502\/revisions\/5503"}],"wp:attachment":[{"href":"https:\/\/ifdgomez-crr.infd.edu.ar\/sitio\/wp-json\/wp\/v2\/media?parent=5502"}],"curies":[{"name":"wp","href":"https:\/\/api.w.org\/{rel}","templated":true}]}}