{"id":991,"date":"2018-06-29T19:55:42","date_gmt":"2018-06-29T22:55:42","guid":{"rendered":"https:\/\/ifdgomez-crr.infd.edu.ar\/sitio\/carreras-docentes\/"},"modified":"2025-11-03T22:16:22","modified_gmt":"2025-11-04T01:16:22","slug":"carreras-docentes","status":"publish","type":"page","link":"https:\/\/ifdgomez-crr.infd.edu.ar\/sitio\/carreras-docentes\/","title":{"rendered":"Carreras Docentes"},"content":{"rendered":"<table style=\"width: 600px; height: 658px;\" border=\"0\">\n<tbody>\n<tr>\n<td colspan=\"2\">\n<p style=\"text-align: center;\"><strong><span style=\"font-family: verdana, geneva; font-size: 12pt;\" data-mce-mark=\"1\">Nuestro Instituto cuenta con 9 (nueve) carreras de profesorados habilitadas para ingresantes:<\/span><\/strong><\/p>\n<\/td>\n<\/tr>\n<tr>\n<td style=\"width: 300px;\" scope=\"col\" valign=\"top\">\u00a0<span style=\"color: #000000;\"><img decoding=\"async\" style=\"font-family: verdana, geneva; font-size: 12pt;\" title=\"accept\" src=\"https:\/\/ifdgomez-crr.infd.edu.ar\/sitio\/wp-content\/uploads\/2018\/06\/accept_1.png\" alt=\"accept\" border=\"0\" \/><span style=\"font-size: 12pt; font-family: verdana, geneva;\" data-mce-mark=\"1\">Profesorado de <a href=\"https:\/\/ifdgomez-crr.infd.edu.ar\/sitio\/profesorado-de-ingles\/\">Ingl\u00e9s<\/a><\/span><\/span><\/p>\n<p><span style=\"font-size: 12pt; font-family: verdana, geneva; color: #000000;\" data-mce-mark=\"1\"><img decoding=\"async\" title=\"accept\" src=\"https:\/\/ifdgomez-crr.infd.edu.ar\/sitio\/wp-content\/uploads\/2018\/06\/accept_1.png\" alt=\"accept\" border=\"0\" \/>Profesorado de<a href=\"https:\/\/ifdgomez-crr.infd.edu.ar\/sitio\/profesorado-de-educacion-primaria\/\"> Educaci\u00f3n Primaria<\/a><\/span><\/p>\n<p><span style=\"font-size: 12pt; font-family: verdana, geneva; color: #000000;\" data-mce-mark=\"1\"><img decoding=\"async\" title=\"accept\" src=\"https:\/\/ifdgomez-crr.infd.edu.ar\/sitio\/wp-content\/uploads\/2018\/06\/accept_1.png\" alt=\"accept\" border=\"0\" \/>Profesorado de <a href=\"https:\/\/ifdgomez-crr.infd.edu.ar\/sitio\/profesorado-de-educacion-secundaria-en-biologia\/\">Educaci\u00f3n Secundaria en Biolog\u00eda<\/a><\/span><\/p>\n<p><span style=\"font-size: 12pt; font-family: verdana, geneva; color: #000000;\" data-mce-mark=\"1\"><img decoding=\"async\" title=\"accept\" src=\"https:\/\/ifdgomez-crr.infd.edu.ar\/sitio\/wp-content\/uploads\/2018\/06\/accept_1.png\" alt=\"accept\" border=\"0\" \/>Profesorado de <a href=\"https:\/\/ifdgomez-crr.infd.edu.ar\/sitio\/profesorado-de-educacion-secundaria-en-geografia\/\">Educaci\u00f3n Secundaria en Geograf\u00eda<\/a><\/span><\/p>\n<p><span style=\"color: #000000;\" data-wp-editing=\"1\"><img decoding=\"async\" class=\"alignnone\" style=\"font-family: verdana, geneva; font-size: 12pt;\" title=\"accept\" src=\"https:\/\/ifdgomez-crr.infd.edu.ar\/sitio\/wp-content\/uploads\/2018\/06\/accept_1.png\" alt=\"accept\" border=\"0\" \/> Profesorado de\u00a0<a href=\"https:\/\/ifdgomez-crr.infd.edu.ar\/sitio\/profesorado-de-artes-visuales\/\">Artes Visuales<\/a><\/span><\/td>\n<td style=\"width: 300px;\" scope=\"col\" valign=\"top\"><span style=\"font-size: 12pt; font-family: verdana, geneva;\">\u00a0<img decoding=\"async\" title=\"accept\" src=\"https:\/\/ifdgomez-crr.infd.edu.ar\/sitio\/wp-content\/uploads\/2018\/06\/accept_1.png\" alt=\"accept\" border=\"0\" \/><span style=\"color: #000000;\">Profesorado de <a href=\"https:\/\/ifdgomez-crr.infd.edu.ar\/sitio\/profesorado-de-educacion-secundaria-en-informatica\/\">Educaci\u00f3n Secundaria en Inform\u00e1tica<\/a><\/span><\/span><\/p>\n<p><span style=\"color: #000000;\"><img decoding=\"async\" style=\"font-family: verdana, geneva; font-size: 12pt;\" title=\"accept\" src=\"https:\/\/ifdgomez-crr.infd.edu.ar\/sitio\/wp-content\/uploads\/2018\/06\/accept_1.png\" alt=\"accept\" border=\"0\" \/><span style=\"font-size: 12pt; font-family: verdana, geneva;\">Profesorado de <a href=\"https:\/\/ifdgomez-crr.infd.edu.ar\/sitio\/profesorado-de-educacion-secundaria-en-matematica\/\">Educaci\u00f3n Secundaria en Matem\u00e1tica<\/a><\/span><\/span><\/p>\n<p><span style=\"font-size: 12pt; font-family: verdana, geneva; color: #000000;\"><img decoding=\"async\" title=\"accept\" src=\"https:\/\/ifdgomez-crr.infd.edu.ar\/sitio\/wp-content\/uploads\/2018\/06\/accept_1.png\" alt=\"accept\" border=\"0\" \/>Profesorado de <a href=\"https:\/\/ifdgomez-crr.infd.edu.ar\/sitio\/profesorado-de-educacion-secundaria-en-ciencias-de-la-administracion\/\">Educaci\u00f3n Secundaria en Ciencias de la Administraci\u00f3n<\/a><\/span><\/p>\n<p><span style=\"color: #000000;\" data-wp-editing=\"1\"><img decoding=\"async\" class=\"alignnone\" style=\"font-family: verdana, geneva; font-size: 12pt;\" title=\"accept\" src=\"https:\/\/ifdgomez-crr.infd.edu.ar\/sitio\/wp-content\/uploads\/2018\/06\/accept_1.png\" alt=\"accept\" border=\"0\" \/> Profesorado de <a href=\"https:\/\/ifdgomez-crr.infd.edu.ar\/sitio\/profesorado-de-educacion-especial-en-ciegos-y-disminuidos-visuales\/\" target=\"_blank\" rel=\"noopener\">Educaci\u00f3n Especial con Orientaci\u00f3n en Ciegos y Disminuidos Visuales<\/a><\/span><\/td>\n<\/tr>\n<\/tbody>\n<\/table>\n","protected":false},"excerpt":{"rendered":"<p>Nuestro Instituto cuenta con 9 (nueve) carreras de profesorados habilitadas para ingresantes: \u00a0Profesorado de Ingl\u00e9s Profesorado de Educaci\u00f3n Primaria Profesorado de Educaci\u00f3n Secundaria en Biolog\u00eda Profesorado de Educaci\u00f3n Secundaria en Geograf\u00eda Profesorado de\u00a0Artes Visuales \u00a0Profesorado de Educaci\u00f3n Secundaria en Inform\u00e1tica Profesorado de Educaci\u00f3n Secundaria en Matem\u00e1tica Profesorado de Educaci\u00f3n Secundaria en Ciencias de la Administraci\u00f3n &#8230; <a title=\"Carreras Docentes\" class=\"read-more\" href=\"https:\/\/ifdgomez-crr.infd.edu.ar\/sitio\/carreras-docentes\/\" aria-label=\"More on Carreras Docentes\">[+]<\/a><\/p>\n","protected":false},"author":748,"featured_media":0,"parent":0,"menu_order":0,"comment_status":"closed","ping_status":"closed","template":"","meta":[],"acf":[],"_links":{"self":[{"href":"https:\/\/ifdgomez-crr.infd.edu.ar\/sitio\/wp-json\/wp\/v2\/pages\/991"}],"collection":[{"href":"https:\/\/ifdgomez-crr.infd.edu.ar\/sitio\/wp-json\/wp\/v2\/pages"}],"about":[{"href":"https:\/\/ifdgomez-crr.infd.edu.ar\/sitio\/wp-json\/wp\/v2\/types\/page"}],"author":[{"embeddable":true,"href":"https:\/\/ifdgomez-crr.infd.edu.ar\/sitio\/wp-json\/wp\/v2\/users\/748"}],"replies":[{"embeddable":true,"href":"https:\/\/ifdgomez-crr.infd.edu.ar\/sitio\/wp-json\/wp\/v2\/comments?post=991"}],"version-history":[{"count":8,"href":"https:\/\/ifdgomez-crr.infd.edu.ar\/sitio\/wp-json\/wp\/v2\/pages\/991\/revisions"}],"predecessor-version":[{"id":5506,"href":"https:\/\/ifdgomez-crr.infd.edu.ar\/sitio\/wp-json\/wp\/v2\/pages\/991\/revisions\/5506"}],"wp:attachment":[{"href":"https:\/\/ifdgomez-crr.infd.edu.ar\/sitio\/wp-json\/wp\/v2\/media?parent=991"}],"curies":[{"name":"wp","href":"https:\/\/api.w.org\/{rel}","templated":true}]}}