{"id":993,"date":"2018-06-29T19:55:43","date_gmt":"2018-06-29T22:55:43","guid":{"rendered":"https:\/\/ifdgomez-crr.infd.edu.ar\/sitio\/carreras-tecnicas\/"},"modified":"2025-06-11T18:55:03","modified_gmt":"2025-06-11T21:55:03","slug":"carreras-tecnicas","status":"publish","type":"page","link":"https:\/\/ifdgomez-crr.infd.edu.ar\/sitio\/carreras-tecnicas\/","title":{"rendered":"Carreras T\u00e9cnicas"},"content":{"rendered":"<p style=\"text-align: justify;\">\n<table style=\"width: 586px; height: 595px;\" border=\"0\" align=\"center\">\n<tbody>\n<tr>\n<td colspan=\"2\">\n<p style=\"text-align: center;\"><strong><span style=\"font-family: verdana, geneva; font-size: 12pt; text-align: justify;\"><span style=\"color: #000000;\">Nuestro Instituto cuenta con 5 (cinco) carreras t\u00e9cnicas en 2023:<\/span><\/span><\/strong><\/p>\n<\/td>\n<\/tr>\n<tr>\n<td colspan=\"2\"><span style=\"font-size: 12pt; font-family: verdana, geneva;\"><img decoding=\"async\" title=\"accept\" src=\"https:\/\/ifdgomez-crr.infd.edu.ar\/sitio\/wp-content\/uploads\/2018\/06\/accept_1.png\" alt=\"accept\" border=\"0\" \/><span style=\"font-family: verdana, geneva; font-size: 12pt; text-align: justify;\"><span style=\"color: #000000;\">Tecnicatura Superior en <a href=\"https:\/\/ifdgomez-crr.infd.edu.ar\/sitio\/tecnicatura-superior-en-hoteleria\/\">Log\u00edstica<\/a><\/span><\/span><\/span><\/p>\n<p><span style=\"font-size: 12pt; font-family: verdana, geneva;\"><img decoding=\"async\" title=\"accept\" src=\"https:\/\/ifdgomez-crr.infd.edu.ar\/sitio\/wp-content\/uploads\/2018\/06\/accept_1.png\" alt=\"accept\" border=\"0\" \/><span style=\"font-family: verdana, geneva; font-size: 12pt; text-align: justify;\"><span style=\"color: #000000;\">Tecnicatura Superior en <a href=\"https:\/\/ifdgomez-crr.infd.edu.ar\/sitio\/tecnicatura-superior-en-enfermeria\/\">Enfermer\u00eda<\/a><\/span><\/span><\/span><\/p>\n<p><span style=\"font-size: 12pt; font-family: verdana, geneva;\"><img decoding=\"async\" title=\"accept\" src=\"https:\/\/ifdgomez-crr.infd.edu.ar\/sitio\/wp-content\/uploads\/2018\/06\/accept_1.png\" alt=\"accept\" border=\"0\" \/><span style=\"font-family: verdana, geneva; font-size: 12pt; text-align: justify;\"><span style=\"color: #000000;\">Tecnicatura Superior en <a href=\"https:\/\/ifdgomez-crr.infd.edu.ar\/sitio\/tecnicatura-superior-en-gastronomia\/\">Gastronom\u00eda<\/a><\/span><\/span><\/span><\/p>\n<p><span style=\"font-size: 12pt; font-family: verdana, geneva;\"><img decoding=\"async\" title=\"accept\" src=\"https:\/\/ifdgomez-crr.infd.edu.ar\/sitio\/wp-content\/uploads\/2018\/06\/accept_1.png\" alt=\"accept\" border=\"0\" \/><span style=\"font-family: verdana, geneva; font-size: 12pt; text-align: justify;\"><span style=\"color: #000000;\">Tecnicatura Superior en <a href=\"https:\/\/ifdgomez-crr.infd.edu.ar\/sitio\/tecnicatura-superior-en-desarrollo-de-software-2\/\">Desarrollo de Software<\/a><\/span><\/span><\/span><\/td>\n<\/tr>\n<\/tbody>\n<\/table>\n<p style=\"text-align: justify;\">\n","protected":false},"excerpt":{"rendered":"<p>Nuestro Instituto cuenta con 5 (cinco) carreras t\u00e9cnicas en 2023: Tecnicatura Superior en Log\u00edstica Tecnicatura Superior en Enfermer\u00eda Tecnicatura Superior en Gastronom\u00eda Tecnicatura Superior en Desarrollo de Software<\/p>\n","protected":false},"author":748,"featured_media":0,"parent":0,"menu_order":0,"comment_status":"closed","ping_status":"closed","template":"","meta":[],"acf":[],"_links":{"self":[{"href":"https:\/\/ifdgomez-crr.infd.edu.ar\/sitio\/wp-json\/wp\/v2\/pages\/993"}],"collection":[{"href":"https:\/\/ifdgomez-crr.infd.edu.ar\/sitio\/wp-json\/wp\/v2\/pages"}],"about":[{"href":"https:\/\/ifdgomez-crr.infd.edu.ar\/sitio\/wp-json\/wp\/v2\/types\/page"}],"author":[{"embeddable":true,"href":"https:\/\/ifdgomez-crr.infd.edu.ar\/sitio\/wp-json\/wp\/v2\/users\/748"}],"replies":[{"embeddable":true,"href":"https:\/\/ifdgomez-crr.infd.edu.ar\/sitio\/wp-json\/wp\/v2\/comments?post=993"}],"version-history":[{"count":4,"href":"https:\/\/ifdgomez-crr.infd.edu.ar\/sitio\/wp-json\/wp\/v2\/pages\/993\/revisions"}],"predecessor-version":[{"id":5139,"href":"https:\/\/ifdgomez-crr.infd.edu.ar\/sitio\/wp-json\/wp\/v2\/pages\/993\/revisions\/5139"}],"wp:attachment":[{"href":"https:\/\/ifdgomez-crr.infd.edu.ar\/sitio\/wp-json\/wp\/v2\/media?parent=993"}],"curies":[{"name":"wp","href":"https:\/\/api.w.org\/{rel}","templated":true}]}}